{"id":1333574,"date":"2020-10-16T11:36:27","date_gmt":"2020-10-16T09:36:27","guid":{"rendered":"https:\/\/laboklin.de\/leistungen\/infektionskrankheiten-erreger-und-antikoerpernachweise\/bakterien\/streptococcus-equi-druse-erreger\/streptococcus-equi-quantitativ-antikoerper\/"},"modified":"2025-03-06T13:04:28","modified_gmt":"2025-03-06T12:04:28","slug":"streptococcus-equi-antikoerper","status":"publish","type":"page","link":"https:\/\/laboklin.de\/de-at\/leistungen\/infektionskrankheiten-erreger-und-antikoerpernachweise\/bakterien\/streptococcus-equi-druse-erreger\/streptococcus-equi-antikoerper\/","title":{"rendered":"Streptococcus equi equi (Druse) &#8211; Antik\u00f6rper"},"content":{"rendered":"<h3 class=\"csc-firstHeader\">Streptococcus equi subsp. equi - Antik\u00f6rper<\/h3><p><span>LABOKLIN Leistungs-ID: 1295<\/span><\/p><table class=\"tx-laboklinleistung-table contenttable contenttable-2\" style=\"margin-top: 35px;\"><tr><td class=\"td-0\"><strong>Material<\/strong><\/td><td class=\"td-1\"><p class=\"bodytext\">Serum oder EDTA-Plasma oder Heparin-Plasma 0,5 ml<\/p><\/td><\/tr><tr><td class=\"td-0\"><strong>Methode<\/strong><\/td><td class=\"td-1\"><p class=\"bodytext\">ELISA <\/p><\/td><\/tr><tr><td class=\"td-0\"><strong>Dauer<\/strong><\/td><td class=\"td-1\"><p class=\"bodytext\">1 - 3 Tage<\/p><\/td><\/tr><tr><td class=\"td-0\"><strong>Anmerkung<\/strong><\/td><td class=\"td-1\"><p class=\"bodytext\"><ul><li>Detektion spezifischer Antik\u00f6rper gegen die A- und C-Oberfl\u00e4chenantigene von Streptococcus equi subsp. equi<\/li> <li> keine Kreuzreaktion mit Streptococcus subsp. zooepidemicus<\/li> <li>Identifizierung infizierter Pferde, einschlie\u00dflich asymptomatischer Tr\u00e4ger <\/li> <li> Detektion von Antik\u00f6rpern bei symptomatischen und asymptomatischen Pferden bereits 2 Wochen nach Infektion <\/li> <li> Nachweis einer Seropr\u00e4valenz exponierter Tiere im Rahmen des Seuchenmanagements <\/li> <li> Feststellung der Infektionsfreiheit f\u00fcr einzelne Tiere vor Transport oder Verkauf <\/li> <li> Die Titerh\u00f6he korreliert nicht mit der Protektivit\u00e4t der Antik\u00f6rper und auch nicht mit dem Impfschutz. <\/li><\/ul><\/p><\/td><\/tr><\/table>\n","protected":false},"excerpt":{"rendered":"<p>Streptococcus equi subsp. equi &#8211; Antik\u00f6rperLABOKLIN Leistungs-ID: 1295MaterialSerum oder EDTA-Plasma oder Heparin-Plasma 0,5 mlMethodeELISA Dauer1 &#8211; 3 TageAnmerkungDetektion spezifischer Antik\u00f6rper gegen die A- und C-Oberfl\u00e4chenantigene von Streptococcus equi subsp. equi keine Kreuzreaktion mit Streptococcus subsp. zooepidemicus Identifizierung infizierter Pferde, einschlie\u00dflich asymptomatischer Tr\u00e4ger Detektion von Antik\u00f6rpern bei symptomatischen und asymptomatischen Pferden bereits 2 Wochen nach Infektion&hellip;<\/p>\n","protected":false},"author":1,"featured_media":0,"parent":1333117,"menu_order":0,"comment_status":"closed","ping_status":"closed","template":"","meta":{"_seopress_robots_primary_cat":"","_seopress_titles_title":"","_seopress_titles_desc":"","_seopress_robots_index":"","footnotes":""},"class_list":["post-1333574","page","type-page","status-publish","hentry","description-off"],"_links":{"self":[{"href":"https:\/\/laboklin.de\/de-at\/wp-json\/wp\/v2\/pages\/1333574","targetHints":{"allow":["GET"]}}],"collection":[{"href":"https:\/\/laboklin.de\/de-at\/wp-json\/wp\/v2\/pages"}],"about":[{"href":"https:\/\/laboklin.de\/de-at\/wp-json\/wp\/v2\/types\/page"}],"author":[{"embeddable":true,"href":"https:\/\/laboklin.de\/de-at\/wp-json\/wp\/v2\/users\/1"}],"replies":[{"embeddable":true,"href":"https:\/\/laboklin.de\/de-at\/wp-json\/wp\/v2\/comments?post=1333574"}],"version-history":[{"count":4,"href":"https:\/\/laboklin.de\/de-at\/wp-json\/wp\/v2\/pages\/1333574\/revisions"}],"predecessor-version":[{"id":1512497,"href":"https:\/\/laboklin.de\/de-at\/wp-json\/wp\/v2\/pages\/1333574\/revisions\/1512497"}],"up":[{"embeddable":true,"href":"https:\/\/laboklin.de\/de-at\/wp-json\/wp\/v2\/pages\/1333117"}],"wp:attachment":[{"href":"https:\/\/laboklin.de\/de-at\/wp-json\/wp\/v2\/media?parent=1333574"}],"curies":[{"name":"wp","href":"https:\/\/api.w.org\/{rel}","templated":true}]}}