{"id":1333536,"date":"2020-10-16T11:36:27","date_gmt":"2020-10-16T09:36:27","guid":{"rendered":"https:\/\/laboklin.de\/leistungen\/infektionskrankheiten-erreger-und-antikoerpernachweise\/bakterien\/coxiella\/coxiella-burnetii-pcr\/"},"modified":"2025-02-03T09:15:34","modified_gmt":"2025-02-03T08:15:34","slug":"coxiella-burnetii-pcr","status":"publish","type":"page","link":"https:\/\/laboklin.de\/de-at\/leistungen\/infektionskrankheiten-erreger-und-antikoerpernachweise\/bakterien\/coxiella\/coxiella-burnetii-pcr\/","title":{"rendered":"Coxiella burnetii  &#8211; PCR"},"content":{"rendered":"<h3 class=\"csc-firstHeader\">Coxiella burnetii - PCR<\/h3><p><span>LABOKLIN Leistungs-ID: 8424<\/span><\/p><table class=\"tx-laboklinleistung-table contenttable contenttable-2\" style=\"margin-top: 35px;\"><tr><td class=\"td-0\"><strong>Material<\/strong><\/td><td class=\"td-1\"><p class=\"bodytext\">Abstrich ohne Medium (Reproduktionstrakt), Abortmaterial, Milch, Faeces, Harn\n<\/p><\/td><\/tr><tr><td class=\"td-0\"><strong>Methode<\/strong><\/td><td class=\"td-1\"><p class=\"bodytext\">realtime PCR<\/p><\/td><\/tr><tr><td class=\"td-0\"><strong>Dauer<\/strong><\/td><td class=\"td-1\"><p class=\"bodytext\">1 - 3 Tage<\/p><\/td><\/tr><tr><td class=\"td-0\"><strong>Anmerkung<\/strong><\/td><td class=\"td-1\"><p class=\"bodytext\"><ul><li>Da es sich um eine Zoonose handelt, ist eine Aufkl\u00e4rung des Besitzers und des Praxispersonals \u00fcber das Zoonoserisiko zu erw\u00e4gen.<\/li><li>Diese Leistung wird <strong>nicht<\/strong> in der Schweiz angeboten.<\/li><\/ul><\/p><\/td><\/tr><\/table>\n","protected":false},"excerpt":{"rendered":"<p>Coxiella burnetii &#8211; PCRLABOKLIN Leistungs-ID: 8424MaterialAbstrich ohne Medium (Reproduktionstrakt), Abortmaterial, Milch, Faeces, Harn Methoderealtime PCRDauer1 &#8211; 3 TageAnmerkungDa es sich um eine Zoonose handelt, ist eine Aufkl\u00e4rung des Besitzers und des Praxispersonals \u00fcber das Zoonoserisiko zu erw\u00e4gen.Diese Leistung wird nicht in der Schweiz angeboten.<\/p>\n","protected":false},"author":1,"featured_media":0,"parent":1333064,"menu_order":0,"comment_status":"closed","ping_status":"closed","template":"","meta":{"_seopress_robots_primary_cat":"","_seopress_titles_title":"","_seopress_titles_desc":"","_seopress_robots_index":"","footnotes":""},"class_list":["post-1333536","page","type-page","status-publish","hentry","description-off"],"_links":{"self":[{"href":"https:\/\/laboklin.de\/de-at\/wp-json\/wp\/v2\/pages\/1333536","targetHints":{"allow":["GET"]}}],"collection":[{"href":"https:\/\/laboklin.de\/de-at\/wp-json\/wp\/v2\/pages"}],"about":[{"href":"https:\/\/laboklin.de\/de-at\/wp-json\/wp\/v2\/types\/page"}],"author":[{"embeddable":true,"href":"https:\/\/laboklin.de\/de-at\/wp-json\/wp\/v2\/users\/1"}],"replies":[{"embeddable":true,"href":"https:\/\/laboklin.de\/de-at\/wp-json\/wp\/v2\/comments?post=1333536"}],"version-history":[{"count":1,"href":"https:\/\/laboklin.de\/de-at\/wp-json\/wp\/v2\/pages\/1333536\/revisions"}],"predecessor-version":[{"id":1505902,"href":"https:\/\/laboklin.de\/de-at\/wp-json\/wp\/v2\/pages\/1333536\/revisions\/1505902"}],"up":[{"embeddable":true,"href":"https:\/\/laboklin.de\/de-at\/wp-json\/wp\/v2\/pages\/1333064"}],"wp:attachment":[{"href":"https:\/\/laboklin.de\/de-at\/wp-json\/wp\/v2\/media?parent=1333536"}],"curies":[{"name":"wp","href":"https:\/\/api.w.org\/{rel}","templated":true}]}}