{"id":1333442,"date":"2020-10-16T11:36:27","date_gmt":"2020-10-16T09:36:27","guid":{"rendered":"https:\/\/laboklin.de\/leistungen\/infektionskrankheiten-erreger-und-antikoerpernachweise\/viren\/fruehsommer-meningo-encephalitis-virus-fsmev\/fruehsommer-menigoencephalitis-virus-fsme-virus-antikoerper-igg-liquor\/"},"modified":"2025-01-30T09:27:09","modified_gmt":"2025-01-30T08:27:09","slug":"fruehsommer-menigoencephalitis-virus-fsme-virus-antikoerper-igg-liquor","status":"publish","type":"page","link":"https:\/\/laboklin.de\/de-at\/leistungen\/infektionskrankheiten-erreger-und-antikoerpernachweise\/viren\/fruehsommer-meningo-encephalitis-virus-fsmev\/fruehsommer-menigoencephalitis-virus-fsme-virus-antikoerper-igg-liquor\/","title":{"rendered":"Fr\u00fchsommer-Menigoencephalitis-Virus (FSME-Virus) &#8211; Antik\u00f6rper (IgG) (Liquor)"},"content":{"rendered":"<h3 class=\"csc-firstHeader\">Fr\u00fchsommer-Menigoencephalitis-Virus (FSME-Virus) - Antik\u00f6rper (IgG) (Liquor)<\/h3><p><span>LABOKLIN Leistungs-ID: 557<\/span><\/p><p class=\"bodytext\"><br><\/p><table class=\"tx-laboklinleistung-table contenttable contenttable-2\" style=\"margin-top: 35px;\"><tr><td class=\"td-0\"><strong>Material<\/strong><\/td><td class=\"td-1\"><p class=\"bodytext\">Liquor 0,2 ml<\/p><\/td><\/tr><tr><td class=\"td-0\"><strong>Methode<\/strong><\/td><td class=\"td-1\"><p class=\"bodytext\">ELISA<\/p><\/td><\/tr><tr><td class=\"td-0\"><strong>Dauer<\/strong><\/td><td class=\"td-1\"><p class=\"bodytext\">2-mal w\u00f6chentlich<\/p><\/td><\/tr><tr><td class=\"td-0\"><strong>Anmerkung<\/strong><\/td><td class=\"td-1\"><p class=\"bodytext\"><ul><li>Der Nachweis von IgG bzw. IgM aus Serum wird unter Leistungsnummer 555 bzw. 556 angeboten.<\/li><li>Der Nachweis ist sinnvoll bei Tieren, die sich in endemischen Gebieten aufgehalten haben und neurologische Symptomatik zeigen.<\/li> <\/ul><\/p><\/td><\/tr><\/table>\n","protected":false},"excerpt":{"rendered":"<p>Fr\u00fchsommer-Menigoencephalitis-Virus (FSME-Virus) &#8211; Antik\u00f6rper (IgG) (Liquor)LABOKLIN Leistungs-ID: 557MaterialLiquor 0,2 mlMethodeELISADauer2-mal w\u00f6chentlichAnmerkungDer Nachweis von IgG bzw. IgM aus Serum wird unter Leistungsnummer 555 bzw. 556 angeboten.Der Nachweis ist sinnvoll bei Tieren, die sich in endemischen Gebieten aufgehalten haben und neurologische Symptomatik zeigen.<\/p>\n","protected":false},"author":1,"featured_media":0,"parent":1332951,"menu_order":0,"comment_status":"closed","ping_status":"closed","template":"","meta":{"_seopress_robots_primary_cat":"","_seopress_titles_title":"","_seopress_titles_desc":"","_seopress_robots_index":"","footnotes":""},"class_list":["post-1333442","page","type-page","status-publish","hentry","description-off"],"_links":{"self":[{"href":"https:\/\/laboklin.de\/de-at\/wp-json\/wp\/v2\/pages\/1333442","targetHints":{"allow":["GET"]}}],"collection":[{"href":"https:\/\/laboklin.de\/de-at\/wp-json\/wp\/v2\/pages"}],"about":[{"href":"https:\/\/laboklin.de\/de-at\/wp-json\/wp\/v2\/types\/page"}],"author":[{"embeddable":true,"href":"https:\/\/laboklin.de\/de-at\/wp-json\/wp\/v2\/users\/1"}],"replies":[{"embeddable":true,"href":"https:\/\/laboklin.de\/de-at\/wp-json\/wp\/v2\/comments?post=1333442"}],"version-history":[{"count":1,"href":"https:\/\/laboklin.de\/de-at\/wp-json\/wp\/v2\/pages\/1333442\/revisions"}],"predecessor-version":[{"id":1504831,"href":"https:\/\/laboklin.de\/de-at\/wp-json\/wp\/v2\/pages\/1333442\/revisions\/1504831"}],"up":[{"embeddable":true,"href":"https:\/\/laboklin.de\/de-at\/wp-json\/wp\/v2\/pages\/1332951"}],"wp:attachment":[{"href":"https:\/\/laboklin.de\/de-at\/wp-json\/wp\/v2\/media?parent=1333442"}],"curies":[{"name":"wp","href":"https:\/\/api.w.org\/{rel}","templated":true}]}}