{"id":1333420,"date":"2020-10-16T11:36:27","date_gmt":"2020-10-16T09:36:27","guid":{"rendered":"https:\/\/laboklin.de\/leistungen\/infektionskrankheiten-erreger-und-antikoerpernachweise\/viren\/caprines-arthritis-encephalitis-virus-caev\/caev-caprines-arthritis-encephaltis-virus-antikoerper\/"},"modified":"2023-01-31T17:04:49","modified_gmt":"2023-01-31T16:04:49","slug":"caev-caprines-arthritis-encephaltis-virus-antikoerper","status":"publish","type":"page","link":"https:\/\/laboklin.de\/de-at\/leistungen\/infektionskrankheiten-erreger-und-antikoerpernachweise\/viren\/caprines-arthritis-encephalitis-virus-caev\/caev-caprines-arthritis-encephaltis-virus-antikoerper\/","title":{"rendered":"CAEV (Caprines Arthritis-Encephaltis-Virus) &#8211; Antik\u00f6rper"},"content":{"rendered":"<h3 class=\"csc-firstHeader\">Lentiviren (CAE\/Maedi-Visna) - AK<\/h3><p><span>LABOKLIN Leistungs-ID: 2350<\/span><\/p><p class=\"bodytext\">Der ELISA weist bei Ziegen und Schafen Antik\u00f6rper gegen Lentiviren nach, die bei Ziegen die Erkrankung CAE und bei Schafen die Erkrankung Maedi\/Visna ausl\u00f6sen k\u00f6nnen.<\/p><table class=\"tx-laboklinleistung-table contenttable contenttable-2\" style=\"margin-top: 35px;\"><tr><td class=\"td-0\"><strong>Material<\/strong><\/td><td class=\"td-1\"><p class=\"bodytext\">Serum 0,5 ml<\/p><\/td><\/tr><tr><td class=\"td-0\"><strong>Parameter<\/strong><\/td><td class=\"td-1\"><p class=\"bodytext\">CAEV, Maedi-Visna<\/p><\/td><\/tr><tr><td class=\"td-0\"><strong>Methode<\/strong><\/td><td class=\"td-1\"><p class=\"bodytext\">Enzym Linked Immunosorbent Assay (ELISA)<\/p><\/td><\/tr><tr><td class=\"td-0\"><strong>Dauer<\/strong><\/td><td class=\"td-1\"><p class=\"bodytext\">3 Tage<\/p><\/td><\/tr><tr><td class=\"td-0\"><strong>Anmerkung<\/strong><\/td><td class=\"td-1\"><p class=\"bodytext\">CAEV (Caprine Arthritis Encephalitis Virus): <ul><li>Dieser Parameter wird im Labor Basel (Schweiz) nicht untersucht.<\/li> <li>Der Nachweis von CAEV-AK dient besonders in betroffenen Herden dazu, positive Tr\u00e4ger auszumerzen. Positive Tiere gelten als infiziert und \u2013 speziell in der Laktation \u2013 als potentielle Ausscheider. Negative Tiere sollten regelm\u00e4\u00dfig (mindestens j\u00e4hrlich) untersucht werden, da eine frische Infektion oder niedrige Antik\u00f6rpertiter eine Erregerfreiheit vort\u00e4uschen k\u00f6nnen.<\/li><\/ul>\nMaedi-Visna: \n<ul><li> In der Schweiz \u2013 keine amtliche Untersuchung.<\/li> <li>Die Sanierung betroffener Herden erfolgt \u00fcber halbj\u00e4hrliche serologische Untersuchungen und Merzung der Reagenten. In anerkannt unverd\u00e4chtigen Betrieben erfolgt das Monitoring \u00fcber serologische Untersuchungen im j\u00e4hrlichen Abstand. .<\/li><\/ul>\n<\/p><\/td><\/tr><\/table>\n","protected":false},"excerpt":{"rendered":"<p>Lentiviren (CAE\/Maedi-Visna) &#8211; AKLABOKLIN Leistungs-ID: 2350Der ELISA weist bei Ziegen und Schafen Antik\u00f6rper gegen Lentiviren nach, die bei Ziegen die Erkrankung CAE und bei Schafen die Erkrankung Maedi\/Visna ausl\u00f6sen k\u00f6nnen.MaterialSerum 0,5 mlParameterCAEV, Maedi-VisnaMethodeEnzym Linked Immunosorbent Assay (ELISA)Dauer3 TageAnmerkungCAEV (Caprine Arthritis Encephalitis Virus): Dieser Parameter wird im Labor Basel (Schweiz) nicht untersucht. Der Nachweis von CAEV-AK&hellip;<\/p>\n","protected":false},"author":1,"featured_media":0,"parent":1332922,"menu_order":0,"comment_status":"closed","ping_status":"closed","template":"","meta":{"_seopress_robots_primary_cat":"","_seopress_titles_title":"","_seopress_titles_desc":"","_seopress_robots_index":"","footnotes":""},"class_list":["post-1333420","page","type-page","status-publish","hentry","description-off"],"_links":{"self":[{"href":"https:\/\/laboklin.de\/de-at\/wp-json\/wp\/v2\/pages\/1333420","targetHints":{"allow":["GET"]}}],"collection":[{"href":"https:\/\/laboklin.de\/de-at\/wp-json\/wp\/v2\/pages"}],"about":[{"href":"https:\/\/laboklin.de\/de-at\/wp-json\/wp\/v2\/types\/page"}],"author":[{"embeddable":true,"href":"https:\/\/laboklin.de\/de-at\/wp-json\/wp\/v2\/users\/1"}],"replies":[{"embeddable":true,"href":"https:\/\/laboklin.de\/de-at\/wp-json\/wp\/v2\/comments?post=1333420"}],"version-history":[{"count":1,"href":"https:\/\/laboklin.de\/de-at\/wp-json\/wp\/v2\/pages\/1333420\/revisions"}],"predecessor-version":[{"id":1333423,"href":"https:\/\/laboklin.de\/de-at\/wp-json\/wp\/v2\/pages\/1333420\/revisions\/1333423"}],"up":[{"embeddable":true,"href":"https:\/\/laboklin.de\/de-at\/wp-json\/wp\/v2\/pages\/1332922"}],"wp:attachment":[{"href":"https:\/\/laboklin.de\/de-at\/wp-json\/wp\/v2\/media?parent=1333420"}],"curies":[{"name":"wp","href":"https:\/\/api.w.org\/{rel}","templated":true}]}}