{"id":1333404,"date":"2020-10-16T11:36:27","date_gmt":"2020-10-16T09:36:27","guid":{"rendered":"https:\/\/laboklin.de\/leistungen\/infektionskrankheiten-erreger-und-antikoerpernachweise\/viren\/adenoviren\/adenovirus-reptil-vogel-pcr\/"},"modified":"2025-01-29T13:19:20","modified_gmt":"2025-01-29T12:19:20","slug":"adenovirus-reptil-vogel-pcr","status":"publish","type":"page","link":"https:\/\/laboklin.de\/de-at\/leistungen\/infektionskrankheiten-erreger-und-antikoerpernachweise\/viren\/adenoviren\/adenovirus-reptil-vogel-pcr\/","title":{"rendered":"Adenovirus (Reptil \/ Vogel) &#8211; PCR"},"content":{"rendered":"<h3 class=\"csc-firstHeader\">Adenovirus (Reptil, Vogel) - PCR<\/h3><p><span>LABOKLIN Leistungs-ID: 8495<\/span><\/p><table class=\"tx-laboklinleistung-table contenttable contenttable-2\" style=\"margin-top: 35px;\"><tr><td class=\"td-0\"><strong>Material<\/strong><\/td><td class=\"td-1\"><p class=\"bodytext\"><strong>V\u00f6gel:<\/strong> Abstrich ohne Medium (Kloake oder Pharynx), Faeces, Trachealsp\u00fclprobe, Gewebe (z.B. Darm oder Leber)<br><strong>Reptilien:<\/strong> Abstrich ohne Medium (Kloake), Gewebe (D\u00fcnndarm, Leber)<\/p><\/td><\/tr><tr><td class=\"td-0\"><strong>Methode<\/strong><\/td><td class=\"td-1\"><p class=\"bodytext\">PCR<\/p><\/td><\/tr><tr><td class=\"td-0\"><strong>Dauer<\/strong><\/td><td class=\"td-1\"><p class=\"bodytext\">2 - 4 Tage<\/p><\/td><\/tr><\/table>\n","protected":false},"excerpt":{"rendered":"<p>Adenovirus (Reptil, Vogel) &#8211; PCRLABOKLIN Leistungs-ID: 8495MaterialV\u00f6gel: Abstrich ohne Medium (Kloake oder Pharynx), Faeces, Trachealsp\u00fclprobe, Gewebe (z.B. Darm oder Leber)Reptilien: Abstrich ohne Medium (Kloake), Gewebe (D\u00fcnndarm, Leber)MethodePCRDauer2 &#8211; 4 Tage<\/p>\n","protected":false},"author":1,"featured_media":0,"parent":1332899,"menu_order":0,"comment_status":"closed","ping_status":"closed","template":"","meta":{"_seopress_robots_primary_cat":"","_seopress_titles_title":"","_seopress_titles_desc":"","_seopress_robots_index":"","footnotes":""},"class_list":["post-1333404","page","type-page","status-publish","hentry","description-off"],"_links":{"self":[{"href":"https:\/\/laboklin.de\/de-at\/wp-json\/wp\/v2\/pages\/1333404","targetHints":{"allow":["GET"]}}],"collection":[{"href":"https:\/\/laboklin.de\/de-at\/wp-json\/wp\/v2\/pages"}],"about":[{"href":"https:\/\/laboklin.de\/de-at\/wp-json\/wp\/v2\/types\/page"}],"author":[{"embeddable":true,"href":"https:\/\/laboklin.de\/de-at\/wp-json\/wp\/v2\/users\/1"}],"replies":[{"embeddable":true,"href":"https:\/\/laboklin.de\/de-at\/wp-json\/wp\/v2\/comments?post=1333404"}],"version-history":[{"count":1,"href":"https:\/\/laboklin.de\/de-at\/wp-json\/wp\/v2\/pages\/1333404\/revisions"}],"predecessor-version":[{"id":1504722,"href":"https:\/\/laboklin.de\/de-at\/wp-json\/wp\/v2\/pages\/1333404\/revisions\/1504722"}],"up":[{"embeddable":true,"href":"https:\/\/laboklin.de\/de-at\/wp-json\/wp\/v2\/pages\/1332899"}],"wp:attachment":[{"href":"https:\/\/laboklin.de\/de-at\/wp-json\/wp\/v2\/media?parent=1333404"}],"curies":[{"name":"wp","href":"https:\/\/api.w.org\/{rel}","templated":true}]}}