{"id":1333392,"date":"2020-10-16T11:36:27","date_gmt":"2020-10-16T09:36:27","guid":{"rendered":"https:\/\/laboklin.de\/leistungen\/vitamine-medikamentenspiegel-vergiftungen\/vitamine\/vitamin-b6\/"},"modified":"2025-01-29T12:46:29","modified_gmt":"2025-01-29T11:46:29","slug":"vitamin-b6","status":"publish","type":"page","link":"https:\/\/laboklin.de\/de-at\/leistungen\/vitamine-medikamentenspiegel-vergiftungen\/vitamine\/vitamin-b6\/","title":{"rendered":"Vitamin B6"},"content":{"rendered":"<h3 class=\"csc-firstHeader\">Vitamin B6<\/h3><p><span>LABOKLIN Leistungs-ID: 238<\/span><\/p><table class=\"tx-laboklinleistung-table contenttable contenttable-2\" style=\"margin-top: 35px;\"><tr><td class=\"td-0\"><strong>Material<\/strong><\/td><td class=\"td-1\"><p class=\"bodytext\">EDTA-Blut oder Heparin-Blut 1 ml (ausschlie\u00dflich Vollblut)<br><ul><li>Bitte Hinweis \u2013 l\u00e4nderspezifisch \u2013 auf dem Untersuchungsauftrag zur <strong>Temperatur<\/strong> bei Aufbewahrung\/Transport beachten!<\/li><\/ul><\/p><\/td><\/tr><tr><td class=\"td-0\"><strong>Methode<\/strong><\/td><td class=\"td-1\"><p class=\"bodytext\">High Performance Liquid Chromatography (HPLC)<\/p><\/td><\/tr><tr><td class=\"td-0\"><strong>Dauer<\/strong><\/td><td class=\"td-1\"><p class=\"bodytext\">2\u20136 Arbeitstage<\/p><\/td><\/tr><tr><td class=\"td-0\"><strong>Anmerkung<\/strong><\/td><td class=\"td-1\"><p class=\"bodytext\"><ul><li>Aufgrund der mangelnden Stabilit\u00e4t der Proben kann diese Untersuchung max. einen Tag nach Ankunft im Labor nachgefordert werden.<\/li><li>Ein Mangel an Vitamin B6 kann zu \u00dcbererregbarkeit und Verhaltensst\u00f6rungen f\u00fchren.<\/li><li>Die Bestimmung von Vitamin B6 ist auch Bestandteil der Verhaltensprofile (Hund).<\/li><\/ul><\/p><\/td><\/tr><\/table>\n","protected":false},"excerpt":{"rendered":"<p>Vitamin B6LABOKLIN Leistungs-ID: 238MaterialEDTA-Blut oder Heparin-Blut 1 ml (ausschlie\u00dflich Vollblut)Bitte Hinweis \u2013 l\u00e4nderspezifisch \u2013 auf dem Untersuchungsauftrag zur Temperatur bei Aufbewahrung\/Transport beachten!MethodeHigh Performance Liquid Chromatography (HPLC)Dauer2\u20136 ArbeitstageAnmerkungAufgrund der mangelnden Stabilit\u00e4t der Proben kann diese Untersuchung max. einen Tag nach Ankunft im Labor nachgefordert werden.Ein Mangel an Vitamin B6 kann zu \u00dcbererregbarkeit und Verhaltensst\u00f6rungen f\u00fchren.Die Bestimmung&hellip;<\/p>\n","protected":false},"author":1,"featured_media":0,"parent":1332766,"menu_order":0,"comment_status":"closed","ping_status":"closed","template":"","meta":{"_seopress_robots_primary_cat":"","_seopress_titles_title":"","_seopress_titles_desc":"","_seopress_robots_index":"","footnotes":""},"class_list":["post-1333392","page","type-page","status-publish","hentry","description-off"],"_links":{"self":[{"href":"https:\/\/laboklin.de\/de-at\/wp-json\/wp\/v2\/pages\/1333392","targetHints":{"allow":["GET"]}}],"collection":[{"href":"https:\/\/laboklin.de\/de-at\/wp-json\/wp\/v2\/pages"}],"about":[{"href":"https:\/\/laboklin.de\/de-at\/wp-json\/wp\/v2\/types\/page"}],"author":[{"embeddable":true,"href":"https:\/\/laboklin.de\/de-at\/wp-json\/wp\/v2\/users\/1"}],"replies":[{"embeddable":true,"href":"https:\/\/laboklin.de\/de-at\/wp-json\/wp\/v2\/comments?post=1333392"}],"version-history":[{"count":1,"href":"https:\/\/laboklin.de\/de-at\/wp-json\/wp\/v2\/pages\/1333392\/revisions"}],"predecessor-version":[{"id":1504627,"href":"https:\/\/laboklin.de\/de-at\/wp-json\/wp\/v2\/pages\/1333392\/revisions\/1504627"}],"up":[{"embeddable":true,"href":"https:\/\/laboklin.de\/de-at\/wp-json\/wp\/v2\/pages\/1332766"}],"wp:attachment":[{"href":"https:\/\/laboklin.de\/de-at\/wp-json\/wp\/v2\/media?parent=1333392"}],"curies":[{"name":"wp","href":"https:\/\/api.w.org\/{rel}","templated":true}]}}