{"id":1333384,"date":"2020-10-16T11:36:27","date_gmt":"2020-10-16T09:36:27","guid":{"rendered":"https:\/\/laboklin.de\/leistungen\/haematologie-klin-chemie-endokrinologie\/immunologische-untersuchungen-entzuendungsparameter\/acetylcholinrezeptor-antikoerper\/"},"modified":"2025-01-28T13:40:03","modified_gmt":"2025-01-28T12:40:03","slug":"acetylcholinrezeptor-antikoerper","status":"publish","type":"page","link":"https:\/\/laboklin.de\/de-at\/leistungen\/haematologie-klin-chemie-endokrinologie\/immunologische-untersuchungen-entzuendungsparameter\/acetylcholinrezeptor-antikoerper\/","title":{"rendered":"Acetylcholinrezeptor-Antik\u00f6rper"},"content":{"rendered":"<h3 class=\"csc-firstHeader\">Acetylcholinrezeptor-Antik\u00f6rper<\/h3><p><span>LABOKLIN Leistungs-ID: 563<\/span><\/p><p class=\"bodytext\"><br><ul><li>Der Test dient dem Nachweis einer Myasthenia gravis, bei der Antik\u00f6rper gegen Acetylcholinrezeptoren gebildet werden. Kennzeichnend ist eine Muskelschw\u00e4che der quergestreiften Muskulatur, die sich unter Belastung verst\u00e4rkt. <\/li><li>Die Muskelschw\u00e4che kann generalisiert oder lokal auf wenige Muskelgruppen beschr\u00e4nkt sein, wie z. B. die des Oesophagus (Megaoesophagus).<\/li><\/ul><\/p><table class=\"tx-laboklinleistung-table contenttable contenttable-2\" style=\"margin-top: 35px;\"><tr><td class=\"td-0\"><strong>Material<\/strong><\/td><td class=\"td-1\"><p class=\"bodytext\">Serum 1 ml<\/p><\/td><\/tr><tr><td class=\"td-0\"><strong>Methode<\/strong><\/td><td class=\"td-1\"><p class=\"bodytext\">Enzym Linked Immunosorbent Assay (ELISA)<\/p><\/td><\/tr><tr><td class=\"td-0\"><strong>Tierart(en)<\/strong><\/td><td class=\"td-1\"><p class=\"bodytext\">Hund, weitere auf Anfrage<\/p><\/td><\/tr><tr><td class=\"td-0\"><strong>Dauer<\/strong><\/td><td class=\"td-1\"><p class=\"bodytext\">2-5 Arbeitstage<\/p><\/td><\/tr><\/table>\n","protected":false},"excerpt":{"rendered":"<p>Acetylcholinrezeptor-Antik\u00f6rperLABOKLIN Leistungs-ID: 563Der Test dient dem Nachweis einer Myasthenia gravis, bei der Antik\u00f6rper gegen Acetylcholinrezeptoren gebildet werden. Kennzeichnend ist eine Muskelschw\u00e4che der quergestreiften Muskulatur, die sich unter Belastung verst\u00e4rkt. Die Muskelschw\u00e4che kann generalisiert oder lokal auf wenige Muskelgruppen beschr\u00e4nkt sein, wie z. B. die des Oesophagus (Megaoesophagus).MaterialSerum 1 mlMethodeEnzym Linked Immunosorbent Assay (ELISA)Tierart(en)Hund, weitere auf&hellip;<\/p>\n","protected":false},"author":1,"featured_media":0,"parent":1332761,"menu_order":0,"comment_status":"closed","ping_status":"closed","template":"","meta":{"_seopress_robots_primary_cat":"","_seopress_titles_title":"","_seopress_titles_desc":"","_seopress_robots_index":"","footnotes":""},"class_list":["post-1333384","page","type-page","status-publish","hentry","description-off"],"_links":{"self":[{"href":"https:\/\/laboklin.de\/de-at\/wp-json\/wp\/v2\/pages\/1333384","targetHints":{"allow":["GET"]}}],"collection":[{"href":"https:\/\/laboklin.de\/de-at\/wp-json\/wp\/v2\/pages"}],"about":[{"href":"https:\/\/laboklin.de\/de-at\/wp-json\/wp\/v2\/types\/page"}],"author":[{"embeddable":true,"href":"https:\/\/laboklin.de\/de-at\/wp-json\/wp\/v2\/users\/1"}],"replies":[{"embeddable":true,"href":"https:\/\/laboklin.de\/de-at\/wp-json\/wp\/v2\/comments?post=1333384"}],"version-history":[{"count":1,"href":"https:\/\/laboklin.de\/de-at\/wp-json\/wp\/v2\/pages\/1333384\/revisions"}],"predecessor-version":[{"id":1333387,"href":"https:\/\/laboklin.de\/de-at\/wp-json\/wp\/v2\/pages\/1333384\/revisions\/1333387"}],"up":[{"embeddable":true,"href":"https:\/\/laboklin.de\/de-at\/wp-json\/wp\/v2\/pages\/1332761"}],"wp:attachment":[{"href":"https:\/\/laboklin.de\/de-at\/wp-json\/wp\/v2\/media?parent=1333384"}],"curies":[{"name":"wp","href":"https:\/\/api.w.org\/{rel}","templated":true}]}}