{"id":1333365,"date":"2020-10-19T14:33:27","date_gmt":"2020-10-19T12:33:27","guid":{"rendered":"https:\/\/laboklin.de\/leistungen\/genetik\/performance\/wiederkaeuer\/beta-casein\/"},"modified":"2020-10-19T14:33:27","modified_gmt":"2020-10-19T12:33:27","slug":"beta-casein","status":"publish","type":"page","link":"https:\/\/laboklin.de\/de-at\/leistungen\/genetik\/performance\/wiederkaeuer\/beta-casein\/","title":{"rendered":"Beta-Casein"},"content":{"rendered":"<h3 class=\"csc-firstHeader\">Beta-Casein<\/h3><p><span>LABOKLIN Leistungs-ID: 8504<\/span><\/p><p class=\"bodytext\">Das Protein \u00df-Casein ist ein wesentlicher Bestandteil der Kuhmilch. Verschiedene Varianten im \u00df-Casein-Gen bewirken die Auspr\u00e4gung unterschiedlicher Peptide: Die Verdauung von A1-Beta-Casein kann zur Produktion von bioaktivem Beta-Casomorphin-7 f\u00fchren, welches als Risikofaktor f\u00fcr Herzkrankheiten und Diabetes mellitus bei Menschen gilt. Dies ist nicht der Fall bei A2-Beta-Casein. Dieses bioaktive Peptid hat positive Auswirkungen auf das Herzkreislauf- und das Immunsystem. <\/p><table class=\"tx-laboklinleistung-table contenttable contenttable-2\" style=\"margin-top: 35px;\"><tr><td class=\"td-0\"><strong>Material<\/strong><\/td><td class=\"td-1\"><p class=\"bodytext\">EDTA-Blut<\/p><\/td><\/tr><tr><td class=\"td-0\"><strong>Parameter<\/strong><\/td><td class=\"td-1\"><p class=\"bodytext\">A1-Beta-Casein, A2-Beta-Casein <\/p><\/td><\/tr><tr><td class=\"td-0\"><strong>Methode<\/strong><\/td><td class=\"td-1\"><p class=\"bodytext\">Sequenzierung<\/p><\/td><\/tr><tr><td class=\"td-0\"><strong>Dauer<\/strong><\/td><td class=\"td-1\"><p class=\"bodytext\">2 - 3 Tage nach Erhalt der Probe<\/p><\/td><\/tr><\/table>\n","protected":false},"excerpt":{"rendered":"<p>Beta-CaseinLABOKLIN Leistungs-ID: 8504Das Protein \u00df-Casein ist ein wesentlicher Bestandteil der Kuhmilch. Verschiedene Varianten im \u00df-Casein-Gen bewirken die Auspr\u00e4gung unterschiedlicher Peptide: Die Verdauung von A1-Beta-Casein kann zur Produktion von bioaktivem Beta-Casomorphin-7 f\u00fchren, welches als Risikofaktor f\u00fcr Herzkrankheiten und Diabetes mellitus bei Menschen gilt. Dies ist nicht der Fall bei A2-Beta-Casein. Dieses bioaktive Peptid hat positive Auswirkungen&hellip;<\/p>\n","protected":false},"author":1,"featured_media":0,"parent":1332734,"menu_order":0,"comment_status":"closed","ping_status":"closed","template":"","meta":{"_seopress_robots_primary_cat":"","_seopress_titles_title":"","_seopress_titles_desc":"","_seopress_robots_index":"","footnotes":""},"class_list":["post-1333365","page","type-page","status-publish","hentry","description-off"],"_links":{"self":[{"href":"https:\/\/laboklin.de\/de-at\/wp-json\/wp\/v2\/pages\/1333365","targetHints":{"allow":["GET"]}}],"collection":[{"href":"https:\/\/laboklin.de\/de-at\/wp-json\/wp\/v2\/pages"}],"about":[{"href":"https:\/\/laboklin.de\/de-at\/wp-json\/wp\/v2\/types\/page"}],"author":[{"embeddable":true,"href":"https:\/\/laboklin.de\/de-at\/wp-json\/wp\/v2\/users\/1"}],"replies":[{"embeddable":true,"href":"https:\/\/laboklin.de\/de-at\/wp-json\/wp\/v2\/comments?post=1333365"}],"version-history":[{"count":0,"href":"https:\/\/laboklin.de\/de-at\/wp-json\/wp\/v2\/pages\/1333365\/revisions"}],"up":[{"embeddable":true,"href":"https:\/\/laboklin.de\/de-at\/wp-json\/wp\/v2\/pages\/1332734"}],"wp:attachment":[{"href":"https:\/\/laboklin.de\/de-at\/wp-json\/wp\/v2\/media?parent=1333365"}],"curies":[{"name":"wp","href":"https:\/\/api.w.org\/{rel}","templated":true}]}}