{"id":1333331,"date":"2021-02-02T09:53:05","date_gmt":"2021-02-02T08:53:05","guid":{"rendered":"https:\/\/laboklin.de\/leistungen\/wasseruntersuchungen\/traenkwasser\/traenkwasser-mikrobiologische-einzelparameter\/campylobacter-traenkwasser\/"},"modified":"2021-02-02T09:53:05","modified_gmt":"2021-02-02T08:53:05","slug":"campylobacter-traenkwasser","status":"publish","type":"page","link":"https:\/\/laboklin.de\/de-at\/leistungen\/wasseruntersuchungen\/traenkwasser\/traenkwasser-mikrobiologische-einzelparameter\/campylobacter-traenkwasser\/","title":{"rendered":"Campylobacter (Tr\u00e4nkwasser)"},"content":{"rendered":"<div class=\"wpb-content-wrapper\"><p>[vc_row type=&#8220;vc_default&#8220;][vc_column][vc_column_text]<h3 class=\"csc-firstHeader\">Campylobacter (Tr\u00e4nkwasser)<\/h3><p><span>LABOKLIN Leistungs-ID: 5058<\/span><\/p><table class=\"tx-laboklinleistung-table contenttable contenttable-2\" style=\"margin-top: 35px;\"><tr><td class=\"td-0\"><strong>Material<\/strong><\/td><td class=\"td-1\"><p class=\"bodytext\">250 ml Tr\u00e4nkwasser <\/p><\/td><\/tr><tr><td class=\"td-0\"><strong>Dauer<\/strong><\/td><td class=\"td-1\"><p class=\"bodytext\">5 Tage<\/p><\/td><\/tr><tr><td class=\"td-0\"><strong>Anmerkung<\/strong><\/td><td class=\"td-1\"><p class=\"bodytext\">Entnahme nach Desinfektion der Probenahmestelle (Abflammen oder Tauchen in eine Alkoholl\u00f6sung oder Desinfektionstuch) und nach Ablaufen des Wassers f\u00fcr mind. 2-3 Minuten. <br> Falls kein steriles Probengef\u00e4\u00df verf\u00fcgbar: Abf\u00fcllen in Mineralwasserflasche<\/p><\/td><\/tr><\/table>[\/vc_column_text][\/vc_column][\/vc_row]<\/p>\n<\/div>","protected":false},"excerpt":{"rendered":"<p>[vc_row type=&#8220;vc_default&#8220;][vc_column][vc_column_text][\/vc_column_text][\/vc_column][\/vc_row]<\/p>\n","protected":false},"author":1,"featured_media":0,"parent":1333247,"menu_order":0,"comment_status":"closed","ping_status":"closed","template":"","meta":{"_seopress_robots_primary_cat":"","_seopress_titles_title":"","_seopress_titles_desc":"","_seopress_robots_index":"","footnotes":""},"class_list":["post-1333331","page","type-page","status-publish","hentry","description-off"],"_links":{"self":[{"href":"https:\/\/laboklin.de\/de-at\/wp-json\/wp\/v2\/pages\/1333331","targetHints":{"allow":["GET"]}}],"collection":[{"href":"https:\/\/laboklin.de\/de-at\/wp-json\/wp\/v2\/pages"}],"about":[{"href":"https:\/\/laboklin.de\/de-at\/wp-json\/wp\/v2\/types\/page"}],"author":[{"embeddable":true,"href":"https:\/\/laboklin.de\/de-at\/wp-json\/wp\/v2\/users\/1"}],"replies":[{"embeddable":true,"href":"https:\/\/laboklin.de\/de-at\/wp-json\/wp\/v2\/comments?post=1333331"}],"version-history":[{"count":0,"href":"https:\/\/laboklin.de\/de-at\/wp-json\/wp\/v2\/pages\/1333331\/revisions"}],"up":[{"embeddable":true,"href":"https:\/\/laboklin.de\/de-at\/wp-json\/wp\/v2\/pages\/1333247"}],"wp:attachment":[{"href":"https:\/\/laboklin.de\/de-at\/wp-json\/wp\/v2\/media?parent=1333331"}],"curies":[{"name":"wp","href":"https:\/\/api.w.org\/{rel}","templated":true}]}}