{"id":1333307,"date":"2022-01-04T11:46:32","date_gmt":"2022-01-04T10:46:32","guid":{"rendered":"https:\/\/laboklin.de\/leistungen\/haematologie-klin-chemie-endokrinologie\/klinisch-chemische-parameter\/mineralstoffe-und-elektrolyte\/fraktionierte-elektrolytausscheidung-fe\/"},"modified":"2025-01-28T13:25:06","modified_gmt":"2025-01-28T12:25:06","slug":"fraktionierte-elektrolytausscheidung-fe","status":"publish","type":"page","link":"https:\/\/laboklin.de\/de-at\/leistungen\/haematologie-klin-chemie-endokrinologie\/klinisch-chemische-parameter\/mineralstoffe-und-elektrolyte\/fraktionierte-elektrolytausscheidung-fe\/","title":{"rendered":"Fraktionierte Elektrolytausscheidung (FE)"},"content":{"rendered":"<h3 class=\"csc-firstHeader\">Fraktionierte Elektrolytausscheidung (FE)<\/h3><p><span>LABOKLIN Leistungs-ID: 2278<\/span><\/p><p class=\"bodytext\"><br><ul><li>Untersucht werden die FE von Na, K, P, Cl beim Pferd. <\/li><li>Bezieht man die Elektrolytexkretion auf die Kreatininexkretion (hier GFR=Exkretion), so erh\u00e4lt man die FE des Elektrolyten. <\/li><li>Die FE dient der Abkl\u00e4rung einer Funktionsst\u00f6rung der Nierentubuli. Bei nierengesunden Tieren wird die Nettoausscheidung eines Elektrolyts im Harn durch die glomerul\u00e4re Filtrationsrate und die tubul\u00e4re R\u00fcckresorption geregelt. Mit dem Verlust der tubul\u00e4ren Resorption steigt die FE eines oder mehrerer Elektrolyte meist an und seine FE-Werte liegen \u00fcber dem Normbereich.<\/li><\/ul><\/p><table class=\"tx-laboklinleistung-table contenttable contenttable-2\" style=\"margin-top: 35px;\"><tr><td class=\"td-0\"><strong>Material<\/strong><\/td><td class=\"td-1\"><p class=\"bodytext\">Harn und Serum (h\u00e4molysefrei) je 0,5 ml, zeitgleich entnommen<\/p><\/td><\/tr><tr><td class=\"td-0\"><strong>Methode<\/strong><\/td><td class=\"td-1\"><p class=\"bodytext\">Photometrie<\/p><\/td><\/tr><tr><td class=\"td-0\"><strong>Dauer<\/strong><\/td><td class=\"td-1\"><p class=\"bodytext\">1-2 Arbeitstage<\/p><\/td><\/tr><\/table>\n","protected":false},"excerpt":{"rendered":"<p>Fraktionierte Elektrolytausscheidung (FE)LABOKLIN Leistungs-ID: 2278Untersucht werden die FE von Na, K, P, Cl beim Pferd. Bezieht man die Elektrolytexkretion auf die Kreatininexkretion (hier GFR=Exkretion), so erh\u00e4lt man die FE des Elektrolyten. Die FE dient der Abkl\u00e4rung einer Funktionsst\u00f6rung der Nierentubuli. Bei nierengesunden Tieren wird die Nettoausscheidung eines Elektrolyts im Harn durch die glomerul\u00e4re Filtrationsrate und&hellip;<\/p>\n","protected":false},"author":10,"featured_media":0,"parent":1332896,"menu_order":0,"comment_status":"closed","ping_status":"closed","template":"","meta":{"_seopress_robots_primary_cat":"","_seopress_titles_title":"","_seopress_titles_desc":"","_seopress_robots_index":"","footnotes":""},"class_list":["post-1333307","page","type-page","status-publish","hentry","description-off"],"_links":{"self":[{"href":"https:\/\/laboklin.de\/de-at\/wp-json\/wp\/v2\/pages\/1333307","targetHints":{"allow":["GET"]}}],"collection":[{"href":"https:\/\/laboklin.de\/de-at\/wp-json\/wp\/v2\/pages"}],"about":[{"href":"https:\/\/laboklin.de\/de-at\/wp-json\/wp\/v2\/types\/page"}],"author":[{"embeddable":true,"href":"https:\/\/laboklin.de\/de-at\/wp-json\/wp\/v2\/users\/10"}],"replies":[{"embeddable":true,"href":"https:\/\/laboklin.de\/de-at\/wp-json\/wp\/v2\/comments?post=1333307"}],"version-history":[{"count":1,"href":"https:\/\/laboklin.de\/de-at\/wp-json\/wp\/v2\/pages\/1333307\/revisions"}],"predecessor-version":[{"id":1504372,"href":"https:\/\/laboklin.de\/de-at\/wp-json\/wp\/v2\/pages\/1333307\/revisions\/1504372"}],"up":[{"embeddable":true,"href":"https:\/\/laboklin.de\/de-at\/wp-json\/wp\/v2\/pages\/1332896"}],"wp:attachment":[{"href":"https:\/\/laboklin.de\/de-at\/wp-json\/wp\/v2\/media?parent=1333307"}],"curies":[{"name":"wp","href":"https:\/\/api.w.org\/{rel}","templated":true}]}}