{"id":1333293,"date":"2022-04-12T16:36:34","date_gmt":"2022-04-12T14:36:34","guid":{"rendered":"https:\/\/laboklin.de\/laboref\/nutzungsvereinbarung-der-laboref-app\/"},"modified":"2022-04-12T16:36:34","modified_gmt":"2022-04-12T14:36:34","slug":"nutzungsvereinbarung-der-laboref-app","status":"publish","type":"page","link":"https:\/\/laboklin.de\/de-at\/laboref\/nutzungsvereinbarung-der-laboref-app\/","title":{"rendered":"Nutzungsvereinbarung der LaboRef APP"},"content":{"rendered":"<div class=\"wpb-content-wrapper\"><p>[vc_row type=&#8220;vc_default&#8220; css=&#8220;.vc_custom_1649772907233{margin-top: 30px !important;}&#8220;][vc_column width=&#8220;2\/3&#8243;][vc_column_text]<\/p>\n<h3><strong>Nutzungsvereinbarung der LaboRef APP<\/strong><\/h3>\n<p>[\/vc_column_text][\/vc_column][vc_column width=&#8220;1\/3&#8243;]<style type=\"text\/css\" data-type=\"the7_shortcodes-inline-css\">#default-btn-f4599f825cced28a9f2a34c635e10db0.ico-right-side > i {\n  margin-right: 0px;\n  margin-left: 12px;\n}\n#default-btn-f4599f825cced28a9f2a34c635e10db0 > i {\n  margin-right: 12px;\n}<\/style><a href=\"https:\/\/laboklin.de\/de\/wp-content\/uploads\/2022\/04\/Nutzungsbedingungen.pdf\" class=\"default-btn-shortcode dt-btn dt-btn-m link-hover-off btn-inline-right \" target=\"_blank\" id=\"default-btn-f4599f825cced28a9f2a34c635e10db0\" title=\"LaboRef Nutzungsvereinbarung\" rel=\"noopener\"><i class=\"fa fa-arrow-circle-right\"><\/i><span>Nutzungsvereinbarung. PDF<\/span><\/a>[\/vc_column][\/vc_row][vc_row type=&#8220;vc_default&#8220; css=&#8220;.vc_custom_1649772454410{margin-top: 30px !important;}&#8220;][vc_column][vc_column_text]Bitte lesen Sie diese Vereinbarung sorgf\u00e4ltig durch, bevor Sie den Installationsprozess abschlie\u00dfen und die LaboRef App-Software verwenden. Sie stellt eine Lizenz zur Nutzung der LaboRef App-Software zur Verf\u00fcgung und enth\u00e4lt Gew\u00e4hrleistungsinformationen und Haftungsausschl\u00fcsse. Wenn Sie sich f\u00fcr eine kostenlose Testversion der LaboRef App-Software registrieren, gilt diese Vereinbarung gleicherma\u00dfen.<\/p>\n<p>Mit dem Anklicken von \u201eAkzeptieren\u201c oder der Installation und\/oder Nutzung der LaboRef App-Software best\u00e4tigen Sie Ihre Annahme der Software und erkl\u00e4ren sich damit einverstanden, an die Bedingungen dieser Vereinbarung gebunden zu sein.<\/p>\n<p>Durch die Verwendung dieses Softwareproduktes (einschlie\u00dflich Installation) erkl\u00e4ren sie sich als nat\u00fcrliche oder juristische Person mit dieser Vereinbarung einverstanden. Wenn Sie dieser Vereinbarung nicht zu stimmen, d\u00fcrfen Sie die Software nicht verwenden.<\/p>\n<p>Diese Nutzungsvereinbarung ist eine Vereinbarung zwischen Ihnen (Kunde, Nutzer) und der Laboklin GmbH &amp; Co. KG. F\u00fcr die Lizenzierung von Software und f\u00fcr vorvertragliche Schuldverh\u00e4ltnisse gelten ausschlie\u00dflich diese Lizenzbestimmungen, soweit nichts anderes vereinbart ist.<\/p>\n<p>Diese Vereinbarung regelt Ihren Erwerb und Ihre Nutzung unserer LaboRef App-Software (\u201eSoftware\u201c) direkt von der Laboklin GmbH &amp; Co. KG.<\/p>\n<p>Wenn Sie diese Vereinbarung im Namen eines Unternehmens oder einer anderen juristischen Person abschlie\u00dfen, er- kl\u00e4ren Sie, dass Sie befugt sind, dieses Unternehmen und seine verbundenen Unternehmen an diese Bedingungen zu binden. Wenn Sie keine solche Befugnis haben oder wenn Sie mit den Bedingungen dieser Vereinbarung nicht einverstanden sind, d\u00fcrfen Sie diese Software nicht installieren oder verwenden. Diese Vereinbarung gilt nur f\u00fcr die von der Laboklin GmbH &amp; Co. KG hiermit gelieferte Software, unabh\u00e4ngig davon, ob auf eine andere Software verwiesen oder hierin beschrieben wird. Die Bedingungen gelten auch f\u00fcr Aktualisierungen, Erg\u00e4nzungen, internetbasierte Dienste und Supportleistungen Laboklin GmbH &amp; Co. KG f\u00fcr die Software, sofern bei der Lieferung nichts anderes bestimmt ist.<\/p>\n<h4>Lizenz<\/h4>\n<p>Die Laboklin GmbH &amp; Co. KG gew\u00e4hrt Ihnen hiermit eine pers\u00f6nliche, nicht \u00fcbertragbare, nicht ausschlie\u00dfliche und zeitlich befristete Lizenz zur Nutzung der LaboRef App-Software auf Ihren Ger\u00e4ten gem\u00e4\u00df den Bedingungen dieser Vereinbarung.<\/p>\n<p>Es ist Ihnen gestattet, die LaboRef App-Software auf ein Endger\u00e4t (z.B. PC, Laptop, Handy oder Tablet) unter Ihrer Kontrolle zu laden. Sie sind daf\u00fcr verantwortlich, dass Ihr Ger\u00e4t die Mindestanforderungen der LaboRef App-Software erf\u00fcllt. Sie haben sicherzustellen, dass die LaboRef App-Software nur entsprechend den Vorgaben dieser Vereinbarung genutzt wird. Ein Recht zur \u00dcberlassung oder Hinterlegung besteht nicht.<\/p>\n<p>Es ist Ihnen nicht erlaubt:<\/p>\n<ul>\n<li>die Software ganz oder teilweise zu bearbeiten, zu \u00e4ndern, zu modifizieren, anzupassen, zu \u00fcbersetzen oder anderweitig zu \u00e4ndern, noch zu erlauben, dass die gesamte oder ein Teil der Software mit einer anderen Software kombiniert oder in eine andere Software integriert wird, noch die Software zu dekompilieren, zu disassemblieren oder zur\u00fcckzuentwickeln oder zu versuchen, solche Dinge zu tun;<\/li>\n<li>die Software zu reproduzieren, zu kopieren, zu verteilen, weiterzuverkaufen oder anderweitig f\u00fcr kommerzielle Zwecke zu verwenden;<\/li>\n<li>Dritten zu gestatten, die Software im Namen oder zum Nutzen Dritter zu nutzen;<\/li>\n<li>die Software in irgendeiner Weise zu verwenden, die gegen geltendes lokales, nationales oder internationales Recht verst\u00f6\u00dft;<\/li>\n<li>die Software ohne Benutzerkennung zu nutzen,<\/li>\n<li>die Software au\u00dferhalb der EU und\/oder des EWR zu<\/li>\n<\/ul>\n<h4>Geistiges Eigentum und Eigentum<\/h4>\n<p>Die Laboklin GmbH &amp; Co. KG beh\u00e4lt sich jederzeit das Eigentum an der urspr\u00fcnglich von Ihnen heruntergeladenen Software und allen nachfolgenden Downloads der Software durch Sie vor. Die Software (und das Urheberrecht und andere geistige Eigentumsrechte jeglicher Art an der Software, einschlie\u00dflich aller dort vorgenommenen \u00c4nderungen) sind und bleiben Eigentum der Laboklin GmbH &amp; Co. KG.<\/p>\n<p>Die Laboklin GmbH &amp; Co. KG beh\u00e4lt sich das Recht vor, Lizenzen zur Nutzung der Software an Dritte zu vergeben.<\/p>\n<h4>K\u00fcndigung<\/h4>\n<p>Diese Vereinbarung gilt ab dem Datum, an dem Sie die Software installieren bzw. der Nutzungsvereinbarung zustimmen und endet mit der K\u00fcndigung. Die K\u00fcndigung kann jederzeit durch L\u00f6schen der App oder schriftlich gegen\u00fcber der Laboklin GmbH &amp; Co. KG erfolgen.<\/p>\n<p>Die Laboklin GmbH &amp; Co. KG hat das Recht die Vereinbarung und die Nutzung sofort ohne Erkl\u00e4rung zu beenden, insbesondere wenn Sie eine Bestimmung dieser Vereinbarung nicht einhalten. Nach einer solchen K\u00fcndigung enden die durch diese Vereinbarung gew\u00e4hrten Lizenzen sofort und Sie erkl\u00e4ren sich damit einverstanden, den Zugriff auf die Software und deren Nutzung einzustellen. Die Bestimmungen, die ihrer Natur nach fortbestehen und \u00fcberleben, wer- den auch nach einer Beendigung dieser Vereinbarung Bestand haben.<\/p>\n<h4>Gew\u00e4hrleistung<\/h4>\n<p>F\u00fcr die Erbringung von wiederkehrenden Services gelten die Bestimmungen des \u201eRahmen Service Level Agreements (SLA)\u201c gegen\u00fcber der jeweiligen Kammer. Eine direkte Verpflichtung gegen\u00fcber Ihnen besteht hieraus nicht. Insbeson- dere k\u00f6nnen wir keine dauerhafte Verf\u00fcgbarkeit garantieren, da diese auch von der Verf\u00fcgbarkeit des AppStores des jeweiligen AppStore-Anbieters abh\u00e4ngt.<\/p>\n<p>Nur wenn ein Gew\u00e4hrleistungsfall au\u00dferhalb des Anwendungsbereiches der SLA gg\u00fc. der Kammer vorliegt, werden er- hebliche M\u00e4ngel von Laboklin GmbH &amp; Co. KG innerhalb angemessener Frist behoben (Nacherf\u00fcllung). Dies geschieht nach Wahl von IHK-GfI durch Beseitigung des Mangels (Mangelbeseitigung) oder durch Lieferung einer mangelfreien Sache. Dies erfordert ggf. ein Update der LaboRef App-Software \u00fcber den jeweiligen AppStore.<\/p>\n<p>Bei Vorliegen eines nur unerheblichen Mangels besteht kein Recht zur Geltendmachung von Gew\u00e4hrleistungsrechten; hier gelten ebenfalls allein die SLA gg\u00fc. der Kammer.<\/p>\n<h4>Haftung<\/h4>\n<p>Die Laboklin GmbH &amp; Co. KG haftet im Fall einer Verletzung ihrer Pflichten aus dieser Vereinbarung auf Schadenersatz nach den gesetzlichen Bestimmungen f\u00fcr Personensch\u00e4den sowie Sch\u00e4den im Sinne des Produkthaftungsgesetzes unbeschr\u00e4nkt. F\u00fcr sonstige Sch\u00e4den haftet Laboklin GmbH &amp; Co. KG im Falle einer Verletzung ihrer vertraglichen Pflichten, sofern sich nicht aus einer von Laboklin GmbH &amp; Co. KG \u00fcbernommenen Garantie oder den SLA gg\u00fc. der Kammer etwas anderes ergibt, ausschlie\u00dflich nach Ma\u00dfgabe der nachfolgenden Bedingungen.<\/p>\n<p>Laboklin GmbH &amp; Co. KG haftet nach den gesetzlichen Bestimmungen f\u00fcr Sch\u00e4den, die durch arglistiges Verhalten seitens Laboklin GmbH &amp; Co. KG verursacht wurden, oder die durch Vorsatz oder grobe Fahrl\u00e4ssigkeit der gesetzlichen Vertreter oder leitenden Angestellten von Laboklin GmbH &amp; Co. KG verursacht wurden.<\/p>\n<p>Die Laboklin GmbH &amp; Co. KG haftet (ggfls. nach n\u00e4herer Ma\u00dfgabe des SLA gg\u00fc. der Kammer) auf Schadenersatz maximal begrenzt auf die H\u00f6he des vertragstypischen, vorhersehbaren Schadens f\u00fcr Sch\u00e4den aus einer leichten fahrl\u00e4ssigen Verletzung wesentlicher Vertragspflichten, also der Erbringung der vereinbarten Services (1. Alternative) und f\u00fcr Sch\u00e4den, die von einfachen Erf\u00fcllungsgehilfen von der Laboklin GmbH &amp; Co. KG grob fahrl\u00e4ssig oder vors\u00e4tzlich ohne Verletzung solcher wesentlicher Vertragspflichten verursacht wurde (2. Alternative). Im Rahmen der 2. Alternative haftet die Laboklin GmbH &amp; Co. KG nicht f\u00fcr entgangenen Gewinn, mittelbare Sch\u00e4den, Mangelfolgesch\u00e4den und Anspr\u00fcche Dritter.<\/p>\n<p>Im Falle eines Mitverschuldens des Nutzers ist dieses zu ber\u00fccksichtigen. Ein Mitverschulden des Nutzers liegt insbesondere bei Nichteinhaltung der Nutzungsrechte und\/oder Mitwirkungspflichten vor. Insbesondere f\u00fcr die Wiederbeschaffung von Daten haftet die Laboklin GmbH &amp; Co. KG nur, soweit der Kunde alle erforderlichen und angemessenen Datensicherungsvorkehrungen getroffen und sichergestellt hat, dass die Daten aus Datenmaterial, das in maschinen- lesbarer Form bereitgehalten wird, mit vertretbarem Aufwand rekonstruiert werden k\u00f6nnen.<\/p>\n<p>Die Datenkommunikation \u00fcber das Internet kann nach dem derzeitigen Stand der Technik nicht fehlerfrei und\/oder jederzeit verf\u00fcgbar gew\u00e4hrleistet werden. Wir haften insoweit nicht f\u00fcr die st\u00e4ndige und ununterbrochene Verf\u00fcgbarkeit der LaboRef App und dahinterstehenden Dienste.<\/p>\n<p>Im \u00dcbrigen ist jegliche Haftung von der Laboklin GmbH &amp; Co. KG \u00fcber das gesetzlich geforderte Ma\u00df ausgeschlossen.<\/p>\n<h4>Anwendbares Recht<\/h4>\n<p>Diese Vereinbarung und alle Streitigkeiten, die sich aus oder im Zusammenhang mit dieser Vereinbarung ergeben, unterliegen dem Recht der Bundesrepublik Deutschland. Die Bestimmungen des UN-Kaufrechts und\/oder einem Kollisionsrecht finden keine Anwendung.<\/p>\n<p>Wenn Sie Kaufmann\/-frau oder eine juristische Person des \u00f6ffentlichen Rechts sind, oder keinen allgemeinen Gerichtsstand im Inland haben: Ausschlie\u00dflicher Gerichtsstand f\u00fcr alle Streitigkeiten aus dieser Vereinbarung und der Gesch\u00e4ftsbeziehung mit der Laboklin GmbH &amp; Co. KG ist Bad Kissingen.<\/p>\n<p>In anderen F\u00e4llen: Gerichtsstand f\u00fcr Streitigkeiten aus dieser Vereinbarung und der Gesch\u00e4ftsbeziehung mit der Laboklin GmbH &amp; Co. KG ist Ihr Wohnsitz oder allgemeiner Aufenthaltsort.<\/p>\n<p>Sollten einzelne Bestimmungen dieses Vertrages unwirksam sein, so wird hierdurch die Vereinbarung im \u00dcbrigen nicht ber\u00fchrt.<\/p>\n<p>&nbsp;<\/p>\n<p style=\"text-align: right;\"><strong>Stand: 12.01.2022<\/strong><\/p>\n<p style=\"text-align: right;\"><strong>Version: 1.0<\/strong><\/p>\n<p>[\/vc_column_text][\/vc_column][\/vc_row]<\/p>\n<\/div>","protected":false},"excerpt":{"rendered":"<p>[vc_row type=&#8220;vc_default&#8220; css=&#8220;.vc_custom_1649772907233{margin-top: 30px !important;}&#8220;][vc_column width=&#8220;2\/3&#8243;][vc_column_text] Nutzungsvereinbarung der LaboRef APP [\/vc_column_text][\/vc_column][vc_column width=&#8220;1\/3&#8243;][\/vc_column][\/vc_row][vc_row type=&#8220;vc_default&#8220; css=&#8220;.vc_custom_1649772454410{margin-top: 30px !important;}&#8220;][vc_column][vc_column_text]Bitte lesen Sie diese Vereinbarung sorgf\u00e4ltig durch, bevor Sie den Installationsprozess abschlie\u00dfen und die LaboRef App-Software verwenden. Sie stellt eine Lizenz zur Nutzung der LaboRef App-Software zur Verf\u00fcgung und enth\u00e4lt Gew\u00e4hrleistungsinformationen und Haftungsausschl\u00fcsse. Wenn Sie sich f\u00fcr eine kostenlose Testversion&hellip;<\/p>\n","protected":false},"author":1,"featured_media":0,"parent":1332629,"menu_order":0,"comment_status":"closed","ping_status":"closed","template":"","meta":{"_seopress_robots_primary_cat":"","_seopress_titles_title":"","_seopress_titles_desc":"","_seopress_robots_index":"","footnotes":""},"class_list":["post-1333293","page","type-page","status-publish","hentry","description-off"],"_links":{"self":[{"href":"https:\/\/laboklin.de\/de-at\/wp-json\/wp\/v2\/pages\/1333293","targetHints":{"allow":["GET"]}}],"collection":[{"href":"https:\/\/laboklin.de\/de-at\/wp-json\/wp\/v2\/pages"}],"about":[{"href":"https:\/\/laboklin.de\/de-at\/wp-json\/wp\/v2\/types\/page"}],"author":[{"embeddable":true,"href":"https:\/\/laboklin.de\/de-at\/wp-json\/wp\/v2\/users\/1"}],"replies":[{"embeddable":true,"href":"https:\/\/laboklin.de\/de-at\/wp-json\/wp\/v2\/comments?post=1333293"}],"version-history":[{"count":0,"href":"https:\/\/laboklin.de\/de-at\/wp-json\/wp\/v2\/pages\/1333293\/revisions"}],"up":[{"embeddable":true,"href":"https:\/\/laboklin.de\/de-at\/wp-json\/wp\/v2\/pages\/1332629"}],"wp:attachment":[{"href":"https:\/\/laboklin.de\/de-at\/wp-json\/wp\/v2\/media?parent=1333293"}],"curies":[{"name":"wp","href":"https:\/\/api.w.org\/{rel}","templated":true}]}}