{"id":1333276,"date":"2022-08-25T17:43:10","date_gmt":"2022-08-25T15:43:10","guid":{"rendered":"https:\/\/laboklin.de\/leistungen\/infektionskrankheiten-erreger-und-antikoerpernachweise\/parasiten\/babesien-piroplasmen\/cytauxzoon-piroplasmen-pcr\/"},"modified":"2025-02-03T10:06:21","modified_gmt":"2025-02-03T09:06:21","slug":"cytauxzoon-piroplasmen-pcr","status":"publish","type":"page","link":"https:\/\/laboklin.de\/de-at\/leistungen\/infektionskrankheiten-erreger-und-antikoerpernachweise\/parasiten\/babesien-piroplasmen\/cytauxzoon-piroplasmen-pcr\/","title":{"rendered":"Cytauxzoon (Piroplasmen) &#8211; PCR"},"content":{"rendered":"<h3 class=\"csc-firstHeader\">Cytauxzoon (Piroplasmen) - PCR<\/h3><p><span>LABOKLIN Leistungs-ID: 8787<\/span><\/p><table class=\"tx-laboklinleistung-table contenttable contenttable-2\" style=\"margin-top: 35px;\"><tr><td class=\"td-0\"><strong>Material<\/strong><\/td><td class=\"td-1\"><p class=\"bodytext\">EDTA-Blut oder Zecke<\/p><\/td><\/tr><tr><td class=\"td-0\"><strong>Parameter<\/strong><\/td><td class=\"td-1\"><p class=\"bodytext\">erfasst auch Babesia spp. und Theilerien (Pferd); inkl. Spezies-Differenzierung nach einem positiven PCR-Ergebnis<\/p><\/td><\/tr><tr><td class=\"td-0\"><strong>Methode<\/strong><\/td><td class=\"td-1\"><p class=\"bodytext\">realtime PCR<\/p><\/td><\/tr><tr><td class=\"td-0\"><strong>Dauer<\/strong><\/td><td class=\"td-1\"><p class=\"bodytext\">1 - 3 Tage<\/p><\/td><\/tr><tr><td class=\"td-0\"><strong>Anmerkung<\/strong><\/td><td class=\"td-1\"><p class=\"bodytext\">Der PCR-Nachweis ist deutlich sensitiver als der Nachweis aus dem Blutausstrich. Im Rahmen einer chronischen Infektion ist zwar in vielen Lokalisationen eine Erregerausbreitung zu vermuten, jedoch kann die Konzentration an Erreger-DNA im Blut sehr gering sein und die PCR daher ein negatives Ergebnis liefern. W\u00e4hrend eine positive PCR beweisend f\u00fcr eine Infektion ist, schlie\u00dft eine negative PCR eine Infektion niemals aus.<\/p><\/td><\/tr><\/table>\n","protected":false},"excerpt":{"rendered":"<p>Cytauxzoon (Piroplasmen) &#8211; PCRLABOKLIN Leistungs-ID: 8787MaterialEDTA-Blut oder ZeckeParametererfasst auch Babesia spp. und Theilerien (Pferd); inkl. Spezies-Differenzierung nach einem positiven PCR-ErgebnisMethoderealtime PCRDauer1 &#8211; 3 TageAnmerkungDer PCR-Nachweis ist deutlich sensitiver als der Nachweis aus dem Blutausstrich. Im Rahmen einer chronischen Infektion ist zwar in vielen Lokalisationen eine Erregerausbreitung zu vermuten, jedoch kann die Konzentration an Erreger-DNA im&hellip;<\/p>\n","protected":false},"author":10,"featured_media":0,"parent":1333135,"menu_order":0,"comment_status":"closed","ping_status":"closed","template":"","meta":{"_seopress_robots_primary_cat":"","_seopress_titles_title":"","_seopress_titles_desc":"","_seopress_robots_index":"","footnotes":""},"class_list":["post-1333276","page","type-page","status-publish","hentry","description-off"],"_links":{"self":[{"href":"https:\/\/laboklin.de\/de-at\/wp-json\/wp\/v2\/pages\/1333276","targetHints":{"allow":["GET"]}}],"collection":[{"href":"https:\/\/laboklin.de\/de-at\/wp-json\/wp\/v2\/pages"}],"about":[{"href":"https:\/\/laboklin.de\/de-at\/wp-json\/wp\/v2\/types\/page"}],"author":[{"embeddable":true,"href":"https:\/\/laboklin.de\/de-at\/wp-json\/wp\/v2\/users\/10"}],"replies":[{"embeddable":true,"href":"https:\/\/laboklin.de\/de-at\/wp-json\/wp\/v2\/comments?post=1333276"}],"version-history":[{"count":1,"href":"https:\/\/laboklin.de\/de-at\/wp-json\/wp\/v2\/pages\/1333276\/revisions"}],"predecessor-version":[{"id":1333279,"href":"https:\/\/laboklin.de\/de-at\/wp-json\/wp\/v2\/pages\/1333276\/revisions\/1333279"}],"up":[{"embeddable":true,"href":"https:\/\/laboklin.de\/de-at\/wp-json\/wp\/v2\/pages\/1333135"}],"wp:attachment":[{"href":"https:\/\/laboklin.de\/de-at\/wp-json\/wp\/v2\/media?parent=1333276"}],"curies":[{"name":"wp","href":"https:\/\/api.w.org\/{rel}","templated":true}]}}