{"id":1333259,"date":"2022-10-18T09:26:44","date_gmt":"2022-10-18T07:26:44","guid":{"rendered":"https:\/\/laboklin.de\/leistungen\/mikrobiologie-parasitologie\/untersuchungen-bei-verdauungsstoerungen-und-diarrhoee\/erfassung-eines-entzuendlich-exsudativen-geschehens\/alpha-1-antitrypsin\/"},"modified":"2025-02-05T10:53:49","modified_gmt":"2025-02-05T09:53:49","slug":"alpha-1-antitrypsin","status":"publish","type":"page","link":"https:\/\/laboklin.de\/de-at\/leistungen\/mikrobiologie-parasitologie\/untersuchungen-bei-verdauungsstoerungen-und-diarrhoee\/erfassung-eines-entzuendlich-exsudativen-geschehens\/alpha-1-antitrypsin\/","title":{"rendered":"Alpha-1-Antitrypsin"},"content":{"rendered":"<h3 class=\"csc-firstHeader\">\u03b1-1-Antitrypsin<\/h3><p><span>LABOKLIN Leistungs-ID: 1235<\/span><\/p><p class=\"bodytext\">Zur Erfassung eines Eiwei\u00dfverlust-Syndroms.<\/p><table class=\"tx-laboklinleistung-table contenttable contenttable-2\" style=\"margin-top: 35px;\"><tr><td class=\"td-0\"><strong>Material<\/strong><\/td><td class=\"td-1\"><p class=\"bodytext\">Faeces<\/p><\/td><\/tr><tr><td class=\"td-0\"><strong>Methode<\/strong><\/td><td class=\"td-1\"><p class=\"bodytext\">ELISA<\/p><\/td><\/tr><tr><td class=\"td-0\"><strong>Tierart(en)<\/strong><\/td><td class=\"td-1\"><p class=\"bodytext\">Hund<\/p><\/td><\/tr><tr><td class=\"td-0\"><strong>Dauer<\/strong><\/td><td class=\"td-1\"><p class=\"bodytext\">Testh\u00e4ufigkeit 2-mal w\u00f6chentlich<\/p><\/td><\/tr><tr><td class=\"td-0\"><strong>Anmerkung<\/strong><\/td><td class=\"td-1\"><p class=\"bodytext\">\u03b1-1-Antitrypsin ist auch Bestandteil des Dysbiose-Profils (siehe Profile\/Screenings \u2013 Kleintiere \/ Kotprofile).<\/p><\/td><\/tr><\/table>\n","protected":false},"excerpt":{"rendered":"<p>\u03b1-1-AntitrypsinLABOKLIN Leistungs-ID: 1235Zur Erfassung eines Eiwei\u00dfverlust-Syndroms.MaterialFaecesMethodeELISATierart(en)HundDauerTesth\u00e4ufigkeit 2-mal w\u00f6chentlichAnmerkung\u03b1-1-Antitrypsin ist auch Bestandteil des Dysbiose-Profils (siehe Profile\/Screenings \u2013 Kleintiere \/ Kotprofile).<\/p>\n","protected":false},"author":10,"featured_media":0,"parent":1333235,"menu_order":0,"comment_status":"closed","ping_status":"closed","template":"","meta":{"_seopress_robots_primary_cat":"","_seopress_titles_title":"","_seopress_titles_desc":"","_seopress_robots_index":"","footnotes":""},"class_list":["post-1333259","page","type-page","status-publish","hentry","description-off"],"_links":{"self":[{"href":"https:\/\/laboklin.de\/de-at\/wp-json\/wp\/v2\/pages\/1333259","targetHints":{"allow":["GET"]}}],"collection":[{"href":"https:\/\/laboklin.de\/de-at\/wp-json\/wp\/v2\/pages"}],"about":[{"href":"https:\/\/laboklin.de\/de-at\/wp-json\/wp\/v2\/types\/page"}],"author":[{"embeddable":true,"href":"https:\/\/laboklin.de\/de-at\/wp-json\/wp\/v2\/users\/10"}],"replies":[{"embeddable":true,"href":"https:\/\/laboklin.de\/de-at\/wp-json\/wp\/v2\/comments?post=1333259"}],"version-history":[{"count":1,"href":"https:\/\/laboklin.de\/de-at\/wp-json\/wp\/v2\/pages\/1333259\/revisions"}],"predecessor-version":[{"id":1506859,"href":"https:\/\/laboklin.de\/de-at\/wp-json\/wp\/v2\/pages\/1333259\/revisions\/1506859"}],"up":[{"embeddable":true,"href":"https:\/\/laboklin.de\/de-at\/wp-json\/wp\/v2\/pages\/1333235"}],"wp:attachment":[{"href":"https:\/\/laboklin.de\/de-at\/wp-json\/wp\/v2\/media?parent=1333259"}],"curies":[{"name":"wp","href":"https:\/\/api.w.org\/{rel}","templated":true}]}}