{"id":1333200,"date":"2020-10-16T11:36:27","date_gmt":"2020-10-16T09:36:27","guid":{"rendered":"https:\/\/laboklin.de\/leistungen\/infektionskrankheiten-erreger-und-antikoerpernachweise\/pilze\/ophidiomyces\/"},"modified":"2024-10-11T14:15:35","modified_gmt":"2024-10-11T12:15:35","slug":"ophidiomyces","status":"publish","type":"page","link":"https:\/\/laboklin.de\/de-at\/leistungen\/infektionskrankheiten-erreger-und-antikoerpernachweise\/pilze\/ophidiomyces\/","title":{"rendered":"Ophidiomyces"},"content":{"rendered":"<div class=\"wpb-content-wrapper\"><p>[vc_row][vc_column][vc_column_text css=&#8220;&#8220;]<h3>Leistungsspektrum<\/h3><div class=\"vc_tta-panels-container\"><div class=\"vc_tta-panels\"><li class=\"menu-item sub-page\"><a href=\"https:\/\/laboklin.de\/de-at\/leistungen\/infektionskrankheiten-erreger-und-antikoerpernachweise\/pilze\/ophidiomyces\/ophidiomyes-ophidiicola-pcr\/\">Ophidiomyes ophidiicola - PCR<\/a><\/li><\/div><\/div><div class=\"gap\" style=\"line-height: 20px; height: 20px;\"><\/div>\n<p>Ophidiomyces ophidiicola ist auch kulturell mykologisch nachweisbar (<a href=\"https:\/\/laboklin.de\/de\/leistungen\/mikrobiologie-parasitologie\/bakteriologie-mykologie\/haut-haare-federn\/mykologie-haut\/\">Leistung 151 Mykologie (Haut)<\/a>).<div class=\"gap\" style=\"line-height: 20px; height: 20px;\"><\/div>[\/vc_column_text][\/vc_column][\/vc_row][vc_row][vc_column][vc_column_text css=&#8220;.vc_custom_1728648567389{margin-top: 40px !important;}&#8220;]<\/p>\n<h3>Allgemeine Informationen<\/h3>\n<p>Ophidiomyces (fr\u00fcher Nannizziopsis) ophidiicola ist ein Hautpilz, der bei Schlangen vorkommt. O. ophidiicola-Infektionen zeigen sich in Hautl\u00e4sionen, Pusteln, Knoten und Schwellungen der Haut. Hautver\u00e4nderungen treten h\u00e4ufig im Kopfbereich auf, k\u00f6nnen sich aber auch auf den ganzen K\u00f6rper ausbreiten.[\/vc_column_text][\/vc_column][\/vc_row]<\/p>\n<\/div>","protected":false},"excerpt":{"rendered":"<p>[vc_row][vc_column][vc_column_text css=&#8220;&#8220;] Ophidiomyces ophidiicola ist auch kulturell mykologisch nachweisbar (Leistung 151 Mykologie (Haut)).[\/vc_column_text][\/vc_column][\/vc_row][vc_row][vc_column][vc_column_text css=&#8220;.vc_custom_1728648567389{margin-top: 40px !important;}&#8220;] Allgemeine Informationen Ophidiomyces (fr\u00fcher Nannizziopsis) ophidiicola ist ein Hautpilz, der bei Schlangen vorkommt. O. ophidiicola-Infektionen zeigen sich in Hautl\u00e4sionen, Pusteln, Knoten und Schwellungen der Haut. Hautver\u00e4nderungen treten h\u00e4ufig im Kopfbereich auf, k\u00f6nnen sich aber auch auf den ganzen K\u00f6rper&hellip;<\/p>\n","protected":false},"author":1,"featured_media":0,"parent":1332777,"menu_order":8,"comment_status":"closed","ping_status":"closed","template":"","meta":{"_seopress_robots_primary_cat":"","_seopress_titles_title":"","_seopress_titles_desc":"","_seopress_robots_index":"","footnotes":""},"class_list":["post-1333200","page","type-page","status-publish","hentry","description-off"],"_links":{"self":[{"href":"https:\/\/laboklin.de\/de-at\/wp-json\/wp\/v2\/pages\/1333200","targetHints":{"allow":["GET"]}}],"collection":[{"href":"https:\/\/laboklin.de\/de-at\/wp-json\/wp\/v2\/pages"}],"about":[{"href":"https:\/\/laboklin.de\/de-at\/wp-json\/wp\/v2\/types\/page"}],"author":[{"embeddable":true,"href":"https:\/\/laboklin.de\/de-at\/wp-json\/wp\/v2\/users\/1"}],"replies":[{"embeddable":true,"href":"https:\/\/laboklin.de\/de-at\/wp-json\/wp\/v2\/comments?post=1333200"}],"version-history":[{"count":3,"href":"https:\/\/laboklin.de\/de-at\/wp-json\/wp\/v2\/pages\/1333200\/revisions"}],"predecessor-version":[{"id":1488968,"href":"https:\/\/laboklin.de\/de-at\/wp-json\/wp\/v2\/pages\/1333200\/revisions\/1488968"}],"up":[{"embeddable":true,"href":"https:\/\/laboklin.de\/de-at\/wp-json\/wp\/v2\/pages\/1332777"}],"wp:attachment":[{"href":"https:\/\/laboklin.de\/de-at\/wp-json\/wp\/v2\/media?parent=1333200"}],"curies":[{"name":"wp","href":"https:\/\/api.w.org\/{rel}","templated":true}]}}