{"id":1333195,"date":"2020-10-16T11:36:27","date_gmt":"2020-10-16T09:36:27","guid":{"rendered":"https:\/\/laboklin.de\/leistungen\/infektionskrankheiten-erreger-und-antikoerpernachweise\/pilze\/dermatophyten\/"},"modified":"2023-03-19T23:22:43","modified_gmt":"2023-03-19T22:22:43","slug":"dermatophyten","status":"publish","type":"page","link":"https:\/\/laboklin.de\/de-at\/leistungen\/infektionskrankheiten-erreger-und-antikoerpernachweise\/pilze\/dermatophyten\/","title":{"rendered":"Dermatophyten"},"content":{"rendered":"<div class=\"wpb-content-wrapper\"><p>[vc_row][vc_column][vc_column_text]<h3>Leistungsspektrum<\/h3><div class=\"vc_tta-panels-container\"><div class=\"vc_tta-panels\"><li class=\"menu-item sub-page\"><a href=\"https:\/\/laboklin.de\/de-at\/leistungen\/infektionskrankheiten-erreger-und-antikoerpernachweise\/pilze\/dermatophyten\/dermatophyten-pcr\/\">Dermatophyten - PCR<\/a><\/li><\/div><\/div>[\/vc_column_text][\/vc_column][\/vc_row][vc_row][vc_column][vc_column_text css=&#8220;.vc_custom_1679264548688{margin-top: 40px !important;}&#8220;]Dermatophyten k\u00f6nnen auch kulturell nachgewiesen werden:<a href=\"https:\/\/laboklin.de\/de-at\/leistungen\/mikrobiologie-parasitologie\/bakteriologie-mykologie\/haut-haare-federn\/mykologie-haut\/\"> Leistung Mykologie (Haut)<\/a>, <a href=\"https:\/\/laboklin.de\/de-at\/leistungen\/mikrobiologie-parasitologie\/bakteriologie-mykologie\/haut-haare-federn\/bakteriologie-aerob-mykologie-haut\/\">Leistung Bakteriologie + Mykologie (Haut)<\/a> oder <a href=\"https:\/\/laboklin.de\/de-at\/leistungen\/mikrobiologie-parasitologie\/bakteriologie-mykologie\/haut-haare-federn\/bakteriologie-mykologie-ektoparasiten\/\">Leistung Bakteriologie + Mykologie + Ektoparasiten<\/a>.<\/p>\n<h3><div class=\"gap\" style=\"line-height: 20px; height: 20px;\"><\/div><\/h3>\n<h3>Allgemeine Informationen<\/h3>\n<p>Dermatophyten sind fadenf\u00f6rmige Pilze, die Hautver\u00e4nderungen bei Mensch und Tier ausl\u00f6sen k\u00f6nnen. Die Erkrankung wird als Dermatophytose bezeichnet. Die Hautpilze nutzen Keratin als Kohlenstoffquelle und besiedeln keratinisiertes Gewebe wie Haare, Haut oder Krallen.<\/p>\n<p>Hautpilze sind hochkontagi\u00f6s, die Infektion erfolgt direkt oder indirekt. Beg\u00fcnstigende Faktoren sind bspw. eine vorliegende Immunsuppression, eine reduzierte Immun\u00adantwort (z.B. bei hohem Lebensalter) oder eine Vorsch\u00e4digung der Haut (z.B. durch Ektoparasiten). Sporen als Vermehrungsform k\u00f6nnen zudem in der Umgebung \u00fcber Jahre infekti\u00f6s bleiben.<\/p>\n<p>Die klinischen Symptome sind vielf\u00e4ltig und abh\u00e4ngig von der Virulenz des Pilzstamms, der Befallsdauer und der Immunit\u00e4tslage des Wirtes. Typisch sind fleckf\u00f6rmige Alopezien im Gesicht, an den Ohren und Vordergliedma\u00dfen. Ein Juckreiz kann fehlen oder von mild bis schwerwiegend sein. Bei Hauterkrankungen sollte eine Dermatophytose stets differentialdiagnostisch ber\u00fccksichtigt werden.<\/p>\n<p>Vor allem Meerschweinchen aus Zoo- oder Tierhandlungen sind in 90% der F\u00e4lle (asymptomatische) Tr\u00e4ger von Trichophyton benhamiae. Die meisten zoonotisch \u00fcbertragenen Dermatophytosen des Menschen werden mittlerweile durch diesen Erreger verursacht. Vor Aufnahme von Meerschweinchen, vor allem in Haushalten mit Kindern oder immunsupprimierten Personen, sollten die Tiere auf Dermatophyten untersucht werden.[\/vc_column_text][\/vc_column][\/vc_row]<\/p>\n<\/div>","protected":false},"excerpt":{"rendered":"<p>[vc_row][vc_column][vc_column_text][\/vc_column_text][\/vc_column][\/vc_row][vc_row][vc_column][vc_column_text css=&#8220;.vc_custom_1679264548688{margin-top: 40px !important;}&#8220;]Dermatophyten k\u00f6nnen auch kulturell nachgewiesen werden: Leistung Mykologie (Haut), Leistung Bakteriologie + Mykologie (Haut) oder Leistung Bakteriologie + Mykologie + Ektoparasiten. Allgemeine Informationen Dermatophyten sind fadenf\u00f6rmige Pilze, die Hautver\u00e4nderungen bei Mensch und Tier ausl\u00f6sen k\u00f6nnen. Die Erkrankung wird als Dermatophytose bezeichnet. Die Hautpilze nutzen Keratin als Kohlenstoffquelle und besiedeln keratinisiertes Gewebe wie&hellip;<\/p>\n","protected":false},"author":1,"featured_media":0,"parent":1332777,"menu_order":3,"comment_status":"closed","ping_status":"closed","template":"","meta":{"_seopress_robots_primary_cat":"","_seopress_titles_title":"","_seopress_titles_desc":"","_seopress_robots_index":"","footnotes":""},"class_list":["post-1333195","page","type-page","status-publish","hentry","description-off"],"_links":{"self":[{"href":"https:\/\/laboklin.de\/de-at\/wp-json\/wp\/v2\/pages\/1333195","targetHints":{"allow":["GET"]}}],"collection":[{"href":"https:\/\/laboklin.de\/de-at\/wp-json\/wp\/v2\/pages"}],"about":[{"href":"https:\/\/laboklin.de\/de-at\/wp-json\/wp\/v2\/types\/page"}],"author":[{"embeddable":true,"href":"https:\/\/laboklin.de\/de-at\/wp-json\/wp\/v2\/users\/1"}],"replies":[{"embeddable":true,"href":"https:\/\/laboklin.de\/de-at\/wp-json\/wp\/v2\/comments?post=1333195"}],"version-history":[{"count":1,"href":"https:\/\/laboklin.de\/de-at\/wp-json\/wp\/v2\/pages\/1333195\/revisions"}],"predecessor-version":[{"id":1428052,"href":"https:\/\/laboklin.de\/de-at\/wp-json\/wp\/v2\/pages\/1333195\/revisions\/1428052"}],"up":[{"embeddable":true,"href":"https:\/\/laboklin.de\/de-at\/wp-json\/wp\/v2\/pages\/1332777"}],"wp:attachment":[{"href":"https:\/\/laboklin.de\/de-at\/wp-json\/wp\/v2\/media?parent=1333195"}],"curies":[{"name":"wp","href":"https:\/\/api.w.org\/{rel}","templated":true}]}}