{"id":1333190,"date":"2021-08-10T13:22:33","date_gmt":"2021-08-10T11:22:33","guid":{"rendered":"https:\/\/laboklin.de\/leistungen\/infektionskrankheiten-erreger-und-antikoerpernachweise\/pilze\/cryptococcus-antigen\/"},"modified":"2024-10-09T20:30:34","modified_gmt":"2024-10-09T18:30:34","slug":"cryptococcus","status":"publish","type":"page","link":"https:\/\/laboklin.de\/de-at\/leistungen\/infektionskrankheiten-erreger-und-antikoerpernachweise\/pilze\/cryptococcus\/","title":{"rendered":"Cryptococcus"},"content":{"rendered":"<div class=\"wpb-content-wrapper\"><p>[vc_row][vc_column][vc_column_text css=&#8220;&#8220;]<h3>Leistungsspektrum<\/h3><div class=\"vc_tta-panels-container\"><div class=\"vc_tta-panels\"><li class=\"menu-item sub-page\"><a href=\"https:\/\/laboklin.de\/de-at\/leistungen\/infektionskrankheiten-erreger-und-antikoerpernachweise\/pilze\/cryptococcus\/cryptococcus-antigen\/\">Cryptococcus - Antigen<\/a><\/li><\/div><\/div><div class=\"gap\" style=\"line-height: 20px; height: 20px;\"><\/div>\n<p>Cryptococcus kann auch kulturell mykologisch nachgewiesen werden.<div class=\"gap\" style=\"line-height: 20px; height: 20px;\"><\/div>[\/vc_column_text][\/vc_column][\/vc_row][vc_row][vc_column][vc_column_text css=&#8220;&#8220;]<\/p>\n<h3>Allgemeine Informationen<\/h3>\n<p>Cryptococcus geh\u00f6rt zu den Hefepilzen und kommt haupts\u00e4chlich in Vogelf\u00e4kalien sowie kontaminierter Erde und Staub vor. Kryptokokken sind potenzielle Verursacher systemischer Infektionen bei Menschen, Haus- und Wildtieren. Eine direkte \u00dcbertragung vom Wirbeltier auf den Menschen wurde bislang nicht beobachtet. Eine klinische Erkrankung tritt h\u00e4ufiger bei der Katze auf als beim Hund. Es k\u00f6nnen hier nasale, zentralnerv\u00f6se, kutane oder systemische Verlaufsformen unterschieden werden. Beim Hund findet sich seltener eine nasale oder kutane Beteiligung, stattdessen sind systemische oder zentralnerv\u00f6se Symptome h\u00e4ufiger. Bei beiden Tierarten kann zudem auch die Lunge betroffen sein. Da Infektionen mit Cryptococcus neoformans zu schwerwiegenden Erkrankungen f\u00fchren k\u00f6nnen, ist eine fr\u00fche Erkennung relevant.[\/vc_column_text][\/vc_column][\/vc_row]<\/p>\n<\/div>","protected":false},"excerpt":{"rendered":"<p>[vc_row][vc_column][vc_column_text css=&#8220;&#8220;] Cryptococcus kann auch kulturell mykologisch nachgewiesen werden.[\/vc_column_text][\/vc_column][\/vc_row][vc_row][vc_column][vc_column_text css=&#8220;&#8220;] Allgemeine Informationen Cryptococcus geh\u00f6rt zu den Hefepilzen und kommt haupts\u00e4chlich in Vogelf\u00e4kalien sowie kontaminierter Erde und Staub vor. Kryptokokken sind potenzielle Verursacher systemischer Infektionen bei Menschen, Haus- und Wildtieren. Eine direkte \u00dcbertragung vom Wirbeltier auf den Menschen wurde bislang nicht beobachtet. Eine klinische Erkrankung tritt&hellip;<\/p>\n","protected":false},"author":1,"featured_media":0,"parent":1332777,"menu_order":2,"comment_status":"closed","ping_status":"closed","template":"","meta":{"_seopress_robots_primary_cat":"","_seopress_titles_title":"","_seopress_titles_desc":"","_seopress_robots_index":"","footnotes":""},"class_list":["post-1333190","page","type-page","status-publish","hentry","description-off"],"_links":{"self":[{"href":"https:\/\/laboklin.de\/de-at\/wp-json\/wp\/v2\/pages\/1333190","targetHints":{"allow":["GET"]}}],"collection":[{"href":"https:\/\/laboklin.de\/de-at\/wp-json\/wp\/v2\/pages"}],"about":[{"href":"https:\/\/laboklin.de\/de-at\/wp-json\/wp\/v2\/types\/page"}],"author":[{"embeddable":true,"href":"https:\/\/laboklin.de\/de-at\/wp-json\/wp\/v2\/users\/1"}],"replies":[{"embeddable":true,"href":"https:\/\/laboklin.de\/de-at\/wp-json\/wp\/v2\/comments?post=1333190"}],"version-history":[{"count":6,"href":"https:\/\/laboklin.de\/de-at\/wp-json\/wp\/v2\/pages\/1333190\/revisions"}],"predecessor-version":[{"id":1488784,"href":"https:\/\/laboklin.de\/de-at\/wp-json\/wp\/v2\/pages\/1333190\/revisions\/1488784"}],"up":[{"embeddable":true,"href":"https:\/\/laboklin.de\/de-at\/wp-json\/wp\/v2\/pages\/1332777"}],"wp:attachment":[{"href":"https:\/\/laboklin.de\/de-at\/wp-json\/wp\/v2\/media?parent=1333190"}],"curies":[{"name":"wp","href":"https:\/\/api.w.org\/{rel}","templated":true}]}}