{"id":1333179,"date":"2020-10-16T11:36:27","date_gmt":"2020-10-16T09:36:27","guid":{"rendered":"https:\/\/laboklin.de\/leistungen\/infektionskrankheiten-erreger-und-antikoerpernachweise\/parasiten\/trichomonaden\/"},"modified":"2020-10-16T11:36:27","modified_gmt":"2020-10-16T09:36:27","slug":"trichomonaden","status":"publish","type":"page","link":"https:\/\/laboklin.de\/de-at\/leistungen\/infektionskrankheiten-erreger-und-antikoerpernachweise\/parasiten\/trichomonaden\/","title":{"rendered":"Trichomonaden"},"content":{"rendered":"<div class=\"wpb-content-wrapper\"><p>[vc_row][vc_column][vc_column_text]<h3>Leistungsspektrum<\/h3><div class=\"vc_tta-panels-container\"><div class=\"vc_tta-panels\"><li class=\"menu-item sub-page\"><a href=\"https:\/\/laboklin.de\/de-at\/leistungen\/infektionskrankheiten-erreger-und-antikoerpernachweise\/parasiten\/trichomonaden\/trichomonaden-pcr\/\">Trichomonaden - PCR<\/a><\/li><\/div><\/div>[\/vc_column_text][\/vc_column][\/vc_row][vc_row][vc_column][vc_column_text css=&#8220;.vc_custom_1604930921702{margin-top: 40px !important;}&#8220;]<\/p>\n<h3>Allgemeine Informationen<\/h3>\n<p class=\"bodytext\">Bei der Trichomoniasis (<strong>Gelber Knopf,\u00a0Kropfseuche\u00a0<\/strong>oder<strong>\u00a0Flagellatendiphtherie<\/strong>) handelt es sich um eine Erkrankung des Magen-Darm-Traktes beim <b>Vogel<\/b>, insbesondere des Kropfes, welche durch Protozoen der Ordnung Trichomonadida verursacht wird. Die Flagellaten werden insbesondere \u00fcber die Kropfmilch und \u00fcber kontaminiertes Trinkwasser \u00fcbertragen. Vor allem Tauben und Finkenv\u00f6gel, aber auch Wellensittiche, Nymphensittiche sowie gelegentlich andere Papageien und Kanarienv\u00f6gel k\u00f6nnen betroffen sein. Bei Tauben sind die alten Tiere h\u00e4ufig persistent infizierte, klinisch inapparente Tr\u00e4ger. Trichomonas gallinae ist ein 5 bis 18 \u00b5m gro\u00dfes, birnenf\u00f6rmiges Gei\u00dfeltierchen, welches ausgehend von kleinen Schleimhautl\u00e4sionen in das Gewebe eindringt und dort die charakteristischen herdf\u00f6rmigen, gelblichen Wucherungen ausl\u00f6st. Die Krankheit tritt oft im Zusammenhang mit Stress, Vitaminmangel oder anderen Erkrankungen auf und kann in Einzelf\u00e4llen zu einer Besiedlung innerer Organe wie Leber und Herz f\u00fchren. Klinisch zeigt sich oft das Hervorw\u00fcrgen von unverdautem Futter, aber auch Durchfall kann ein Hinweis sein. Bei l\u00e4ngerer Krankheitsdauer magern die Tiere ab und werden apathisch. Bei Jungv\u00f6geln kann die Mortalit\u00e4t bis zu 40 % betragen.<\/p>\n<p>[\/vc_column_text][\/vc_column][\/vc_row]<\/p>\n<\/div>","protected":false},"excerpt":{"rendered":"<p>[vc_row][vc_column][vc_column_text][\/vc_column_text][\/vc_column][\/vc_row][vc_row][vc_column][vc_column_text css=&#8220;.vc_custom_1604930921702{margin-top: 40px !important;}&#8220;] Allgemeine Informationen Bei der Trichomoniasis (Gelber Knopf,\u00a0Kropfseuche\u00a0oder\u00a0Flagellatendiphtherie) handelt es sich um eine Erkrankung des Magen-Darm-Traktes beim Vogel, insbesondere des Kropfes, welche durch Protozoen der Ordnung Trichomonadida verursacht wird. Die Flagellaten werden insbesondere \u00fcber die Kropfmilch und \u00fcber kontaminiertes Trinkwasser \u00fcbertragen. Vor allem Tauben und Finkenv\u00f6gel, aber auch Wellensittiche, Nymphensittiche sowie gelegentlich&hellip;<\/p>\n","protected":false},"author":1,"featured_media":0,"parent":1332782,"menu_order":19,"comment_status":"closed","ping_status":"closed","template":"","meta":{"_seopress_robots_primary_cat":"","_seopress_titles_title":"","_seopress_titles_desc":"","_seopress_robots_index":"","footnotes":""},"class_list":["post-1333179","page","type-page","status-publish","hentry","description-off"],"_links":{"self":[{"href":"https:\/\/laboklin.de\/de-at\/wp-json\/wp\/v2\/pages\/1333179","targetHints":{"allow":["GET"]}}],"collection":[{"href":"https:\/\/laboklin.de\/de-at\/wp-json\/wp\/v2\/pages"}],"about":[{"href":"https:\/\/laboklin.de\/de-at\/wp-json\/wp\/v2\/types\/page"}],"author":[{"embeddable":true,"href":"https:\/\/laboklin.de\/de-at\/wp-json\/wp\/v2\/users\/1"}],"replies":[{"embeddable":true,"href":"https:\/\/laboklin.de\/de-at\/wp-json\/wp\/v2\/comments?post=1333179"}],"version-history":[{"count":0,"href":"https:\/\/laboklin.de\/de-at\/wp-json\/wp\/v2\/pages\/1333179\/revisions"}],"up":[{"embeddable":true,"href":"https:\/\/laboklin.de\/de-at\/wp-json\/wp\/v2\/pages\/1332782"}],"wp:attachment":[{"href":"https:\/\/laboklin.de\/de-at\/wp-json\/wp\/v2\/media?parent=1333179"}],"curies":[{"name":"wp","href":"https:\/\/api.w.org\/{rel}","templated":true}]}}