{"id":1333147,"date":"2020-10-16T11:36:27","date_gmt":"2020-10-16T09:36:27","guid":{"rendered":"https:\/\/laboklin.de\/leistungen\/infektionskrankheiten-erreger-und-antikoerpernachweise\/parasiten\/entamoeba-2\/"},"modified":"2025-01-28T20:14:25","modified_gmt":"2025-01-28T19:14:25","slug":"entamoeba","status":"publish","type":"page","link":"https:\/\/laboklin.de\/de-at\/leistungen\/infektionskrankheiten-erreger-und-antikoerpernachweise\/parasiten\/entamoeba\/","title":{"rendered":"Entamoeba"},"content":{"rendered":"<div class=\"wpb-content-wrapper\"><p>[vc_row][vc_column][vc_column_text css=&#8220;&#8220;]<h3>Leistungsspektrum<\/h3><div class=\"vc_tta-panels-container\"><div class=\"vc_tta-panels\"><li class=\"menu-item sub-page\"><a href=\"https:\/\/laboklin.de\/de-at\/leistungen\/infektionskrankheiten-erreger-und-antikoerpernachweise\/parasiten\/entamoeba\/entamoeba-invadens-pcr\/\">Entamoeba invadens - PCR<\/a><\/li><li class=\"menu-item sub-page\"><a href=\"https:\/\/laboklin.de\/de-at\/leistungen\/infektionskrankheiten-erreger-und-antikoerpernachweise\/parasiten\/entamoeba\/entamoeba-spp-pcr\/\">Entamoeba spp. - PCR<\/a><\/li><\/div><\/div>\n<div class=\"gap\" style=\"line-height: 20px; height: 20px;\"><\/div> Entamoeba spp. sind auch mikroskopisch nach Anreicherung mittels<a href=\"https:\/\/laboklin.de\/de\/leistungen\/mikrobiologie-parasitologie\/parasitologie\/parasitologische-untersuchungen-kot\/parasitologische-untersuchung-endoparasiten\/\"> SAFC-Verfahren<\/a> nachweisbar.<\/p>\n<p>Die Differenzierung der apathogenen Art Entamoeba coli zu der pathogenen Art Entamoeba histolytica bei Warmbl\u00fctern und Entamoeba invadens bei Schlangen gelingt mikroskopisch anhand der Nukleolen-Anzahl.<div class=\"gap\" style=\"line-height: 20px; height: 20px;\"><\/div>[\/vc_column_text][\/vc_column][\/vc_row][vc_row][vc_column][vc_column_text css=&#8220;&#8220;]<\/p>\n<h3>Allgemeine Informationen<\/h3>\n<p>Entam\u00f6ben sind einzellige Parasiten und durchlaufen einen direkten Lebenszyklus. Bei Reptilien k\u00f6nnen Spezies dieser Gattung zu unspezifischer Symptomatik, wie Diarrh\u00f6e, Anorexie und Lethargie, f\u00fchren. Vorwiegend sind Organe wie Leber und Darm betroffen, eine Beteiligung weiterer Organe ist aber ebenso m\u00f6glich. Eine Infektion kann zu schweren Entz\u00fcndungen mit Nekrosen und Abszessen f\u00fchren. Auch akute Todesf\u00e4lle sind beschrieben. Entamoeba invadens ist ein f\u00fcr Reptilien pathogener Vertreter, der v.a. in Gefangenschaft lebende Tiere betrifft. Symptomatische Verl\u00e4ufe sind v.a. bei Schlangen und fleischfressenden Echsen beschrieben, kommen aber auch bei verschiedenen Schildkr\u00f6tenarten vor. Asymptomatische Tr\u00e4ger sind auch m\u00f6glich, v.a. bei pflanzenfressenden Schildkr\u00f6ten. Allerdings k\u00f6nnen auch diese Tiere eine klinische Am\u00f6biasis ausbilden. F\u00fcr alle Reptilien sollte daher dieser Erreger als pathogen betrachtet werden.<\/p>\n<p>Die \u00dcbertragung erfolgt auf f\u00e4ko-oralem Wege, durch die Aufnahme von infekti\u00f6sen Zysten. Die Diagnose erfolgt per PCR oder\/und Histologie aus betroffenem Gewebe oder Faeces, ebenso ist ein mikroskopischer Nachweis aus Faeces m\u00f6glich. Wiederholte Untersuchungen k\u00f6nnten aufgrund der wechselnden oder geringen Ausscheidungsmenge notwendig sein.[\/vc_column_text][\/vc_column][\/vc_row]<\/p>\n<\/div>","protected":false},"excerpt":{"rendered":"<p>[vc_row][vc_column][vc_column_text css=&#8220;&#8220;] Entamoeba spp. sind auch mikroskopisch nach Anreicherung mittels SAFC-Verfahren nachweisbar. Die Differenzierung der apathogenen Art Entamoeba coli zu der pathogenen Art Entamoeba histolytica bei Warmbl\u00fctern und Entamoeba invadens bei Schlangen gelingt mikroskopisch anhand der Nukleolen-Anzahl.[\/vc_column_text][\/vc_column][\/vc_row][vc_row][vc_column][vc_column_text css=&#8220;&#8220;] Allgemeine Informationen Entam\u00f6ben sind einzellige Parasiten und durchlaufen einen direkten Lebenszyklus. Bei Reptilien k\u00f6nnen Spezies dieser Gattung&hellip;<\/p>\n","protected":false},"author":1,"featured_media":0,"parent":1332782,"menu_order":7,"comment_status":"closed","ping_status":"closed","template":"","meta":{"_seopress_robots_primary_cat":"","_seopress_titles_title":"","_seopress_titles_desc":"","_seopress_robots_index":"","footnotes":""},"class_list":["post-1333147","page","type-page","status-publish","hentry","description-off"],"_links":{"self":[{"href":"https:\/\/laboklin.de\/de-at\/wp-json\/wp\/v2\/pages\/1333147","targetHints":{"allow":["GET"]}}],"collection":[{"href":"https:\/\/laboklin.de\/de-at\/wp-json\/wp\/v2\/pages"}],"about":[{"href":"https:\/\/laboklin.de\/de-at\/wp-json\/wp\/v2\/types\/page"}],"author":[{"embeddable":true,"href":"https:\/\/laboklin.de\/de-at\/wp-json\/wp\/v2\/users\/1"}],"replies":[{"embeddable":true,"href":"https:\/\/laboklin.de\/de-at\/wp-json\/wp\/v2\/comments?post=1333147"}],"version-history":[{"count":4,"href":"https:\/\/laboklin.de\/de-at\/wp-json\/wp\/v2\/pages\/1333147\/revisions"}],"predecessor-version":[{"id":1504445,"href":"https:\/\/laboklin.de\/de-at\/wp-json\/wp\/v2\/pages\/1333147\/revisions\/1504445"}],"up":[{"embeddable":true,"href":"https:\/\/laboklin.de\/de-at\/wp-json\/wp\/v2\/pages\/1332782"}],"wp:attachment":[{"href":"https:\/\/laboklin.de\/de-at\/wp-json\/wp\/v2\/media?parent=1333147"}],"curies":[{"name":"wp","href":"https:\/\/api.w.org\/{rel}","templated":true}]}}