{"id":1333129,"date":"2020-11-04T09:14:49","date_gmt":"2020-11-04T08:14:49","guid":{"rendered":"https:\/\/laboklin.de\/leistungen\/infektionskrankheiten-erreger-und-antikoerpernachweise\/bakterien\/mykoplasmen\/nicht-haemotrope-mykoplasmen\/"},"modified":"2023-03-19T22:35:32","modified_gmt":"2023-03-19T21:35:32","slug":"nicht-haemotrope-mykoplasmen","status":"publish","type":"page","link":"https:\/\/laboklin.de\/de-at\/leistungen\/infektionskrankheiten-erreger-und-antikoerpernachweise\/bakterien\/mykoplasmen\/nicht-haemotrope-mykoplasmen\/","title":{"rendered":"Nicht h\u00e4motrope Mykoplasmen"},"content":{"rendered":"<div class=\"wpb-content-wrapper\"><p>[vc_row][vc_column][vc_column_text]<h3>Leistungsspektrum<\/h3><div class=\"vc_tta-panels-container\"><div class=\"vc_tta-panels\"><li class=\"menu-item sub-page\"><a href=\"https:\/\/laboklin.de\/de-at\/leistungen\/infektionskrankheiten-erreger-und-antikoerpernachweise\/bakterien\/mykoplasmen\/nicht-haemotrope-mykoplasmen\/hund-mykoplasmen-canis-pcr\/\">Hund: Mycoplasma canis - PCR<\/a><\/li><li class=\"menu-item sub-page\"><a href=\"https:\/\/laboklin.de\/de-at\/leistungen\/infektionskrankheiten-erreger-und-antikoerpernachweise\/bakterien\/mykoplasmen\/nicht-haemotrope-mykoplasmen\/hund-mykoplasmen-cynos-pcr\/\">Hund: Mycoplasma cynos  - PCR<\/a><\/li><li class=\"menu-item sub-page\"><a href=\"https:\/\/laboklin.de\/de-at\/leistungen\/infektionskrankheiten-erreger-und-antikoerpernachweise\/bakterien\/mykoplasmen\/nicht-haemotrope-mykoplasmen\/hund-mykoplasmen-schleimhaut-pcr\/\">Hund: Mycoplasma spp. (Schleimhaut) - PCR <\/a><\/li><li class=\"menu-item sub-page\"><a href=\"https:\/\/laboklin.de\/de-at\/leistungen\/infektionskrankheiten-erreger-und-antikoerpernachweise\/bakterien\/mykoplasmen\/nicht-haemotrope-mykoplasmen\/kaninchen-frettchen-mycoplasma-spp-pcr\/\">Kaninchen, Frettchen: Mycoplasma spp. - PCR<\/a><\/li><li class=\"menu-item sub-page\"><a href=\"https:\/\/laboklin.de\/de-at\/leistungen\/infektionskrankheiten-erreger-und-antikoerpernachweise\/bakterien\/mykoplasmen\/nicht-haemotrope-mykoplasmen\/katze-mykoplasmen-schleimhaut-pcr\/\">Katze: Mycoplasma felis - PCR <\/a><\/li><li class=\"menu-item sub-page\"><a href=\"https:\/\/laboklin.de\/de-at\/leistungen\/infektionskrankheiten-erreger-und-antikoerpernachweise\/bakterien\/mykoplasmen\/nicht-haemotrope-mykoplasmen\/maus-ratte-mycoplasma-pulmonis-pcr\/\">Maus, Ratte: Mycoplasma pulmonis - PCR <\/a><\/li><li class=\"menu-item sub-page\"><a href=\"https:\/\/laboklin.de\/de-at\/leistungen\/infektionskrankheiten-erreger-und-antikoerpernachweise\/bakterien\/mykoplasmen\/nicht-haemotrope-mykoplasmen\/meerschweinchen-mycoplasma-caviae-pcr\/\">Meerschweinchen: Mycoplasma caviae - PCR<\/a><\/li><li class=\"menu-item sub-page\"><a href=\"https:\/\/laboklin.de\/de-at\/leistungen\/infektionskrankheiten-erreger-und-antikoerpernachweise\/bakterien\/mykoplasmen\/nicht-haemotrope-mykoplasmen\/rind-mycoplasma-bovis-pcr\/\">Rind: Mycoplasma bovis - PCR<\/a><\/li><li class=\"menu-item sub-page\"><a href=\"https:\/\/laboklin.de\/de-at\/leistungen\/infektionskrankheiten-erreger-und-antikoerpernachweise\/bakterien\/mykoplasmen\/nicht-haemotrope-mykoplasmen\/schildkroete-schlange-mykoplasmen-pcr\/\">Schildkr\u00f6te, Schlange: Mykoplasmen - PCR <\/a><\/li><li class=\"menu-item sub-page\"><a href=\"https:\/\/laboklin.de\/de-at\/leistungen\/infektionskrankheiten-erreger-und-antikoerpernachweise\/bakterien\/mykoplasmen\/nicht-haemotrope-mykoplasmen\/schwein-mycoplasma-hyopneumoniae-antikoerper\/\">Schwein: Mycoplasma hyopneumoniae - Antik\u00f6rper*<\/a><\/li><li class=\"menu-item sub-page\"><a href=\"https:\/\/laboklin.de\/de-at\/leistungen\/infektionskrankheiten-erreger-und-antikoerpernachweise\/bakterien\/mykoplasmen\/nicht-haemotrope-mykoplasmen\/schwein-mycoplasma-hyopneumoniae-pcr\/\">Schwein: Mycoplasma hyopneumoniae - PCR<\/a><\/li><li class=\"menu-item sub-page\"><a href=\"https:\/\/laboklin.de\/de-at\/leistungen\/infektionskrankheiten-erreger-und-antikoerpernachweise\/bakterien\/mykoplasmen\/nicht-haemotrope-mykoplasmen\/voegel-gefluegel-mycoplasma-gallisepticum-synoviae-pcr\/\">V\u00f6gel (Gefl\u00fcgel): Mycoplasma gallisepticum + synoviae - PCR <\/a><\/li><\/div><\/div>\n<div id=\"c4221\" class=\"csc-default\">\n<p class=\"bodytext\"><div class=\"gap\" style=\"line-height: 20px; height: 20px;\"><\/div><strong>Rind:<\/strong><\/p>\n<p class=\"bodytext\">Der Nachweis von Mycoplasma bovis mittels PCR ist auch Bestandteil der\u00a0<a class=\"internal-link\" title=\"\u00d6ffnet einen internen Link\" href=\"https:\/\/laboklin.de\/de-at\/leistungen\/profile\/profile-screenings-wiederkaeuer\/pcr-profile\/respirationsprofil-rind-1-kultur-pcr\/\">Leistung 8427 Respirationsprofil Rind (PCR-Profil)<\/a>.<\/p>\n<p class=\"bodytext\">Antik\u00f6rper gegen Mycoplasma bovis k\u00f6nnen mittels des\u00a0<a class=\"internal-link\" title=\"\u00d6ffnet einen internen Link\" href=\"https:\/\/laboklin.de\/de-at\/leistungen\/profile\/profile-screenings-wiederkaeuer\/serologische-profile\/respirationsprofil-rind-antikoerper\/\">serologischen Respirationsprofils Rind (Leistung 1240)<\/a>\u00a0nachgewiesen werden.<\/p>\n<\/div>\n<div id=\"c7925\" class=\"csc-default csc-space-before-15\">\n<p class=\"bodytext\"><div class=\"gap\" style=\"line-height: 20px; height: 20px;\"><\/div>* Partnerlabor<\/p>\n<\/div>\n<p>[\/vc_column_text][\/vc_column][\/vc_row][vc_row type=&#8220;vc_default&#8220; css=&#8220;.vc_custom_1612174375802{margin-top: 30px !important;}&#8220;][vc_column][vc_column_text]<\/p>\n<h3>Allgemeine Informationen<\/h3>\n<p>Nicht h\u00e4motrope Mykoplasmen sind auf den Schleimh\u00e4uten des Respirations- und Urogenitaltraktes zu finden (<strong>Schleimhaut-assoziierte Mykoplasmen<\/strong>), wo sie sich sehr lange der Immunantwort des infizierten Tieres entziehen k\u00f6nnen. Klinisch treten meist Konjunktivitis und Rhinitis auf, seltener Erkrankungen der oberen Luftwege Mykoplasmen k\u00f6nnen auch prim\u00e4r pathogen sein.<\/p>\n<p>Da sich Mykoplasmen nur schwer kultivieren lassen, stellt der PCR-Nachweis die Methode der Wahl dar.[\/vc_column_text][\/vc_column][\/vc_row][vc_row type=&#8220;vc_default&#8220; css=&#8220;.vc_custom_1612174547154{margin-top: 30px !important;}&#8220;][vc_column][vc_accordion active_tab=&#8220;false&#8220; title_size=&#8220;normal&#8220; style=&#8220;2&#8243;][vc_accordion_tab title=&#8220;Hund&#8220;][vc_column_text]Mykoplasmen kommen sehr h\u00e4ufig in der Hundepopulation vor und werden in der Literatur teilweise als Kommensale angesehen. Sie werden aber auch im Zusammenhang mit Erkrankungen im Urogenitalbereich und bei Unfruchtbarkeit beobachtet. Klinisch kann eine Infektion mit caninen Mykoplasmen bei R\u00fcden zu einer Prostatitis und\/oder Orchitis, bei H\u00fcndinnen u.a. zu Endometritis f\u00fchren. Aber auch bei respiratorischen Erkrankungen k\u00f6nnen Mykoplasmen beim Hund eine Rolle spielen.[\/vc_column_text][\/vc_accordion_tab][vc_accordion_tab title=&#8220;Katze&#8220;][vc_column_text]Im Rahmen des Katzenschnupfenkomplexes spielt neben den viralen Komponenten (FHV, FCV) auch Mycoplasma felis eine Rolle. Klinisch \u00e4u\u00dfert sich eine Infektion meist in Konjunktivitis und Rhinitis. Auch Mycoplasma gatae und Mycoplasma feliminutum werden gelegentlich aus Katzen isoliert, ihre klinische Bedeutung ist jedoch fraglich.[\/vc_column_text][\/vc_accordion_tab][vc_accordion_tab title=&#8220;Ratte und Maus&#8220;][vc_column_text]<\/p>\n<p style=\"font-weight: 300;\"><b><strong>Mycoplasma pulmonis<\/strong><\/b>\u00a0ist der Erreger der \u201emurinen respiratorischen Mykoplasmose\u201c bei Ratte und Maus, einer langsam voranschreitenden Infektion der Atemwege, die mit Bildung von z\u00e4hem Schleim einhergeht. Klinisch zeigen erkrankte Tiere Niesen, mukopurulenten Nasenausfluss, r\u00f6chelnde Atemger\u00e4usche und Dyspnoe. Die Infektion kann sich bis ins Mittelohr ausbreiten und zu einer Otitis media und Kopfschiefhaltung f\u00fchren.<\/p>\n<p style=\"font-weight: 300;\">Daneben kann Mycoplasma pulmonis, besonders bei \u00e4lteren weiblichen Ratten, eine Genitalinfektion verursachen, die zu Sterilit\u00e4t oder geringer Wurfgr\u00f6\u00dfe f\u00fchrt. Seltener wird auch eine Metritis oder Pyometra beobachtet.<\/p>\n<p style=\"font-weight: 300;\">Latente Infektionen ohne Auspr\u00e4gung klinischer Symptome sind h\u00e4ufig.<\/p>\n<p style=\"font-weight: 300;\">Die \u00dcbertragung erfolgt durch Aerosole bei engem, direktem Kontakt. Auch eine sexuelle und intrauterine \u00dcbertragung ist m\u00f6glich.<\/p>\n<p>[\/vc_column_text][\/vc_accordion_tab][vc_accordion_tab title=&#8220;Reptilien&#8220;][vc_column_text]<\/p>\n<p style=\"font-weight: 300;\">Bei der Landschildkr\u00f6te kommen mehrere Mycoplasma spp. vor. Durch eine Infektion mit einem virulenten\u00a0<b>Mycoplasma-agassizii<\/b>-Stamm wird eine sogenannte Upper Respiratory Tract Disease (URTD) hervorgerufen, eine Erkrankung, die sich klinisch durch ser\u00f6sen, muk\u00f6sen und purulenten Nasenausfluss sowie Augenausfluss, Bindehautentz\u00fcndung und Lid\u00f6dem \u00e4u\u00dfert. Dar\u00fcber hinaus kann es zu Lethargie, Dehydratation, Anorexie sowie Kachexie mit Todesfolge kommen. Ein wesentliches Merkmal einer Infektion mit Mykoplasmen ist die Tatsache, dass sie in einem Organismus persistieren k\u00f6nnen, ohne Krankheitssymptome auszul\u00f6sen. H\u00e4ufig kommt es erst durch das Zusammenwirken mit anderen Mikroorganismen und Umweltfaktoren in Kombination mit genetischen Eigenschaften und Immunreaktionen des Wirtes zum Krankheitsausbruch. Auch bei Wasserschildkr\u00f6ten und bei anderen Reptilien, insbesondere Phytons, werden Mykoplasmen nachgewiesen, \u00fcber ihre klinische Bedeutung ist aber weniger bekannt.<\/p>\n<p>[\/vc_column_text][\/vc_accordion_tab][vc_accordion_tab title=&#8220;Rind&#8220;][vc_column_text]<\/p>\n<p style=\"font-weight: 300;\"><b><strong>Mycoplasma bovis<\/strong><\/b>\u00a0kann beim Kalb in den ersten Lebenswochen meist enzootisch auftretende Lungen- und Gelenksentz\u00fcndungen und bei der Kuh schwere Euterentz\u00fcndungen hervorrufen.<\/p>\n<p style=\"font-weight: 300;\">Typisch ist oft eine Ohrentz\u00fcndung der betroffenen K\u00e4lber mit herunterh\u00e4ngenden Ohr\u00admuscheln und ein Schiefhalten des Kopfes. Mycoplasma bovis ist als Mastitiserreger hochansteckend. Typisch ist hier, dass es zur Vergr\u00f6\u00dferung und Verh\u00e4rtung der Milchdr\u00fcse kommt und die Entz\u00fcndung binnen einiger Wochen auf die benachbarten Euterviertel \u00fcbergreift.<\/p>\n<p style=\"font-weight: 300;\">Auch im Zusammenhang mit chronischen Erkrankungen des Respirationstrakts wird der Erreger h\u00e4ufig nachgewiesen. Reservoire bilden M. bovis im Respirationstrakt klinisch gesunder K\u00e4lber und Jungrinder sowie im Euter von K\u00fchen mit subklinischer Mastitis.<\/p>\n<p style=\"font-weight: 300;\"><b><strong>Mycoplasma mycoides subsp. mycoides<\/strong><\/b>\u00a0ist der Erreger der Lungenseuche des Rindes (<b><strong>Anzeigepflicht<\/strong><\/b>\u00a0in Deutschland).<\/p>\n<p>[\/vc_column_text][\/vc_accordion_tab][vc_accordion_tab title=&#8220;Schwein&#8220;][vc_column_text]<\/p>\n<p style=\"font-weight: 300;\"><b>Mycoplasma hyopneumoniae\u00a0<\/b>ist der prim\u00e4re Erreger der enzootischen porcinen Pneumonie (EPP) beim Schwein. EPP ist eine der bedeutendsten Ursachen von respiratorischen Infektionskrankheiten beim Schwein. Die Erkrankung ist weltweit verbreitet. Hohe wirtschaftliche Verluste in der Schweineproduktion verursacht der Erreger aber erst im Zusammenspiel mit schlechten Umweltfaktoren und bakteriellen und\/oder viralen Sekund\u00e4rinfektionen.<\/p>\n<p>[\/vc_column_text][\/vc_accordion_tab][vc_accordion_tab title=&#8220;Gefl\u00fcgel&#8220;][vc_column_text]<\/p>\n<p class=\"bodytext\">Infektionen mit\u00a0<b>Mycoplasma gallisepticum<\/b>\u00a0f\u00fchren zur sogenannten Chronic Respiratory Disease (CRD) der H\u00fchner bzw. zur infekti\u00f6sen Sinusitis der Puten. Die Infektion erfolgt sowohl horizontal \u00fcber die Luft und direkten Kontakt als auch vertikal \u00fcber Bruteier. Im Vordergrund stehen chronische Entz\u00fcndungen der oberen Luftwege und Luft\u00ads\u00e4cke, begleitet von Erkrankungen der Gelenke, Sehnenscheiden und des Genitaltraktes. Zentralnerv\u00f6se St\u00f6rungen k\u00f6nnen ebenfalls auftreten. Zudem gehen Legeleistung und Schlupfraten deutlich zur\u00fcck. Nicht selten liegen auch Mischinfektionen mit viralen Erregern wie dem Newcastle Disease Virus (NDV) oder dem Infekti\u00f6sen Bronchitis Virus (IBV) vor und k\u00f6nnen (auch als Impfviren) das Krankheitsbild erheblich verschlimmern.<\/p>\n<p class=\"bodytext\">Mycoplasma synoviae f\u00fchrt bei H\u00fchnern und Puten zur infekti\u00f6sen Synovitis und Arthritis, die sich klinisch in Gelenkschwellung und Lahmheiten \u00e4u\u00dfern. Entz\u00fcndungen von Lufts\u00e4cken, Herzmuskel und Herzbeutel treten ebenfalls auf. Vor allem nach Mischinfektionen zeigen sich auch respiratorische Symptome. Wachstumsdepression, R\u00fcckgang der Legeleistung und gr\u00fcnliche Durchf\u00e4lle sind ebenfalls Folgen der Infektion. Neben H\u00fchnerv\u00f6geln sind auch G\u00e4nse f\u00fcr diesen Erreger empf\u00e4nglich.<\/p>\n<p>[\/vc_column_text][\/vc_accordion_tab][\/vc_accordion][\/vc_column][\/vc_row]<\/p>\n<\/div>","protected":false},"excerpt":{"rendered":"<p>[vc_row][vc_column][vc_column_text] Rind: Der Nachweis von Mycoplasma bovis mittels PCR ist auch Bestandteil der\u00a0Leistung 8427 Respirationsprofil Rind (PCR-Profil). Antik\u00f6rper gegen Mycoplasma bovis k\u00f6nnen mittels des\u00a0serologischen Respirationsprofils Rind (Leistung 1240)\u00a0nachgewiesen werden. * Partnerlabor [\/vc_column_text][\/vc_column][\/vc_row][vc_row type=&#8220;vc_default&#8220; css=&#8220;.vc_custom_1612174375802{margin-top: 30px !important;}&#8220;][vc_column][vc_column_text] Allgemeine Informationen Nicht h\u00e4motrope Mykoplasmen sind auf den Schleimh\u00e4uten des Respirations- und Urogenitaltraktes zu finden (Schleimhaut-assoziierte Mykoplasmen), wo sie&hellip;<\/p>\n","protected":false},"author":1,"featured_media":0,"parent":1333100,"menu_order":1,"comment_status":"closed","ping_status":"closed","template":"","meta":{"_seopress_robots_primary_cat":"","_seopress_titles_title":"","_seopress_titles_desc":"","_seopress_robots_index":"","footnotes":""},"class_list":["post-1333129","page","type-page","status-publish","hentry","description-off"],"_links":{"self":[{"href":"https:\/\/laboklin.de\/de-at\/wp-json\/wp\/v2\/pages\/1333129","targetHints":{"allow":["GET"]}}],"collection":[{"href":"https:\/\/laboklin.de\/de-at\/wp-json\/wp\/v2\/pages"}],"about":[{"href":"https:\/\/laboklin.de\/de-at\/wp-json\/wp\/v2\/types\/page"}],"author":[{"embeddable":true,"href":"https:\/\/laboklin.de\/de-at\/wp-json\/wp\/v2\/users\/1"}],"replies":[{"embeddable":true,"href":"https:\/\/laboklin.de\/de-at\/wp-json\/wp\/v2\/comments?post=1333129"}],"version-history":[{"count":1,"href":"https:\/\/laboklin.de\/de-at\/wp-json\/wp\/v2\/pages\/1333129\/revisions"}],"predecessor-version":[{"id":1428013,"href":"https:\/\/laboklin.de\/de-at\/wp-json\/wp\/v2\/pages\/1333129\/revisions\/1428013"}],"up":[{"embeddable":true,"href":"https:\/\/laboklin.de\/de-at\/wp-json\/wp\/v2\/pages\/1333100"}],"wp:attachment":[{"href":"https:\/\/laboklin.de\/de-at\/wp-json\/wp\/v2\/media?parent=1333129"}],"curies":[{"name":"wp","href":"https:\/\/api.w.org\/{rel}","templated":true}]}}