{"id":1333124,"date":"2020-10-16T11:36:27","date_gmt":"2020-10-16T09:36:27","guid":{"rendered":"https:\/\/laboklin.de\/leistungen\/infektionskrankheiten-erreger-und-antikoerpernachweise\/bakterien\/treponema-paraluiscuniculi\/"},"modified":"2020-10-16T11:36:27","modified_gmt":"2020-10-16T09:36:27","slug":"treponema-paraluiscuniculi","status":"publish","type":"page","link":"https:\/\/laboklin.de\/de-at\/leistungen\/infektionskrankheiten-erreger-und-antikoerpernachweise\/bakterien\/treponema-paraluiscuniculi\/","title":{"rendered":"Treponema paraluiscuniculi"},"content":{"rendered":"<div class=\"wpb-content-wrapper\"><p>[vc_row][vc_column][vc_column_text]<h3>Leistungsspektrum<\/h3><div class=\"vc_tta-panels-container\"><div class=\"vc_tta-panels\"><li class=\"menu-item sub-page\"><a href=\"https:\/\/laboklin.de\/de-at\/leistungen\/infektionskrankheiten-erreger-und-antikoerpernachweise\/bakterien\/treponema-paraluiscuniculi\/treponema-paraluiscuniculi-antikoerper\/\">Treponema paraluiscuniculi - Antik\u00f6rper*<\/a><\/li><li class=\"menu-item sub-page\"><a href=\"https:\/\/laboklin.de\/de-at\/leistungen\/infektionskrankheiten-erreger-und-antikoerpernachweise\/bakterien\/treponema-paraluiscuniculi\/treponema-paraluiscuniculi-pcr\/\">Treponema paraluiscuniculi - PCR<\/a><\/li><\/div><\/div>[\/vc_column_text][\/vc_column][\/vc_row][vc_row][vc_column][vc_column_text css=&#8220;.vc_custom_1604569861707{margin-top: 30px !important;}&#8220;]* Partnerlabor<\/p>\n<h3><div class=\"gap\" style=\"line-height: 20px; height: 20px;\"><\/div><\/h3>\n<h3>Allgemeine Informationen<\/h3>\n<p>Die <b><strong>Kaninchensyphilis<\/strong><\/b> (Spirochaetosis cuniculi) wird durch das hochkontagi\u00f6se Bakterium Treponema paraluiscuniculi hervorgerufen. Empf\u00e4nglich sind nur Kaninchen und Hasen, eine Ansteckung des Menschen ist nicht m\u00f6glich. Die \u00dcbertragung erfolgt durch direkten Kontakt, \u00fcblicherweise beim Deckakt. Aber auch \u00fcber andere Schleimhautkontakte sowie Einstreu und Futter k\u00f6nnen sich die Tiere infizieren. Die Kaninchensyphilis tritt in der Regel als chronische Erkrankung auf, latente Infektionen sind jedoch ebenfalls m\u00f6glich. Die Inkubationszeit betr\u00e4gt Wochen bis Monate. Erste klinische Symptome zeigen sich als \u00f6demat\u00f6se Schwellungen und Knotenbildung an den \u00e4u\u00dferen Geschlechtsorganen. Im weiteren Verlauf zerfallen diese Kn\u00f6tchen geschw\u00fcrartig und verkrusten eitrig. Durch Belecken der betroffenen Anogenitalregion werden h\u00e4ufig noch andere Hautpartien, wie beispielsweise Lippen, Augenlider oder Ohrr\u00e4nder betroffen.[\/vc_column_text][\/vc_column][\/vc_row]<\/p>\n<\/div>","protected":false},"excerpt":{"rendered":"<p>[vc_row][vc_column][vc_column_text][\/vc_column_text][\/vc_column][\/vc_row][vc_row][vc_column][vc_column_text css=&#8220;.vc_custom_1604569861707{margin-top: 30px !important;}&#8220;]* Partnerlabor Allgemeine Informationen Die Kaninchensyphilis (Spirochaetosis cuniculi) wird durch das hochkontagi\u00f6se Bakterium Treponema paraluiscuniculi hervorgerufen. Empf\u00e4nglich sind nur Kaninchen und Hasen, eine Ansteckung des Menschen ist nicht m\u00f6glich. Die \u00dcbertragung erfolgt durch direkten Kontakt, \u00fcblicherweise beim Deckakt. Aber auch \u00fcber andere Schleimhautkontakte sowie Einstreu und Futter k\u00f6nnen sich die Tiere infizieren.&hellip;<\/p>\n","protected":false},"author":1,"featured_media":0,"parent":1332775,"menu_order":39,"comment_status":"closed","ping_status":"closed","template":"","meta":{"_seopress_robots_primary_cat":"","_seopress_titles_title":"","_seopress_titles_desc":"","_seopress_robots_index":"","footnotes":""},"class_list":["post-1333124","page","type-page","status-publish","hentry","description-off"],"_links":{"self":[{"href":"https:\/\/laboklin.de\/de-at\/wp-json\/wp\/v2\/pages\/1333124","targetHints":{"allow":["GET"]}}],"collection":[{"href":"https:\/\/laboklin.de\/de-at\/wp-json\/wp\/v2\/pages"}],"about":[{"href":"https:\/\/laboklin.de\/de-at\/wp-json\/wp\/v2\/types\/page"}],"author":[{"embeddable":true,"href":"https:\/\/laboklin.de\/de-at\/wp-json\/wp\/v2\/users\/1"}],"replies":[{"embeddable":true,"href":"https:\/\/laboklin.de\/de-at\/wp-json\/wp\/v2\/comments?post=1333124"}],"version-history":[{"count":0,"href":"https:\/\/laboklin.de\/de-at\/wp-json\/wp\/v2\/pages\/1333124\/revisions"}],"up":[{"embeddable":true,"href":"https:\/\/laboklin.de\/de-at\/wp-json\/wp\/v2\/pages\/1332775"}],"wp:attachment":[{"href":"https:\/\/laboklin.de\/de-at\/wp-json\/wp\/v2\/media?parent=1333124"}],"curies":[{"name":"wp","href":"https:\/\/api.w.org\/{rel}","templated":true}]}}