{"id":1333122,"date":"2020-10-16T11:36:27","date_gmt":"2020-10-16T09:36:27","guid":{"rendered":"https:\/\/laboklin.de\/leistungen\/infektionskrankheiten-erreger-und-antikoerpernachweise\/bakterien\/taylorella-equigenitalis-cem\/"},"modified":"2024-10-09T14:08:32","modified_gmt":"2024-10-09T12:08:32","slug":"taylorellen","status":"publish","type":"page","link":"https:\/\/laboklin.de\/de-at\/leistungen\/infektionskrankheiten-erreger-und-antikoerpernachweise\/bakterien\/taylorellen\/","title":{"rendered":"Taylorellen"},"content":{"rendered":"<div class=\"wpb-content-wrapper\"><p>[vc_row][vc_column][vc_column_text]<h3>Leistungsspektrum<\/h3><div class=\"vc_tta-panels-container\"><div class=\"vc_tta-panels\"><li class=\"menu-item sub-page\"><a href=\"https:\/\/laboklin.de\/de-at\/leistungen\/infektionskrankheiten-erreger-und-antikoerpernachweise\/bakterien\/taylorellen\/cem-taylorella-equigenitalis-pcr\/\">Taylorella equigenitalis - PCR<\/a><\/li><li class=\"menu-item sub-page\"><a href=\"https:\/\/laboklin.de\/de-at\/leistungen\/infektionskrankheiten-erreger-und-antikoerpernachweise\/bakterien\/taylorellen\/cem-kultur\/\">CEM - Kultur<\/a><\/li><li class=\"menu-item sub-page\"><a href=\"https:\/\/laboklin.de\/de-at\/leistungen\/infektionskrankheiten-erreger-und-antikoerpernachweise\/bakterien\/taylorellen\/cem-profil-hengst-1-pcr\/\">CEM-Profil Hengst 1 - PCR<\/a><\/li><li class=\"menu-item sub-page\"><a href=\"https:\/\/laboklin.de\/de-at\/leistungen\/infektionskrankheiten-erreger-und-antikoerpernachweise\/bakterien\/taylorellen\/cem-profil-hengst-2-pcr\/\">CEM-Profil Hengst 2 - PCR<\/a><\/li><li class=\"menu-item sub-page\"><a href=\"https:\/\/laboklin.de\/de-at\/leistungen\/infektionskrankheiten-erreger-und-antikoerpernachweise\/bakterien\/taylorellen\/cem-profil-stute-1-pcr\/\">CEM-Profil Stute 1 - PCR<\/a><\/li><li class=\"menu-item sub-page\"><a href=\"https:\/\/laboklin.de\/de-at\/leistungen\/infektionskrankheiten-erreger-und-antikoerpernachweise\/bakterien\/taylorellen\/cem-profil-stute-2-pcr\/\">CEM-Profil Stute 2 - PCR<\/a><\/li><li class=\"menu-item sub-page\"><a href=\"https:\/\/laboklin.de\/de-at\/leistungen\/infektionskrankheiten-erreger-und-antikoerpernachweise\/bakterien\/taylorellen\/taylorella-asinigenitalis-pcr\/\">Taylorella asinigenitalis - PCR<\/a><\/li><li class=\"menu-item sub-page\"><a href=\"https:\/\/laboklin.de\/de-at\/leistungen\/infektionskrankheiten-erreger-und-antikoerpernachweise\/bakterien\/taylorellen\/zuchthygiene-cem-kultur\/\">Zuchthygiene + CEM - Kultur<\/a><\/li><\/div><\/div>[\/vc_column_text][\/vc_column][\/vc_row][vc_row][vc_column][vc_column_text css=&#8220;.vc_custom_1728475553129{margin-top: 30px !important;}&#8220;]<\/p>\n<h3>Allgemeine Informationen<div class=\"gap\" style=\"line-height: 20px; height: 20px;\"><\/div><\/h3>\n<p>[\/vc_column_text][\/vc_column][\/vc_row][vc_row][vc_column][vc_accordion active_tab=&#8220;false&#8220; title_size=&#8220;normal&#8220; style=&#8220;2&#8243;][vc_accordion_tab title=&#8220;Taylorella equigenitalis&#8220;][vc_column_text css=&#8220;&#8220;]Die <b><strong>kontagi\u00f6se equine Metritis (<\/strong><\/b><b><strong>CEM)<\/strong><\/b> wird durch das gramnegative St\u00e4bchenbakterium Taylorella equigenitalis verursacht. Die \u00dcbertragung erfolgt v.a. beim Deckakt, Hengste beherbergen den Erreger latent auf der Penisschleimhaut, besonders in der Fossa urethralis und im Smegma des Pr\u00e4putiums. Auch eine \u00dcbertragung von infizierten Stuten auf Hengste ist m\u00f6glich. Eine Infektion f\u00fchrt bei Stuten zu einer Endometritis\/Zervizitis mit muko-purulentem Vaginalausfluss und zu verminderter Fruchtbarkeit. Beim Hengst fehlen klinische Anzeichen f\u00fcr die Erkrankung.<\/p>\n<p>Bei Exporten ist die bakteriologische Untersuchung gefordert; innerhalb der EU ist mittlerweile auch der Nachweis mittels PCR als geeignetes Testverfahren anerkannt.<\/p>\n<p>Der Nachweis von Taylorella equigenitalis ist in Deutschland <b><strong>meldepflichtig<\/strong><\/b>.[\/vc_column_text][\/vc_accordion_tab][vc_accordion_tab title=&#8220;Taylorella asinigenitalis&#8220;][vc_column_text css=&#8220;&#8220;]<strong>Taylorella (T.) asinigenitalis<\/strong> ist eng verwandt mit T. equigenitalis, dem Erreger der kontagi\u00f6sen equinen Metritis (CEM). Zun\u00e4chst wurde das Bakterium in den USA beschrieben, in den letzten Jahren gab es jedoch auch positive Nachweise in mehreren europ\u00e4ischen L\u00e4ndern (z. B. Italien, Frankreich, Kroatien, Spanien, UK). Detektiert wurde T. asinigenitalis v. a. auf der Genitalschleimhaut von vorwiegend m\u00e4nnlichen Eseln, seltener bei Pfer- den. Generell als apathogen eingestuft, konnte in Infektionsversuchen mit dem Bakterium jedoch eine transiente Metritis und Zervizitis ausgel\u00f6st werden, deren klinisches Bild<br \/>\nallerdings milder ausfiel als das einer Infektion mit T. equigenitalis. Dar\u00fcber hinaus ist ein st\u00e4rker pathogener Stamm beschrieben worden, der zu schwerer, purulenter Endometritis nach der intrauterinen Applikation bei Stuten f\u00fchrte. Interessanterweise blieben Eselstuten nach Infektion mit diesem Stamm asymptomatisch. F\u00fcr eine umfassende zuchthygienische Untersuchung wird ein zus\u00e4tzliches PCR-Screening auf T. asinigenitalis, neben der PCR auf T. equigenitalis, empfohlen, um zuk\u00fcnftige Ausbr\u00fcche pathogener T. asinigenitalis-St\u00e4mme fr\u00fchzeitig zu erkennen.[\/vc_column_text][\/vc_accordion_tab][\/vc_accordion][\/vc_column][\/vc_row]<\/p>\n<\/div>","protected":false},"excerpt":{"rendered":"<p>[vc_row][vc_column][vc_column_text][\/vc_column_text][\/vc_column][\/vc_row][vc_row][vc_column][vc_column_text css=&#8220;.vc_custom_1728475553129{margin-top: 30px !important;}&#8220;] Allgemeine Informationen [\/vc_column_text][\/vc_column][\/vc_row][vc_row][vc_column][vc_accordion active_tab=&#8220;false&#8220; title_size=&#8220;normal&#8220; style=&#8220;2&#8243;][vc_accordion_tab title=&#8220;Taylorella equigenitalis&#8220;][vc_column_text css=&#8220;&#8220;]Die kontagi\u00f6se equine Metritis (CEM) wird durch das gramnegative St\u00e4bchenbakterium Taylorella equigenitalis verursacht. Die \u00dcbertragung erfolgt v.a. beim Deckakt, Hengste beherbergen den Erreger latent auf der Penisschleimhaut, besonders in der Fossa urethralis und im Smegma des Pr\u00e4putiums. Auch eine \u00dcbertragung von infizierten Stuten&hellip;<\/p>\n","protected":false},"author":1,"featured_media":0,"parent":1332775,"menu_order":38,"comment_status":"closed","ping_status":"closed","template":"","meta":{"_seopress_robots_primary_cat":"","_seopress_titles_title":"","_seopress_titles_desc":"","_seopress_robots_index":"","footnotes":""},"class_list":["post-1333122","page","type-page","status-publish","hentry","description-off"],"_links":{"self":[{"href":"https:\/\/laboklin.de\/de-at\/wp-json\/wp\/v2\/pages\/1333122","targetHints":{"allow":["GET"]}}],"collection":[{"href":"https:\/\/laboklin.de\/de-at\/wp-json\/wp\/v2\/pages"}],"about":[{"href":"https:\/\/laboklin.de\/de-at\/wp-json\/wp\/v2\/types\/page"}],"author":[{"embeddable":true,"href":"https:\/\/laboklin.de\/de-at\/wp-json\/wp\/v2\/users\/1"}],"replies":[{"embeddable":true,"href":"https:\/\/laboklin.de\/de-at\/wp-json\/wp\/v2\/comments?post=1333122"}],"version-history":[{"count":5,"href":"https:\/\/laboklin.de\/de-at\/wp-json\/wp\/v2\/pages\/1333122\/revisions"}],"predecessor-version":[{"id":1488762,"href":"https:\/\/laboklin.de\/de-at\/wp-json\/wp\/v2\/pages\/1333122\/revisions\/1488762"}],"up":[{"embeddable":true,"href":"https:\/\/laboklin.de\/de-at\/wp-json\/wp\/v2\/pages\/1332775"}],"wp:attachment":[{"href":"https:\/\/laboklin.de\/de-at\/wp-json\/wp\/v2\/media?parent=1333122"}],"curies":[{"name":"wp","href":"https:\/\/api.w.org\/{rel}","templated":true}]}}