{"id":1333091,"date":"2020-10-16T11:36:27","date_gmt":"2020-10-16T09:36:27","guid":{"rendered":"https:\/\/laboklin.de\/leistungen\/infektionskrankheiten-erreger-und-antikoerpernachweise\/bakterien\/melissococcus\/"},"modified":"2025-02-03T09:26:45","modified_gmt":"2025-02-03T08:26:45","slug":"melissococcus","status":"publish","type":"page","link":"https:\/\/laboklin.de\/de-at\/leistungen\/infektionskrankheiten-erreger-und-antikoerpernachweise\/bakterien\/melissococcus\/","title":{"rendered":"Melissococcus"},"content":{"rendered":"<div class=\"wpb-content-wrapper\"><p>[vc_row][vc_column][vc_column_text]<h3>Leistungsspektrum<\/h3><div class=\"vc_tta-panels-container\"><div class=\"vc_tta-panels\"><li class=\"menu-item sub-page\"><a href=\"https:\/\/laboklin.de\/de-at\/leistungen\/infektionskrankheiten-erreger-und-antikoerpernachweise\/bakterien\/melissococcus\/melissococcus-plutonius-efb-pcr\/\">Melissococcus plutonius (Gutartige\/Europ\u00e4ische Faulbrut, EFB) - PCR<\/a><\/li><\/div><\/div>[\/vc_column_text][\/vc_column][\/vc_row][vc_row][vc_column][vc_column_text css=&#8220;.vc_custom_1612173295438{margin-top: 30px !important;}&#8220;]<\/p>\n<h3>Allgemeine Informationen<\/h3>\n<p>Das grampositive Bakterium Melissococcus plutonius ist der Prim\u00e4rerreger der <b>europ\u00e4ischen Faulbrut (EFB)<\/b> der Bienen. Es bef\u00e4llt vor allem die sogenannten Rundmaden, die dann im Alter von 4-5 Tagen versterben.\u00a0 Die Larven infizieren sich \u00fcber das Futter und der Erreger vermehrt sich im Darm. Die infizierte Brut verf\u00e4rbt sich und wird zu einer breiigen Masse, die sp\u00e4ter zu einem lockeren Schorf eintrocknet. Wegen des teilweise sauren Geruchs spricht man auch von Sauerbrut. Nach der Verdeckelung zeigen sich die Zelldeckel eingesunken und l\u00f6chrig.\u00a0 Das Krankheitsbild \u00e4hnelt sehr dem der anzeigepflichtigen Amerikanischen Faulbrut, so dass eine pr\u00e4zise Diagnostik von gro\u00dfer Bedeutung ist. Die \u00dcbertragung kann sowohl durch die Bienen selbst (Verflug, R\u00e4uberei) als auch durch den Imker geschehen. Durch Bildung eines Kunstschwarms kann die Brut von den gesunden Bienen getrennt und abget\u00f6tet werden.[\/vc_column_text][\/vc_column][\/vc_row]<\/p>\n<\/div>","protected":false},"excerpt":{"rendered":"<p>[vc_row][vc_column][vc_column_text][\/vc_column_text][\/vc_column][\/vc_row][vc_row][vc_column][vc_column_text css=&#8220;.vc_custom_1612173295438{margin-top: 30px !important;}&#8220;] Allgemeine Informationen Das grampositive Bakterium Melissococcus plutonius ist der Prim\u00e4rerreger der europ\u00e4ischen Faulbrut (EFB) der Bienen. Es bef\u00e4llt vor allem die sogenannten Rundmaden, die dann im Alter von 4-5 Tagen versterben.\u00a0 Die Larven infizieren sich \u00fcber das Futter und der Erreger vermehrt sich im Darm. Die infizierte Brut verf\u00e4rbt sich und&hellip;<\/p>\n","protected":false},"author":1,"featured_media":0,"parent":1332775,"menu_order":26,"comment_status":"closed","ping_status":"closed","template":"","meta":{"_seopress_robots_primary_cat":"","_seopress_titles_title":"","_seopress_titles_desc":"","_seopress_robots_index":"","footnotes":""},"class_list":["post-1333091","page","type-page","status-publish","hentry","description-off"],"_links":{"self":[{"href":"https:\/\/laboklin.de\/de-at\/wp-json\/wp\/v2\/pages\/1333091","targetHints":{"allow":["GET"]}}],"collection":[{"href":"https:\/\/laboklin.de\/de-at\/wp-json\/wp\/v2\/pages"}],"about":[{"href":"https:\/\/laboklin.de\/de-at\/wp-json\/wp\/v2\/types\/page"}],"author":[{"embeddable":true,"href":"https:\/\/laboklin.de\/de-at\/wp-json\/wp\/v2\/users\/1"}],"replies":[{"embeddable":true,"href":"https:\/\/laboklin.de\/de-at\/wp-json\/wp\/v2\/comments?post=1333091"}],"version-history":[{"count":1,"href":"https:\/\/laboklin.de\/de-at\/wp-json\/wp\/v2\/pages\/1333091\/revisions"}],"predecessor-version":[{"id":1505954,"href":"https:\/\/laboklin.de\/de-at\/wp-json\/wp\/v2\/pages\/1333091\/revisions\/1505954"}],"up":[{"embeddable":true,"href":"https:\/\/laboklin.de\/de-at\/wp-json\/wp\/v2\/pages\/1332775"}],"wp:attachment":[{"href":"https:\/\/laboklin.de\/de-at\/wp-json\/wp\/v2\/media?parent=1333091"}],"curies":[{"name":"wp","href":"https:\/\/api.w.org\/{rel}","templated":true}]}}