{"id":1333089,"date":"2020-10-16T11:36:27","date_gmt":"2020-10-16T09:36:27","guid":{"rendered":"https:\/\/laboklin.de\/leistungen\/infektionskrankheiten-erreger-und-antikoerpernachweise\/bakterien\/mannheimia-haemolytica\/"},"modified":"2023-03-19T21:29:09","modified_gmt":"2023-03-19T20:29:09","slug":"mannheimia-haemolytica","status":"publish","type":"page","link":"https:\/\/laboklin.de\/de-at\/leistungen\/infektionskrankheiten-erreger-und-antikoerpernachweise\/bakterien\/mannheimia-haemolytica\/","title":{"rendered":"Mannheimia haemolytica"},"content":{"rendered":"<div class=\"wpb-content-wrapper\"><p>[vc_row][vc_column][vc_column_text]<h3>Leistungsspektrum<\/h3><div class=\"vc_tta-panels-container\"><div class=\"vc_tta-panels\"><li class=\"menu-item sub-page\"><a href=\"https:\/\/laboklin.de\/de-at\/leistungen\/infektionskrankheiten-erreger-und-antikoerpernachweise\/bakterien\/mannheimia-haemolytica\/mannheimia-haemolytica-pcr\/\">Mannheimia haemolytica - PCR<\/a><\/li><\/div><\/div>\n<div class=\"gap\" style=\"line-height: 20px; height: 20px;\"><\/div>\n<p>Mannheimia haemolytica kann auch kulturell nachgewiesen werden (<a href=\"https:\/\/laboklin.de\/de-at\/leistungen\/mikrobiologie-parasitologie\/bakteriologie-mykologie\/abstriche-punktate-milch-blut\/bakteriologie-aerob\/\">Leistung 150 Bakteriologie<\/a>).[\/vc_column_text][\/vc_column][\/vc_row][vc_row][vc_column][vc_column_text css=&#8220;.vc_custom_1604505438302{margin-top: 40px !important;}&#8220;]<\/p>\n<h3>Allgemeine Informationen<\/h3>\n<p>Mannheimia haemolytica ist ein gramnegatives, fakultativ anaerobes St\u00e4bchenbakterium der Gattung Mannheimia und Familie Pasteurellaceae. Es gilt als prim\u00e4rer Verursacher der enzootischen Bronchopneumonie bei Rind und Schaf, dar\u00fcber hinaus als Erreger von schweren Mastitiden sowie Septik\u00e4mien bei Schaf und Ziege. Einige der f\u00fcr M. haemolytica beschriebenen Serotypen sind bei Wiederk\u00e4uern allerdings auch Teil der nat\u00fcrlichen Mikroflora des oberen Respirationstraktes.[\/vc_column_text][\/vc_column][\/vc_row]<\/p>\n<\/div>","protected":false},"excerpt":{"rendered":"<p>[vc_row][vc_column][vc_column_text] Mannheimia haemolytica kann auch kulturell nachgewiesen werden (Leistung 150 Bakteriologie).[\/vc_column_text][\/vc_column][\/vc_row][vc_row][vc_column][vc_column_text css=&#8220;.vc_custom_1604505438302{margin-top: 40px !important;}&#8220;] Allgemeine Informationen Mannheimia haemolytica ist ein gramnegatives, fakultativ anaerobes St\u00e4bchenbakterium der Gattung Mannheimia und Familie Pasteurellaceae. Es gilt als prim\u00e4rer Verursacher der enzootischen Bronchopneumonie bei Rind und Schaf, dar\u00fcber hinaus als Erreger von schweren Mastitiden sowie Septik\u00e4mien bei Schaf und Ziege.&hellip;<\/p>\n","protected":false},"author":1,"featured_media":0,"parent":1332775,"menu_order":25,"comment_status":"closed","ping_status":"closed","template":"","meta":{"_seopress_robots_primary_cat":"","_seopress_titles_title":"","_seopress_titles_desc":"","_seopress_robots_index":"","footnotes":""},"class_list":["post-1333089","page","type-page","status-publish","hentry","description-off"],"_links":{"self":[{"href":"https:\/\/laboklin.de\/de-at\/wp-json\/wp\/v2\/pages\/1333089","targetHints":{"allow":["GET"]}}],"collection":[{"href":"https:\/\/laboklin.de\/de-at\/wp-json\/wp\/v2\/pages"}],"about":[{"href":"https:\/\/laboklin.de\/de-at\/wp-json\/wp\/v2\/types\/page"}],"author":[{"embeddable":true,"href":"https:\/\/laboklin.de\/de-at\/wp-json\/wp\/v2\/users\/1"}],"replies":[{"embeddable":true,"href":"https:\/\/laboklin.de\/de-at\/wp-json\/wp\/v2\/comments?post=1333089"}],"version-history":[{"count":1,"href":"https:\/\/laboklin.de\/de-at\/wp-json\/wp\/v2\/pages\/1333089\/revisions"}],"predecessor-version":[{"id":1428009,"href":"https:\/\/laboklin.de\/de-at\/wp-json\/wp\/v2\/pages\/1333089\/revisions\/1428009"}],"up":[{"embeddable":true,"href":"https:\/\/laboklin.de\/de-at\/wp-json\/wp\/v2\/pages\/1332775"}],"wp:attachment":[{"href":"https:\/\/laboklin.de\/de-at\/wp-json\/wp\/v2\/media?parent=1333089"}],"curies":[{"name":"wp","href":"https:\/\/api.w.org\/{rel}","templated":true}]}}