{"id":1333088,"date":"2020-10-16T11:36:27","date_gmt":"2020-10-16T09:36:27","guid":{"rendered":"https:\/\/laboklin.de\/leistungen\/infektionskrankheiten-erreger-und-antikoerpernachweise\/bakterien\/listerien\/"},"modified":"2024-10-08T13:44:09","modified_gmt":"2024-10-08T11:44:09","slug":"listerien","status":"publish","type":"page","link":"https:\/\/laboklin.de\/de-at\/leistungen\/infektionskrankheiten-erreger-und-antikoerpernachweise\/bakterien\/listerien\/","title":{"rendered":"Listerien"},"content":{"rendered":"<div class=\"wpb-content-wrapper\"><p>[vc_row][vc_column][vc_column_text]<h3>Leistungsspektrum<\/h3><div class=\"vc_tta-panels-container\"><div class=\"vc_tta-panels\"><li class=\"menu-item sub-page\"><a href=\"https:\/\/laboklin.de\/de-at\/leistungen\/infektionskrankheiten-erreger-und-antikoerpernachweise\/bakterien\/listerien\/listeria-monocytogenes-pcr\/\">Listeria monocytogenes - PCR<\/a><\/li><li class=\"menu-item sub-page\"><a href=\"https:\/\/laboklin.de\/de-at\/leistungen\/infektionskrankheiten-erreger-und-antikoerpernachweise\/bakterien\/listerien\/listerien-antikoerper\/\">Listerien - Antik\u00f6rper<\/a><\/li><\/div><\/div>[\/vc_column_text][\/vc_column][\/vc_row][vc_row][vc_column][vc_column_text css=&#8220;.vc_custom_1728387836364{margin-top: 30px !important;}&#8220;]Listerien k\u00f6nnen auch <b><strong>kulturell<\/strong><\/b> nachgewiesen werden (<a href=\"https:\/\/laboklin.de\/de-at\/leistungen\/mikrobiologie-parasitologie\/bakteriologie-mykologie\/abstriche-punktate-milch-blut\/bakteriologie-aerob\/\">Leistung 150 Bakteriologie<\/a>). Hierf\u00fcr sind Faeces oder Tupfer mit Medium oder Liquor, Abortmaterial etc. einzusenden. Verdacht auf Listeriose unbedingt auf dem Untersuchungsantrag vermerken, da spezielle N\u00e4hrmedien erforderlich sind. Beim Nachweis pathogener Spezies wird als zus\u00e4tzliche (kostenpflichtige) Leistung ein Antibiogramm angefertigt.<\/p>\n<p>Listerien sind ferner Bestandteil des <a href=\"https:\/\/laboklin.de\/de-at\/leistungen\/profile\/profile-screenings-kleintiere\/kotprofile\/\">Kotprofils BARF<\/a>.<\/p>\n<p>&nbsp;<\/p>\n<h3>Allgemeine Informationen<\/h3>\n<p>Die <b><strong>Listeriose<\/strong><\/b> kann sowohl viele Tierarten als auch den Menschen betreffen.<\/p>\n<p>Listerien sind relativ kleine grampositive St\u00e4bchen mit der Tendenz, in Ketten zu wachsen.<br \/>\nDie gr\u00f6\u00dfte Bedeutung innerhalb der Gattung hat Listeria monocytogenes. Listeria ivanovii besitzt eine geringe Virulenz, ist aber pathogen f\u00fcr Menschen und Schafe. Der Erreger wurde auch bei Affen, die an Meningitis erkrankt waren, isoliert.<\/p>\n<p>Listeriose ist \u00fcberwiegend eine Erkrankung bei Schafen, die sich durch Aufnahme verdorbener Silage infizieren. Wesentlich seltener erkranken Rinder, H\u00fchner, Schweine, Kaninchen und Ziegen. Bei Pferden, Hunden und Katzen sind Einzelf\u00e4lle beschrieben.<\/p>\n<p>In \u00fcber 80 % der F\u00e4lle der Listeriose beim Schaf ist das Gehirn betroffen und es kommt zur Auspr\u00e4gung des f\u00fcr diese Erkrankung charakteristischen Krankheitsbildes \u2013 die Tiere laufen im Kreis und zeigen durch meist einseitig ausfallende Hirnnerven weitere Symptome bis hin zum Festliegen.<\/p>\n<p>Weitere Formen sind die septische Neugeborenen- oder Jungtierlisteriose, die Organlisteriose (z. B. Mastitiden) oder die Tr\u00e4chtigkeitslisteriose mit Aborten.<\/p>\n<p>Listeriose (L. monocytogenes) ist in Deutschland <b><strong>meldepflichtig<\/strong><\/b>.[\/vc_column_text][\/vc_column][\/vc_row]<\/p>\n<\/div>","protected":false},"excerpt":{"rendered":"<p>[vc_row][vc_column][vc_column_text][\/vc_column_text][\/vc_column][\/vc_row][vc_row][vc_column][vc_column_text css=&#8220;.vc_custom_1728387836364{margin-top: 30px !important;}&#8220;]Listerien k\u00f6nnen auch kulturell nachgewiesen werden (Leistung 150 Bakteriologie). Hierf\u00fcr sind Faeces oder Tupfer mit Medium oder Liquor, Abortmaterial etc. einzusenden. Verdacht auf Listeriose unbedingt auf dem Untersuchungsantrag vermerken, da spezielle N\u00e4hrmedien erforderlich sind. Beim Nachweis pathogener Spezies wird als zus\u00e4tzliche (kostenpflichtige) Leistung ein Antibiogramm angefertigt. Listerien sind ferner Bestandteil des Kotprofils&hellip;<\/p>\n","protected":false},"author":1,"featured_media":0,"parent":1332775,"menu_order":24,"comment_status":"closed","ping_status":"closed","template":"","meta":{"_seopress_robots_primary_cat":"","_seopress_titles_title":"","_seopress_titles_desc":"","_seopress_robots_index":"","footnotes":""},"class_list":["post-1333088","page","type-page","status-publish","hentry","description-off"],"_links":{"self":[{"href":"https:\/\/laboklin.de\/de-at\/wp-json\/wp\/v2\/pages\/1333088","targetHints":{"allow":["GET"]}}],"collection":[{"href":"https:\/\/laboklin.de\/de-at\/wp-json\/wp\/v2\/pages"}],"about":[{"href":"https:\/\/laboklin.de\/de-at\/wp-json\/wp\/v2\/types\/page"}],"author":[{"embeddable":true,"href":"https:\/\/laboklin.de\/de-at\/wp-json\/wp\/v2\/users\/1"}],"replies":[{"embeddable":true,"href":"https:\/\/laboklin.de\/de-at\/wp-json\/wp\/v2\/comments?post=1333088"}],"version-history":[{"count":2,"href":"https:\/\/laboklin.de\/de-at\/wp-json\/wp\/v2\/pages\/1333088\/revisions"}],"predecessor-version":[{"id":1488664,"href":"https:\/\/laboklin.de\/de-at\/wp-json\/wp\/v2\/pages\/1333088\/revisions\/1488664"}],"up":[{"embeddable":true,"href":"https:\/\/laboklin.de\/de-at\/wp-json\/wp\/v2\/pages\/1332775"}],"wp:attachment":[{"href":"https:\/\/laboklin.de\/de-at\/wp-json\/wp\/v2\/media?parent=1333088"}],"curies":[{"name":"wp","href":"https:\/\/api.w.org\/{rel}","templated":true}]}}