{"id":1333081,"date":"2020-10-16T11:36:27","date_gmt":"2020-10-16T09:36:27","guid":{"rendered":"https:\/\/laboklin.de\/leistungen\/infektionskrankheiten-erreger-und-antikoerpernachweise\/bakterien\/lawsonia-intracellularis\/"},"modified":"2024-05-14T09:38:41","modified_gmt":"2024-05-14T07:38:41","slug":"lawsonia-intracellularis","status":"publish","type":"page","link":"https:\/\/laboklin.de\/de-at\/leistungen\/infektionskrankheiten-erreger-und-antikoerpernachweise\/bakterien\/lawsonia-intracellularis\/","title":{"rendered":"Lawsonia intracellularis"},"content":{"rendered":"<div class=\"wpb-content-wrapper\"><p>[vc_row][vc_column][vc_column_text css=&#8220;.vc_custom_1604496491880{margin-bottom: 30px !important;}&#8220;]<h3>Leistungsspektrum<\/h3><div class=\"vc_tta-panels-container\"><div class=\"vc_tta-panels\"><li class=\"menu-item sub-page\"><a href=\"https:\/\/laboklin.de\/de-at\/leistungen\/infektionskrankheiten-erreger-und-antikoerpernachweise\/bakterien\/lawsonia-intracellularis\/lawsonia-intracellularis-pcr\/\">Lawsonia intracellularis - PCR<\/a><\/li><\/div><\/div>\n<p>&nbsp;<\/p>\n<h3>Allgemeine Informationen<\/h3>\n<p>[\/vc_column_text][\/vc_column][\/vc_row][vc_row][vc_column][vc_accordion active_tab=&#8220;false&#8220; title_size=&#8220;normal&#8220; style=&#8220;2&#8243;][vc_accordion_tab title=&#8220;Pferd&#8220;][vc_column_text]Lawsonia intracellularis verursacht vor allem bei \u00e4lteren Fohlen eine <b>proliferative Enteropathie<\/b>, die mit einer deutlichen Hypoprotein\u00e4mie einhergeht. Weiter zeigen die Tiere abdominale Schmerzen, ein reduziertes Allgemeinbefinden und Anorexie. Sekund\u00e4r kann es zu \u00d6demen und einem birnenf\u00f6rmigen Abdomen kommen.[\/vc_column_text][\/vc_accordion_tab][vc_accordion_tab title=&#8220;Schwein&#8220;][vc_column_text]Die <b><strong>porcine proliferative Enteropathie<\/strong><\/b> (PPE) beim Schwein wird durch eine Infektion mit dem obligat intrazellul\u00e4ren, gramnegativen Bakterium Lawsonia intracellularis verursacht. Die Ansteckung erfolgt oral, die Verbreitung v.a. durch Zukauf infizierter Tiere. Die Infektion verl\u00e4uft h\u00e4ufig subklinisch. Die Infektion ist innerhalb von Schweinebest\u00e4nden weit verbreitet, v.a. bei Absetzern, L\u00e4ufern und Mastschweinen. Erkrankte Tiere leiden an Wachstumsst\u00f6rungen und Diarrh\u00f6e.<\/p>\n<p>Klinisch apparent tritt die PPE in vier Formen auf: als akute und unbehandelt oft t\u00f6dlich verlaufende porcine h\u00e4morrhagische Enteropathie (PHE) sowie als porcine intestinale Adenomatose (PIA) oder seltener als nekrotische Enteritis (NE) und im Endstadium als regionale Ileitis (RI) mit verdicktem und steifem Ileum. W\u00e4hrend PHE v.a. \u00e4ltere Mast- und j\u00fcngere Zuchtschweine betrifft, kommen die chronischen Formen PIA, NE und RI v.a. bei Absatzferkeln und L\u00e4ufern vor.<\/p>\n<p>[\/vc_column_text][\/vc_accordion_tab][vc_accordion_tab title=&#8220;Kleins\u00e4uger&#8220;][vc_column_text css=&#8220;&#8220;]Infektionen mit Lawsonia intracellularis zeigen sich beim Kleins\u00e4uger mit unterschiedlichen klinischen Verl\u00e4ufen. Klassischerweise manifestiert sich eine Ileitis. Akut zeigen sich h\u00e4morrhagische Diarrh\u00f6en, subakut vermindertes Wachstum und ebenfalls Diarrh\u00f6en. Chronisch ist eine Lawsonien-Infektion auch ohne klinische Symptome m\u00f6glich. Oft sind Jungtiere betroffen und werden von ihren subklinisch infizierten Eltern angesteckt. Gro\u00dfe Besatzdichten, Futterumstellungen und andere Stressfaktoren beg\u00fcnstigen Infektionen bzw. verschlechtern die Klinik. Beschrieben sind L. intracellularis-Infektionen vor allem beim Hamster, Kaninchen, Frettchen und bei der Ratte. Zu beachten ist das zoonotische Potenzial.[\/vc_column_text][\/vc_accordion_tab][\/vc_accordion][\/vc_column][\/vc_row]<\/p>\n<\/div>","protected":false},"excerpt":{"rendered":"<p>[vc_row][vc_column][vc_column_text css=&#8220;.vc_custom_1604496491880{margin-bottom: 30px !important;}&#8220;] &nbsp; Allgemeine Informationen [\/vc_column_text][\/vc_column][\/vc_row][vc_row][vc_column][vc_accordion active_tab=&#8220;false&#8220; title_size=&#8220;normal&#8220; style=&#8220;2&#8243;][vc_accordion_tab title=&#8220;Pferd&#8220;][vc_column_text]Lawsonia intracellularis verursacht vor allem bei \u00e4lteren Fohlen eine proliferative Enteropathie, die mit einer deutlichen Hypoprotein\u00e4mie einhergeht. Weiter zeigen die Tiere abdominale Schmerzen, ein reduziertes Allgemeinbefinden und Anorexie. Sekund\u00e4r kann es zu \u00d6demen und einem birnenf\u00f6rmigen Abdomen kommen.[\/vc_column_text][\/vc_accordion_tab][vc_accordion_tab title=&#8220;Schwein&#8220;][vc_column_text]Die porcine proliferative Enteropathie (PPE) beim&hellip;<\/p>\n","protected":false},"author":1,"featured_media":0,"parent":1332775,"menu_order":22,"comment_status":"closed","ping_status":"closed","template":"","meta":{"_seopress_robots_primary_cat":"","_seopress_titles_title":"","_seopress_titles_desc":"","_seopress_robots_index":"","footnotes":""},"class_list":["post-1333081","page","type-page","status-publish","hentry","description-off"],"_links":{"self":[{"href":"https:\/\/laboklin.de\/de-at\/wp-json\/wp\/v2\/pages\/1333081","targetHints":{"allow":["GET"]}}],"collection":[{"href":"https:\/\/laboklin.de\/de-at\/wp-json\/wp\/v2\/pages"}],"about":[{"href":"https:\/\/laboklin.de\/de-at\/wp-json\/wp\/v2\/types\/page"}],"author":[{"embeddable":true,"href":"https:\/\/laboklin.de\/de-at\/wp-json\/wp\/v2\/users\/1"}],"replies":[{"embeddable":true,"href":"https:\/\/laboklin.de\/de-at\/wp-json\/wp\/v2\/comments?post=1333081"}],"version-history":[{"count":2,"href":"https:\/\/laboklin.de\/de-at\/wp-json\/wp\/v2\/pages\/1333081\/revisions"}],"predecessor-version":[{"id":1474767,"href":"https:\/\/laboklin.de\/de-at\/wp-json\/wp\/v2\/pages\/1333081\/revisions\/1474767"}],"up":[{"embeddable":true,"href":"https:\/\/laboklin.de\/de-at\/wp-json\/wp\/v2\/pages\/1332775"}],"wp:attachment":[{"href":"https:\/\/laboklin.de\/de-at\/wp-json\/wp\/v2\/media?parent=1333081"}],"curies":[{"name":"wp","href":"https:\/\/api.w.org\/{rel}","templated":true}]}}