{"id":1333040,"date":"2020-10-16T11:36:27","date_gmt":"2020-10-16T09:36:27","guid":{"rendered":"https:\/\/laboklin.de\/leistungen\/infektionskrankheiten-erreger-und-antikoerpernachweise\/bakterien\/bordetella-bronchiseptica\/"},"modified":"2025-01-31T09:37:01","modified_gmt":"2025-01-31T08:37:01","slug":"bordetella-bronchiseptica","status":"publish","type":"page","link":"https:\/\/laboklin.de\/de-at\/leistungen\/infektionskrankheiten-erreger-und-antikoerpernachweise\/bakterien\/bordetella-bronchiseptica\/","title":{"rendered":"Bordetella bronchiseptica"},"content":{"rendered":"<div class=\"wpb-content-wrapper\"><p>[vc_row][vc_column][vc_column_text]<h3>Leistungsspektrum<\/h3><div class=\"vc_tta-panels-container\"><div class=\"vc_tta-panels\"><li class=\"menu-item sub-page\"><a href=\"https:\/\/laboklin.de\/de-at\/leistungen\/infektionskrankheiten-erreger-und-antikoerpernachweise\/bakterien\/bordetella-bronchiseptica\/bordetella-bronchiseptica-pcr\/\">Bordetella bronchiseptica - PCR<\/a><\/li><\/div><\/div>[\/vc_column_text][\/vc_column][\/vc_row][vc_row][vc_column][vc_column_text css=&#8220;.vc_custom_1679256177160{margin-top: 30px !important;}&#8220;]Bordetella bronchiseptica kann auch kulturell nachgewiesen werden (<a href=\"https:\/\/laboklin.de\/de-at\/leistungen\/mikrobiologie-parasitologie\/bakteriologie-mykologie\/abstriche-punktate-milch-blut\/bakteriologie-aerob\/\"><strong>Leistung 150 Bakteriologie<\/strong><\/a>).<\/p>\n<p>Bei der Anforderung der bakteriologischen Untersuchung bitte auf dem Untersuchungsantrag eindeutig kenntlich machen, dass auf Bordetella bronchiseptica untersucht werden soll, da hierf\u00fcr spezielle N\u00e4hrb\u00f6den erforderlich sind. F\u00fcr die kulturelle Untersuchung ist ein Tupfer (Nase, Rachen) zwingend in Transportmedium (Amies) oder Bronchialsekret einzusenden.<\/p>\n<h3><div class=\"gap\" style=\"line-height: 20px; height: 20px;\"><\/div>Allgemeine Informationen<\/h3>\n<p>Bordetellen sind kleine gramnegative St\u00e4bchenbakterien, die sich mittels Flagellen fortbewegen k\u00f6nnen. B. bronchiseptica \u00fcberlebt in der Regel nur relativ kurz au\u00dferhalb des Respirationstraktes. Die \u00dcbertragung erfolgt durch direkten Kontakt oder \u00fcber Aerosole.<\/p>\n<p>B. bronchiseptica sch\u00e4digt durch seine Toxine v.a. die Zilien-tragenden Zellen der Atemwegsschleimhaut und kann bis zu drei Monaten im Respirationstrakt persistieren. Der Erreger ist nicht wirtsspezifisch und kann von einer Tierart (z.B. Hund) auf eine andere (z.B. Katze) und auch auf den Menschen (Zoonose!) \u00fcbertragen werden.<\/p>\n<p>Bordetellen sind bei Hunden als eine Komponente des Zwingerhustens bekannt und sind auch bei Katzen f\u00fcr Krankheiten des Respirationstraktes verantwortlich, wobei Husten bei der Katze kein charakteristisches Krankheitssymptom ist. Typische Symptome sind Fieber, Niesen, Nasenausfluss, eine Schwellung der submandibul\u00e4ren Lymphknoten und verst\u00e4rkte Atemger\u00e4usche. Meist treten nur milde Symptome auf, die nach etwa 10 Tagen von selbst verschwinden. Bei jungen Katzenwelpen k\u00f6nnen sich jedoch lebensbedrohliche Bronchopneumonien entwickeln.[\/vc_column_text][\/vc_column][\/vc_row]<\/p>\n<\/div>","protected":false},"excerpt":{"rendered":"<p>[vc_row][vc_column][vc_column_text][\/vc_column_text][\/vc_column][\/vc_row][vc_row][vc_column][vc_column_text css=&#8220;.vc_custom_1679256177160{margin-top: 30px !important;}&#8220;]Bordetella bronchiseptica kann auch kulturell nachgewiesen werden (Leistung 150 Bakteriologie). Bei der Anforderung der bakteriologischen Untersuchung bitte auf dem Untersuchungsantrag eindeutig kenntlich machen, dass auf Bordetella bronchiseptica untersucht werden soll, da hierf\u00fcr spezielle N\u00e4hrb\u00f6den erforderlich sind. F\u00fcr die kulturelle Untersuchung ist ein Tupfer (Nase, Rachen) zwingend in Transportmedium (Amies) oder Bronchialsekret einzusenden.&hellip;<\/p>\n","protected":false},"author":1,"featured_media":0,"parent":1332775,"menu_order":4,"comment_status":"closed","ping_status":"closed","template":"","meta":{"_seopress_robots_primary_cat":"","_seopress_titles_title":"","_seopress_titles_desc":"","_seopress_robots_index":"","footnotes":""},"class_list":["post-1333040","page","type-page","status-publish","hentry","description-off"],"_links":{"self":[{"href":"https:\/\/laboklin.de\/de-at\/wp-json\/wp\/v2\/pages\/1333040","targetHints":{"allow":["GET"]}}],"collection":[{"href":"https:\/\/laboklin.de\/de-at\/wp-json\/wp\/v2\/pages"}],"about":[{"href":"https:\/\/laboklin.de\/de-at\/wp-json\/wp\/v2\/types\/page"}],"author":[{"embeddable":true,"href":"https:\/\/laboklin.de\/de-at\/wp-json\/wp\/v2\/users\/1"}],"replies":[{"embeddable":true,"href":"https:\/\/laboklin.de\/de-at\/wp-json\/wp\/v2\/comments?post=1333040"}],"version-history":[{"count":1,"href":"https:\/\/laboklin.de\/de-at\/wp-json\/wp\/v2\/pages\/1333040\/revisions"}],"predecessor-version":[{"id":1427984,"href":"https:\/\/laboklin.de\/de-at\/wp-json\/wp\/v2\/pages\/1333040\/revisions\/1427984"}],"up":[{"embeddable":true,"href":"https:\/\/laboklin.de\/de-at\/wp-json\/wp\/v2\/pages\/1332775"}],"wp:attachment":[{"href":"https:\/\/laboklin.de\/de-at\/wp-json\/wp\/v2\/media?parent=1333040"}],"curies":[{"name":"wp","href":"https:\/\/api.w.org\/{rel}","templated":true}]}}