{"id":1333038,"date":"2020-10-16T11:36:27","date_gmt":"2020-10-16T09:36:27","guid":{"rendered":"https:\/\/laboklin.de\/leistungen\/infektionskrankheiten-erreger-und-antikoerpernachweise\/bakterien\/bartonella-henselae\/"},"modified":"2020-10-16T11:36:27","modified_gmt":"2020-10-16T09:36:27","slug":"bartonella-henselae","status":"publish","type":"page","link":"https:\/\/laboklin.de\/de-at\/leistungen\/infektionskrankheiten-erreger-und-antikoerpernachweise\/bakterien\/bartonella-henselae\/","title":{"rendered":"Bartonella henselae"},"content":{"rendered":"<div class=\"wpb-content-wrapper\"><p>[vc_row][vc_column][vc_column_text]<h3>Leistungsspektrum<\/h3><div class=\"vc_tta-panels-container\"><div class=\"vc_tta-panels\"><li class=\"menu-item sub-page\"><a href=\"https:\/\/laboklin.de\/de-at\/leistungen\/infektionskrankheiten-erreger-und-antikoerpernachweise\/bakterien\/bartonella-henselae\/bartonella-henselae-antikoerper\/\">Bartonella henselae - Antik\u00f6rper<\/a><\/li><li class=\"menu-item sub-page\"><a href=\"https:\/\/laboklin.de\/de-at\/leistungen\/infektionskrankheiten-erreger-und-antikoerpernachweise\/bakterien\/bartonella-henselae\/bartonella-henselae-pcr\/\">Bartonella henselae - PCR<\/a><\/li><\/div><\/div>[\/vc_column_text][\/vc_column][\/vc_row][vc_row][vc_column][vc_column_text css=&#8220;.vc_custom_1612167183734{margin-top: 30px !important;}&#8220;]<\/p>\n<h3>Allgemeine Informationen<\/h3>\n<p>Bartonellen sind gramnegative, fakultativ intrazellul\u00e4re Bakterien, die durch Fl\u00f6he und Zecken \u00fcbertragen werden. Bartonella henselae ist zumeist bekannt als Erreger der <strong>\u201eKatzenkratzkrankheit\u201c<\/strong> beim Menschen. Infektionen bei Katzen verlaufen \u00fcberwiegend subklinisch. Es kann zu Fieber, Muskelschmerzen, lokaler Lymphadenopathie und selten auch zu neurologischen Symptomen kommen, welche meist nach wenigen Tagen wieder verschwinden. In letzter Zeit wurde h\u00e4ufiger \u00fcber eine Beteiligung von Bartonella henselae bei der Gingivitis und Stomatitis der Katze diskutiert. Oftmals stimmen Erreger- und Antik\u00f6rpernachweis nicht \u00fcberein und eine definitive Diagnose ist an den Nachweis des Erregers gebunden. Ein negatives PCR-Ergebnis schlie\u00dft eine Infektion mit B. henselae nicht aus und sollte bei klinischem Verdacht m\u00f6glichst wiederholt werden.<\/p>\n<p>Auch <strong>Hunde<\/strong> k\u00f6nnen in Einzelf\u00e4llen von einer Bartonellen-Infektion betroffen sein. Eine Erkrankung kann sich in Endokarditis, rezidivierender granulomat\u00f6ser Lymphadenitis, systemischen granulomat\u00f6sen Prozessen und Meningitis \u00e4u\u00dfern.[\/vc_column_text][\/vc_column][\/vc_row]<\/p>\n<\/div>","protected":false},"excerpt":{"rendered":"<p>[vc_row][vc_column][vc_column_text][\/vc_column_text][\/vc_column][\/vc_row][vc_row][vc_column][vc_column_text css=&#8220;.vc_custom_1612167183734{margin-top: 30px !important;}&#8220;] Allgemeine Informationen Bartonellen sind gramnegative, fakultativ intrazellul\u00e4re Bakterien, die durch Fl\u00f6he und Zecken \u00fcbertragen werden. Bartonella henselae ist zumeist bekannt als Erreger der \u201eKatzenkratzkrankheit\u201c beim Menschen. Infektionen bei Katzen verlaufen \u00fcberwiegend subklinisch. Es kann zu Fieber, Muskelschmerzen, lokaler Lymphadenopathie und selten auch zu neurologischen Symptomen kommen, welche meist nach wenigen Tagen&hellip;<\/p>\n","protected":false},"author":1,"featured_media":0,"parent":1332775,"menu_order":3,"comment_status":"closed","ping_status":"closed","template":"","meta":{"_seopress_robots_primary_cat":"","_seopress_titles_title":"","_seopress_titles_desc":"","_seopress_robots_index":"","footnotes":""},"class_list":["post-1333038","page","type-page","status-publish","hentry","description-off"],"_links":{"self":[{"href":"https:\/\/laboklin.de\/de-at\/wp-json\/wp\/v2\/pages\/1333038","targetHints":{"allow":["GET"]}}],"collection":[{"href":"https:\/\/laboklin.de\/de-at\/wp-json\/wp\/v2\/pages"}],"about":[{"href":"https:\/\/laboklin.de\/de-at\/wp-json\/wp\/v2\/types\/page"}],"author":[{"embeddable":true,"href":"https:\/\/laboklin.de\/de-at\/wp-json\/wp\/v2\/users\/1"}],"replies":[{"embeddable":true,"href":"https:\/\/laboklin.de\/de-at\/wp-json\/wp\/v2\/comments?post=1333038"}],"version-history":[{"count":0,"href":"https:\/\/laboklin.de\/de-at\/wp-json\/wp\/v2\/pages\/1333038\/revisions"}],"up":[{"embeddable":true,"href":"https:\/\/laboklin.de\/de-at\/wp-json\/wp\/v2\/pages\/1332775"}],"wp:attachment":[{"href":"https:\/\/laboklin.de\/de-at\/wp-json\/wp\/v2\/media?parent=1333038"}],"curies":[{"name":"wp","href":"https:\/\/api.w.org\/{rel}","templated":true}]}}