{"id":1333028,"date":"2020-10-16T11:36:27","date_gmt":"2020-10-16T09:36:27","guid":{"rendered":"https:\/\/laboklin.de\/leistungen\/infektionskrankheiten-erreger-und-antikoerpernachweise\/viren\/zytomegalievirus\/"},"modified":"2024-11-13T13:34:32","modified_gmt":"2024-11-13T12:34:32","slug":"zytomegalievirus","status":"publish","type":"page","link":"https:\/\/laboklin.de\/de-at\/leistungen\/infektionskrankheiten-erreger-und-antikoerpernachweise\/viren\/zytomegalievirus\/","title":{"rendered":"Zytomegalievirus"},"content":{"rendered":"<div class=\"wpb-content-wrapper\"><p>[vc_row][vc_column][vc_column_text]<h3>Leistungsspektrum<\/h3><div class=\"vc_tta-panels-container\"><div class=\"vc_tta-panels\"><li class=\"menu-item sub-page\"><a href=\"https:\/\/laboklin.de\/de-at\/leistungen\/infektionskrankheiten-erreger-und-antikoerpernachweise\/viren\/zytomegalievirus\/zytomegalievirus-antikoerper\/\">Zytomegalievirus - Antik\u00f6rper*<\/a><\/li><\/div><\/div>[\/vc_column_text][\/vc_column][\/vc_row][vc_row][vc_column][vc_column_text css=&#8220;.vc_custom_1612018800412{margin-top: 30px !important;}&#8220;]* Partnerlabor<\/p>\n<h3><div class=\"gap\" style=\"line-height: 20px; height: 20px;\"><\/div>Allgemeine Informationen<\/h3>\n<p>Zytomegalieviren geh\u00f6ren zu den Herpesviren und wurden bei verschiedenen Nagetieren nachgewiesen. Sie gelten als streng wirtsspezifisch. Beim Meerschweinchen kommt es zur Entz\u00fcndung von Speichel- und Tr\u00e4nendr\u00fcsen und evtl. auch zu respiratorischen Symptomen. In seltenen F\u00e4llen k\u00f6nnen auch L\u00e4hmungserscheinungen auftreten.[\/vc_column_text][\/vc_column][\/vc_row]<\/p>\n<\/div>","protected":false},"excerpt":{"rendered":"<p>[vc_row][vc_column][vc_column_text][\/vc_column_text][\/vc_column][\/vc_row][vc_row][vc_column][vc_column_text css=&#8220;.vc_custom_1612018800412{margin-top: 30px !important;}&#8220;]* Partnerlabor Allgemeine Informationen Zytomegalieviren geh\u00f6ren zu den Herpesviren und wurden bei verschiedenen Nagetieren nachgewiesen. Sie gelten als streng wirtsspezifisch. Beim Meerschweinchen kommt es zur Entz\u00fcndung von Speichel- und Tr\u00e4nendr\u00fcsen und evtl. auch zu respiratorischen Symptomen. In seltenen F\u00e4llen k\u00f6nnen auch L\u00e4hmungserscheinungen auftreten.[\/vc_column_text][\/vc_column][\/vc_row]<\/p>\n","protected":false},"author":1,"featured_media":0,"parent":1332773,"menu_order":560,"comment_status":"closed","ping_status":"closed","template":"","meta":{"_seopress_robots_primary_cat":"","_seopress_titles_title":"","_seopress_titles_desc":"","_seopress_robots_index":"","footnotes":""},"class_list":["post-1333028","page","type-page","status-publish","hentry","description-off"],"_links":{"self":[{"href":"https:\/\/laboklin.de\/de-at\/wp-json\/wp\/v2\/pages\/1333028","targetHints":{"allow":["GET"]}}],"collection":[{"href":"https:\/\/laboklin.de\/de-at\/wp-json\/wp\/v2\/pages"}],"about":[{"href":"https:\/\/laboklin.de\/de-at\/wp-json\/wp\/v2\/types\/page"}],"author":[{"embeddable":true,"href":"https:\/\/laboklin.de\/de-at\/wp-json\/wp\/v2\/users\/1"}],"replies":[{"embeddable":true,"href":"https:\/\/laboklin.de\/de-at\/wp-json\/wp\/v2\/comments?post=1333028"}],"version-history":[{"count":1,"href":"https:\/\/laboklin.de\/de-at\/wp-json\/wp\/v2\/pages\/1333028\/revisions"}],"predecessor-version":[{"id":1494168,"href":"https:\/\/laboklin.de\/de-at\/wp-json\/wp\/v2\/pages\/1333028\/revisions\/1494168"}],"up":[{"embeddable":true,"href":"https:\/\/laboklin.de\/de-at\/wp-json\/wp\/v2\/pages\/1332773"}],"wp:attachment":[{"href":"https:\/\/laboklin.de\/de-at\/wp-json\/wp\/v2\/media?parent=1333028"}],"curies":[{"name":"wp","href":"https:\/\/api.w.org\/{rel}","templated":true}]}}