{"id":1333011,"date":"2020-10-16T11:36:27","date_gmt":"2020-10-16T09:36:27","guid":{"rendered":"https:\/\/laboklin.de\/leistungen\/infektionskrankheiten-erreger-und-antikoerpernachweise\/viren\/sackbrutvirus\/"},"modified":"2024-11-13T13:38:24","modified_gmt":"2024-11-13T12:38:24","slug":"sackbrutvirus","status":"publish","type":"page","link":"https:\/\/laboklin.de\/de-at\/leistungen\/infektionskrankheiten-erreger-und-antikoerpernachweise\/viren\/sackbrutvirus\/","title":{"rendered":"Sackbrutvirus"},"content":{"rendered":"<div class=\"wpb-content-wrapper\"><p>[vc_row][vc_column][vc_column_text]<h3>Leistungsspektrum<\/h3><div class=\"vc_tta-panels-container\"><div class=\"vc_tta-panels\"><li class=\"menu-item sub-page\"><a href=\"https:\/\/laboklin.de\/de-at\/leistungen\/infektionskrankheiten-erreger-und-antikoerpernachweise\/viren\/sackbrutvirus\/sackbrutvirus-pcr\/\">Sackbrutvirus - PCR<\/a><\/li><\/div><\/div>[\/vc_column_text][\/vc_column][\/vc_row][vc_row][vc_column][vc_column_text css=&#8220;.vc_custom_1604410480552{margin-top: 20px !important;}&#8220;]<\/p>\n<h3>Allgemeine Informationen<\/h3>\n<p>Beim Sackbrutvirus handelt es sich um ein RNA-Virus aus der Familie der Picornaviren. Dieses Virus bef\u00e4llt nur die Bienenbrut, adulte infizierte Tiere zeigen keinerlei Symptome. Die \u00dcbertragung erfolgt durch die Bienen, die das Virus beim Entfernen der abgestorbenen Larven aufnehmen und sp\u00e4ter beim F\u00fcttern \u00fcber die Futtersaftdr\u00fcsen wieder ausscheiden. In den Speicheldr\u00fcsen kann das Virus die Winterruhe \u00fcberstehen.<br \/>\nDie infizierten Larven sterben im Streckmaden-Stadium und werden zu kleinen, mit Fl\u00fcssigkeit gef\u00fcllten \u201eS\u00e4ckchen\u201c, die sp\u00e4ter zu Schorf eintrocknen. Das Brutbild zeigt eingesunkene Zelldeckel. Die Sackbrut wird als sogenannte Sekund\u00e4rerkrankung eingestuft, da meist nur nach Schw\u00e4chung des Volkes durch eine Prim\u00e4rerkrankung, wie der Varroose, ein schwerwiegender Verlauf eintritt. Zur Therapie des Schwarms k\u00f6nnen betroffene Waben entfernt und eingeschmolzen werden. Die \u00dcbertragung erfolgt \u00fcber die Bienen selbst oder den Imker.[\/vc_column_text][\/vc_column][\/vc_row]<\/p>\n<\/div>","protected":false},"excerpt":{"rendered":"<p>[vc_row][vc_column][vc_column_text][\/vc_column_text][\/vc_column][\/vc_row][vc_row][vc_column][vc_column_text css=&#8220;.vc_custom_1604410480552{margin-top: 20px !important;}&#8220;] Allgemeine Informationen Beim Sackbrutvirus handelt es sich um ein RNA-Virus aus der Familie der Picornaviren. Dieses Virus bef\u00e4llt nur die Bienenbrut, adulte infizierte Tiere zeigen keinerlei Symptome. Die \u00dcbertragung erfolgt durch die Bienen, die das Virus beim Entfernen der abgestorbenen Larven aufnehmen und sp\u00e4ter beim F\u00fcttern \u00fcber die Futtersaftdr\u00fcsen wieder ausscheiden.&hellip;<\/p>\n","protected":false},"author":1,"featured_media":0,"parent":1332773,"menu_order":490,"comment_status":"closed","ping_status":"closed","template":"","meta":{"_seopress_robots_primary_cat":"","_seopress_titles_title":"","_seopress_titles_desc":"","_seopress_robots_index":"","footnotes":""},"class_list":["post-1333011","page","type-page","status-publish","hentry","description-off"],"_links":{"self":[{"href":"https:\/\/laboklin.de\/de-at\/wp-json\/wp\/v2\/pages\/1333011","targetHints":{"allow":["GET"]}}],"collection":[{"href":"https:\/\/laboklin.de\/de-at\/wp-json\/wp\/v2\/pages"}],"about":[{"href":"https:\/\/laboklin.de\/de-at\/wp-json\/wp\/v2\/types\/page"}],"author":[{"embeddable":true,"href":"https:\/\/laboklin.de\/de-at\/wp-json\/wp\/v2\/users\/1"}],"replies":[{"embeddable":true,"href":"https:\/\/laboklin.de\/de-at\/wp-json\/wp\/v2\/comments?post=1333011"}],"version-history":[{"count":1,"href":"https:\/\/laboklin.de\/de-at\/wp-json\/wp\/v2\/pages\/1333011\/revisions"}],"predecessor-version":[{"id":1333014,"href":"https:\/\/laboklin.de\/de-at\/wp-json\/wp\/v2\/pages\/1333011\/revisions\/1333014"}],"up":[{"embeddable":true,"href":"https:\/\/laboklin.de\/de-at\/wp-json\/wp\/v2\/pages\/1332773"}],"wp:attachment":[{"href":"https:\/\/laboklin.de\/de-at\/wp-json\/wp\/v2\/media?parent=1333011"}],"curies":[{"name":"wp","href":"https:\/\/api.w.org\/{rel}","templated":true}]}}