{"id":1333009,"date":"2022-10-07T10:50:26","date_gmt":"2022-10-07T08:50:26","guid":{"rendered":"https:\/\/laboklin.de\/leistungen\/infektionskrankheiten-erreger-und-antikoerpernachweise\/viren\/sars-cov-2\/"},"modified":"2024-12-17T11:10:55","modified_gmt":"2024-12-17T10:10:55","slug":"sars-cov-2","status":"publish","type":"page","link":"https:\/\/laboklin.de\/de-at\/leistungen\/infektionskrankheiten-erreger-und-antikoerpernachweise\/viren\/sars-cov-2\/","title":{"rendered":"SARS-CoV-2"},"content":{"rendered":"<div class=\"wpb-content-wrapper\"><p>[vc_row][vc_column][vc_column_text]<h3>Leistungsspektrum<\/h3><div class=\"vc_tta-panels-container\"><div class=\"vc_tta-panels\"><li class=\"menu-item sub-page\"><a href=\"https:\/\/laboklin.de\/de-at\/leistungen\/infektionskrankheiten-erreger-und-antikoerpernachweise\/viren\/sars-cov-2\/sars-cov-2-pcr\/\">SARS-CoV-2 - PCR<\/a><\/li><\/div><\/div>[\/vc_column_text][\/vc_column][\/vc_row][vc_row][vc_column][vc_column_text css=&#8220;.vc_custom_1665132622945{margin-top: 20px !important;}&#8220;]<\/p>\n<h3>Allgemeine Informationen<\/h3>\n<p>Das respiratorische Coronavirus, das erstmal 2019 detektiert und damals vorl\u00e4ufig als &#8222;2019-nCoV&#8220; bezeichnet wurde, ist nun besser bekannt als <strong>SARS-CoV2 <\/strong>(severe acute respiratory syndrome coronavirus-2) oder <strong>&#8222;COVID-19-Virus&#8220;<\/strong>. Nach aktuellem Wissenstand k\u00f6nnen sich alle S\u00e4ugetiere mit diesem Virus infizieren bzw. zeigen Katzen, Hasenartige, Hamster und Frettchen eine besondere Empf\u00e4nglichkeit f\u00fcr eine Infektion mit SARS-CoV-2 und h\u00f6here Wahrscheinlichkeit f\u00fcr Ausbildung von klinischer Symptomatik.<\/p>\n<p>Symptome einer SARS-CoV2-Infektion k\u00f6nnen von Nasenausfluss, Niesen, weitreichende Entz\u00fcndungen des Atemtrakts bis Diarrh\u00f6e reichen. Es sind aber auch unspezifische Anzeichen wie z.B. Lethargie oder Gewichtsverlust beschrieben.<\/p>\n<p>Es besteht die <strong>Meldepflicht <\/strong>in Deutschland![\/vc_column_text][\/vc_column][\/vc_row]<\/p>\n<\/div>","protected":false},"excerpt":{"rendered":"<p>[vc_row][vc_column][vc_column_text][\/vc_column_text][\/vc_column][\/vc_row][vc_row][vc_column][vc_column_text css=&#8220;.vc_custom_1665132622945{margin-top: 20px !important;}&#8220;] Allgemeine Informationen Das respiratorische Coronavirus, das erstmal 2019 detektiert und damals vorl\u00e4ufig als &#8222;2019-nCoV&#8220; bezeichnet wurde, ist nun besser bekannt als SARS-CoV2 (severe acute respiratory syndrome coronavirus-2) oder &#8222;COVID-19-Virus&#8220;. Nach aktuellem Wissenstand k\u00f6nnen sich alle S\u00e4ugetiere mit diesem Virus infizieren bzw. zeigen Katzen, Hasenartige, Hamster und Frettchen eine besondere Empf\u00e4nglichkeit f\u00fcr&hellip;<\/p>\n","protected":false},"author":10,"featured_media":0,"parent":1332773,"menu_order":495,"comment_status":"closed","ping_status":"closed","template":"","meta":{"_seopress_robots_primary_cat":"","_seopress_titles_title":"","_seopress_titles_desc":"","_seopress_robots_index":"","footnotes":""},"class_list":["post-1333009","page","type-page","status-publish","hentry","description-off"],"_links":{"self":[{"href":"https:\/\/laboklin.de\/de-at\/wp-json\/wp\/v2\/pages\/1333009","targetHints":{"allow":["GET"]}}],"collection":[{"href":"https:\/\/laboklin.de\/de-at\/wp-json\/wp\/v2\/pages"}],"about":[{"href":"https:\/\/laboklin.de\/de-at\/wp-json\/wp\/v2\/types\/page"}],"author":[{"embeddable":true,"href":"https:\/\/laboklin.de\/de-at\/wp-json\/wp\/v2\/users\/10"}],"replies":[{"embeddable":true,"href":"https:\/\/laboklin.de\/de-at\/wp-json\/wp\/v2\/comments?post=1333009"}],"version-history":[{"count":1,"href":"https:\/\/laboklin.de\/de-at\/wp-json\/wp\/v2\/pages\/1333009\/revisions"}],"predecessor-version":[{"id":1475568,"href":"https:\/\/laboklin.de\/de-at\/wp-json\/wp\/v2\/pages\/1333009\/revisions\/1475568"}],"up":[{"embeddable":true,"href":"https:\/\/laboklin.de\/de-at\/wp-json\/wp\/v2\/pages\/1332773"}],"wp:attachment":[{"href":"https:\/\/laboklin.de\/de-at\/wp-json\/wp\/v2\/media?parent=1333009"}],"curies":[{"name":"wp","href":"https:\/\/api.w.org\/{rel}","templated":true}]}}