{"id":1333007,"date":"2020-10-16T11:36:27","date_gmt":"2020-10-16T09:36:27","guid":{"rendered":"https:\/\/laboklin.de\/leistungen\/infektionskrankheiten-erreger-und-antikoerpernachweise\/viren\/rotaviren\/"},"modified":"2024-11-13T13:39:41","modified_gmt":"2024-11-13T12:39:41","slug":"rotaviren","status":"publish","type":"page","link":"https:\/\/laboklin.de\/de-at\/leistungen\/infektionskrankheiten-erreger-und-antikoerpernachweise\/viren\/rotaviren\/","title":{"rendered":"Rotaviren"},"content":{"rendered":"<div class=\"wpb-content-wrapper\"><p>[vc_row][vc_column][vc_column_text]<h3>Leistungsspektrum<\/h3><div class=\"vc_tta-panels-container\"><div class=\"vc_tta-panels\"><li class=\"menu-item sub-page\"><a href=\"https:\/\/laboklin.de\/de-at\/leistungen\/infektionskrankheiten-erreger-und-antikoerpernachweise\/viren\/rotaviren\/rotavirus-antigen-eia\/\">Rotavirus - Antigen (EIA)<\/a><\/li><li class=\"menu-item sub-page\"><a href=\"https:\/\/laboklin.de\/de-at\/leistungen\/infektionskrankheiten-erreger-und-antikoerpernachweise\/viren\/rotaviren\/rotavirus-a-pcr\/\">Rotavirus A - PCR<\/a><\/li><\/div><\/div>[\/vc_column_text][\/vc_column][\/vc_row][vc_row][vc_column][vc_column_text css=&#8220;.vc_custom_1604410305697{margin-top: 20px !important;}&#8220;]<\/p>\n<h3>Allgemeine Informationen<\/h3>\n<p>Rotaviren der Gruppe A stellen in der Veterin\u00e4r- und Humanmedizin einen der bedeutendsten Erreger nosokomialer Gastroenteritiden dar. In Deutschland geh\u00f6ren Rotavirusinfektionen des Menschen als meldepflichtige Infektion zu den h\u00e4ufigsten gastrointestinalen Durchfallerkrankungen. Rotaviren sind unbeh\u00fcllte und damit sehr umweltstabile Viren.\u00a0 Die \u00dcbertragung erfolgt sowohl f\u00e4kal-oral als auch aerogen. Durch Zerst\u00f6rung von Enterozyten und Elektrolytverschiebungen kommt es zu Diarrh\u00f6e und Dehydratation.<\/p>\n<p>Der Nachweis erfolgt aus dem Kot, mittels eines ELISAs wird das Virusantigen nachgewiesen.<\/p>\n<p>[\/vc_column_text][\/vc_column][\/vc_row]<\/p>\n<\/div>","protected":false},"excerpt":{"rendered":"<p>[vc_row][vc_column][vc_column_text][\/vc_column_text][\/vc_column][\/vc_row][vc_row][vc_column][vc_column_text css=&#8220;.vc_custom_1604410305697{margin-top: 20px !important;}&#8220;] Allgemeine Informationen Rotaviren der Gruppe A stellen in der Veterin\u00e4r- und Humanmedizin einen der bedeutendsten Erreger nosokomialer Gastroenteritiden dar. In Deutschland geh\u00f6ren Rotavirusinfektionen des Menschen als meldepflichtige Infektion zu den h\u00e4ufigsten gastrointestinalen Durchfallerkrankungen. Rotaviren sind unbeh\u00fcllte und damit sehr umweltstabile Viren.\u00a0 Die \u00dcbertragung erfolgt sowohl f\u00e4kal-oral als auch aerogen. Durch Zerst\u00f6rung&hellip;<\/p>\n","protected":false},"author":1,"featured_media":0,"parent":1332773,"menu_order":470,"comment_status":"closed","ping_status":"closed","template":"","meta":{"_seopress_robots_primary_cat":"","_seopress_titles_title":"","_seopress_titles_desc":"","_seopress_robots_index":"","footnotes":""},"class_list":["post-1333007","page","type-page","status-publish","hentry","description-off"],"_links":{"self":[{"href":"https:\/\/laboklin.de\/de-at\/wp-json\/wp\/v2\/pages\/1333007","targetHints":{"allow":["GET"]}}],"collection":[{"href":"https:\/\/laboklin.de\/de-at\/wp-json\/wp\/v2\/pages"}],"about":[{"href":"https:\/\/laboklin.de\/de-at\/wp-json\/wp\/v2\/types\/page"}],"author":[{"embeddable":true,"href":"https:\/\/laboklin.de\/de-at\/wp-json\/wp\/v2\/users\/1"}],"replies":[{"embeddable":true,"href":"https:\/\/laboklin.de\/de-at\/wp-json\/wp\/v2\/comments?post=1333007"}],"version-history":[{"count":1,"href":"https:\/\/laboklin.de\/de-at\/wp-json\/wp\/v2\/pages\/1333007\/revisions"}],"predecessor-version":[{"id":1494173,"href":"https:\/\/laboklin.de\/de-at\/wp-json\/wp\/v2\/pages\/1333007\/revisions\/1494173"}],"up":[{"embeddable":true,"href":"https:\/\/laboklin.de\/de-at\/wp-json\/wp\/v2\/pages\/1332773"}],"wp:attachment":[{"href":"https:\/\/laboklin.de\/de-at\/wp-json\/wp\/v2\/media?parent=1333007"}],"curies":[{"name":"wp","href":"https:\/\/api.w.org\/{rel}","templated":true}]}}