{"id":1333006,"date":"2020-10-16T11:36:27","date_gmt":"2020-10-16T09:36:27","guid":{"rendered":"https:\/\/laboklin.de\/leistungen\/infektionskrankheiten-erreger-und-antikoerpernachweise\/viren\/reoviren\/"},"modified":"2024-11-13T13:40:27","modified_gmt":"2024-11-13T12:40:27","slug":"reoviren","status":"publish","type":"page","link":"https:\/\/laboklin.de\/de-at\/leistungen\/infektionskrankheiten-erreger-und-antikoerpernachweise\/viren\/reoviren\/","title":{"rendered":"Reoviren"},"content":{"rendered":"<div class=\"wpb-content-wrapper\"><p>[vc_row type=&#8220;vc_default&#8220;][vc_column][vc_column_text css=&#8220;.vc_custom_1604504569996{margin-bottom: 30px !important;}&#8220;]<h3>Leistungsspektrum<\/h3><div class=\"vc_tta-panels-container\"><div class=\"vc_tta-panels\"><li class=\"menu-item sub-page\"><a href=\"https:\/\/laboklin.de\/de-at\/leistungen\/infektionskrankheiten-erreger-und-antikoerpernachweise\/viren\/reoviren\/reoviren-pcr\/\">Reoviren - PCR<\/a><\/li><\/div><\/div>\n<h3><\/h3>\n<p>&nbsp;<\/p>\n<h3>Allgemeine Informationen<\/h3>\n<p>[\/vc_column_text][\/vc_column][\/vc_row][vc_row][vc_column][vc_accordion active_tab=&#8220;false&#8220; title_size=&#8220;normal&#8220; style=&#8220;2&#8243;][vc_accordion_tab title=&#8220;V\u00f6gel&#8220;][vc_column_text css=&#8220;.vc_custom_1663927174778{margin-left: 20px !important;}&#8220;]Reoviren sind unbeh\u00fcllte doppelstr\u00e4ngige RNA-Viren und werden regelm\u00e4\u00dfig bei verschiedenen Vogelspezies nachgewiesen. Sie k\u00f6nnen inapparente Infektionen verursachen, werden aber auch im Zusammenhang mit verschiedenen klinischen Ver\u00e4nderungen gebracht. H\u00e4ufig betroffen sind die Leber und der Darm. Atemwegsinfektionen kommen auch vor. T\u00f6dliche Infektionen werden v.a. bei Altweltpapageien beobachtet.[\/vc_column_text][\/vc_accordion_tab][vc_accordion_tab title=&#8220;Reptilien&#8220;][vc_column_text css=&#8220;.vc_custom_1642767302434{margin-left: 20px !important;}&#8220;]<\/p>\n<p style=\"font-weight: 300;\">Reoviren werden h\u00e4ufig bei Schlangen und Echsen, gelegentlich aber auch bei Schildkr\u00f6ten nachgewiesen.<\/p>\n<p style=\"font-weight: 300;\">Bei Schlangen und Echsen stehen sie im Zusammenhang mit respiratorischen Symptomen, insbesondere Pneumonien. Bei Echsen sind sie auch an Hautl\u00e4sionen (papillomat\u00f6se Ver\u00e4nderungen) und Enteritiden beteiligt. Bei Schildkr\u00f6ten werden Reoviren ebenfalls im Zusammenhang mit respiratorischen Symptomen und Stomatitis nachgewiesen.<\/p>\n<p>[\/vc_column_text][\/vc_accordion_tab][\/vc_accordion][\/vc_column][\/vc_row]<\/p>\n<\/div>","protected":false},"excerpt":{"rendered":"<p>[vc_row type=&#8220;vc_default&#8220;][vc_column][vc_column_text css=&#8220;.vc_custom_1604504569996{margin-bottom: 30px !important;}&#8220;] &nbsp; Allgemeine Informationen [\/vc_column_text][\/vc_column][\/vc_row][vc_row][vc_column][vc_accordion active_tab=&#8220;false&#8220; title_size=&#8220;normal&#8220; style=&#8220;2&#8243;][vc_accordion_tab title=&#8220;V\u00f6gel&#8220;][vc_column_text css=&#8220;.vc_custom_1663927174778{margin-left: 20px !important;}&#8220;]Reoviren sind unbeh\u00fcllte doppelstr\u00e4ngige RNA-Viren und werden regelm\u00e4\u00dfig bei verschiedenen Vogelspezies nachgewiesen. Sie k\u00f6nnen inapparente Infektionen verursachen, werden aber auch im Zusammenhang mit verschiedenen klinischen Ver\u00e4nderungen gebracht. H\u00e4ufig betroffen sind die Leber und der Darm. Atemwegsinfektionen kommen auch vor. T\u00f6dliche&hellip;<\/p>\n","protected":false},"author":1,"featured_media":0,"parent":1332773,"menu_order":460,"comment_status":"closed","ping_status":"closed","template":"","meta":{"_seopress_robots_primary_cat":"","_seopress_titles_title":"","_seopress_titles_desc":"","_seopress_robots_index":"","footnotes":""},"class_list":["post-1333006","page","type-page","status-publish","hentry","description-off"],"_links":{"self":[{"href":"https:\/\/laboklin.de\/de-at\/wp-json\/wp\/v2\/pages\/1333006","targetHints":{"allow":["GET"]}}],"collection":[{"href":"https:\/\/laboklin.de\/de-at\/wp-json\/wp\/v2\/pages"}],"about":[{"href":"https:\/\/laboklin.de\/de-at\/wp-json\/wp\/v2\/types\/page"}],"author":[{"embeddable":true,"href":"https:\/\/laboklin.de\/de-at\/wp-json\/wp\/v2\/users\/1"}],"replies":[{"embeddable":true,"href":"https:\/\/laboklin.de\/de-at\/wp-json\/wp\/v2\/comments?post=1333006"}],"version-history":[{"count":1,"href":"https:\/\/laboklin.de\/de-at\/wp-json\/wp\/v2\/pages\/1333006\/revisions"}],"predecessor-version":[{"id":1494176,"href":"https:\/\/laboklin.de\/de-at\/wp-json\/wp\/v2\/pages\/1333006\/revisions\/1494176"}],"up":[{"embeddable":true,"href":"https:\/\/laboklin.de\/de-at\/wp-json\/wp\/v2\/pages\/1332773"}],"wp:attachment":[{"href":"https:\/\/laboklin.de\/de-at\/wp-json\/wp\/v2\/media?parent=1333006"}],"curies":[{"name":"wp","href":"https:\/\/api.w.org\/{rel}","templated":true}]}}