{"id":1333004,"date":"2020-10-16T11:36:27","date_gmt":"2020-10-16T09:36:27","guid":{"rendered":"https:\/\/laboklin.de\/leistungen\/infektionskrankheiten-erreger-und-antikoerpernachweise\/viren\/ranaviren\/"},"modified":"2024-11-13T13:40:53","modified_gmt":"2024-11-13T12:40:53","slug":"ranaviren","status":"publish","type":"page","link":"https:\/\/laboklin.de\/de-at\/leistungen\/infektionskrankheiten-erreger-und-antikoerpernachweise\/viren\/ranaviren\/","title":{"rendered":"Ranaviren"},"content":{"rendered":"<div class=\"wpb-content-wrapper\"><p>[vc_row][vc_column][vc_column_text]<h3>Leistungsspektrum<\/h3><div class=\"vc_tta-panels-container\"><div class=\"vc_tta-panels\"><li class=\"menu-item sub-page\"><a href=\"https:\/\/laboklin.de\/de-at\/leistungen\/infektionskrankheiten-erreger-und-antikoerpernachweise\/viren\/ranaviren\/ranaviren-pcr\/\">Ranaviren - PCR<\/a><\/li><\/div><\/div>[\/vc_column_text][\/vc_column][\/vc_row][vc_row][vc_column][vc_column_text css=&#8220;.vc_custom_1604321842067{margin-top: 20px !important;}&#8220;]<\/p>\n<h3>Allgemeine Informationen<\/h3>\n<p>Ranaviren sind beh\u00fcllte Doppelstrang-DNA-Viren und geh\u00f6ren zur Familie Iridoviridae. Sie treten weltweit auf und haben ein sehr breites Wirtsspektrum, sie k\u00f6nnen zwischen verschiedenen Tierspezies und sogar -klassen \u00fcbertragen werden. Die \u00dcbertragung erfolgt durch direkten Kontakt, Umweltkontaminationen oder Kannibalismus (bzw. Fressen infizierter Tiere).<\/p>\n<p>Bei<strong> Amphibien<\/strong> werden Ranaviren zunehmend nachgewiesen. Ranaviren k\u00f6nnen bei diesen Tieren systemische Erkrankungen und Massensterben ausl\u00f6sen. Man unterscheidet zwischen einer h\u00e4morrhagischen Form und einer Hautform. Klinisch k\u00f6nnen sich Hautr\u00f6tungen, v.a. am Bauch und Oberschenkel, Ulzerationen an den Zehen und eine erh\u00f6hte Blutungsneigung zeigen. Einige Tiere sterben, ohne vorher klinisch krank zu erscheinen, w\u00e4hrend andere inapparente Tr\u00e4ger sein k\u00f6nnen.<\/p>\n<p>Bei <strong>Reptilien<\/strong> treten Ranaviren v.a. bei Schildkr\u00f6ten auf, wo sie mit Stomatitis, Rhinitis, Pneumonie und Leberver\u00e4nderungen in Zusammenhang stehen. Bei Echsen scheinen Ranaviren eine Rolle bei Hautver\u00e4nderungen, Stomatitis, granulomat\u00f6sen Ver\u00e4nderungen und Massensterben zu spielen. Bei Schlangen sind Ver\u00e4nderungen im Maul und an der Leber beschrieben.<\/p>\n<p>Ranaviren werden auch bei <strong>Fischen<\/strong> nachgewiesen. Bei Fischen kann eine Infektion klinisch inapparent verlaufen oder es kommt zu systemischen Erkrankungen mit Massensterben.[\/vc_column_text][\/vc_column][\/vc_row]<\/p>\n<\/div>","protected":false},"excerpt":{"rendered":"<p>[vc_row][vc_column][vc_column_text][\/vc_column_text][\/vc_column][\/vc_row][vc_row][vc_column][vc_column_text css=&#8220;.vc_custom_1604321842067{margin-top: 20px !important;}&#8220;] Allgemeine Informationen Ranaviren sind beh\u00fcllte Doppelstrang-DNA-Viren und geh\u00f6ren zur Familie Iridoviridae. Sie treten weltweit auf und haben ein sehr breites Wirtsspektrum, sie k\u00f6nnen zwischen verschiedenen Tierspezies und sogar -klassen \u00fcbertragen werden. Die \u00dcbertragung erfolgt durch direkten Kontakt, Umweltkontaminationen oder Kannibalismus (bzw. Fressen infizierter Tiere). Bei Amphibien werden Ranaviren zunehmend nachgewiesen. Ranaviren&hellip;<\/p>\n","protected":false},"author":1,"featured_media":0,"parent":1332773,"menu_order":450,"comment_status":"closed","ping_status":"closed","template":"","meta":{"_seopress_robots_primary_cat":"","_seopress_titles_title":"","_seopress_titles_desc":"","_seopress_robots_index":"","footnotes":""},"class_list":["post-1333004","page","type-page","status-publish","hentry","description-off"],"_links":{"self":[{"href":"https:\/\/laboklin.de\/de-at\/wp-json\/wp\/v2\/pages\/1333004","targetHints":{"allow":["GET"]}}],"collection":[{"href":"https:\/\/laboklin.de\/de-at\/wp-json\/wp\/v2\/pages"}],"about":[{"href":"https:\/\/laboklin.de\/de-at\/wp-json\/wp\/v2\/types\/page"}],"author":[{"embeddable":true,"href":"https:\/\/laboklin.de\/de-at\/wp-json\/wp\/v2\/users\/1"}],"replies":[{"embeddable":true,"href":"https:\/\/laboklin.de\/de-at\/wp-json\/wp\/v2\/comments?post=1333004"}],"version-history":[{"count":1,"href":"https:\/\/laboklin.de\/de-at\/wp-json\/wp\/v2\/pages\/1333004\/revisions"}],"predecessor-version":[{"id":1494178,"href":"https:\/\/laboklin.de\/de-at\/wp-json\/wp\/v2\/pages\/1333004\/revisions\/1494178"}],"up":[{"embeddable":true,"href":"https:\/\/laboklin.de\/de-at\/wp-json\/wp\/v2\/pages\/1332773"}],"wp:attachment":[{"href":"https:\/\/laboklin.de\/de-at\/wp-json\/wp\/v2\/media?parent=1333004"}],"curies":[{"name":"wp","href":"https:\/\/api.w.org\/{rel}","templated":true}]}}