{"id":1332985,"date":"2020-10-16T11:36:27","date_gmt":"2020-10-16T09:36:27","guid":{"rendered":"https:\/\/laboklin.de\/leistungen\/infektionskrankheiten-erreger-und-antikoerpernachweise\/viren\/paramyxoviren\/"},"modified":"2025-01-30T13:25:43","modified_gmt":"2025-01-30T12:25:43","slug":"paramyxoviren","status":"publish","type":"page","link":"https:\/\/laboklin.de\/de-at\/leistungen\/infektionskrankheiten-erreger-und-antikoerpernachweise\/viren\/paramyxoviren\/","title":{"rendered":"Paramyxoviren"},"content":{"rendered":"<div class=\"wpb-content-wrapper\"><p>[vc_row][vc_column][vc_column_text]<h3>Leistungsspektrum<\/h3><div class=\"vc_tta-panels-container\"><div class=\"vc_tta-panels\"><li class=\"menu-item sub-page\"><a href=\"https:\/\/laboklin.de\/de-at\/leistungen\/infektionskrankheiten-erreger-und-antikoerpernachweise\/viren\/paramyxoviren\/aviaeres-paramyxovirus-1-apmv-1-antikoerper\/\">Avi\u00e4res Paramyxovirus 1 (aPMV-1) - Antik\u00f6rper*<\/a><\/li><li class=\"menu-item sub-page\"><a href=\"https:\/\/laboklin.de\/de-at\/leistungen\/infektionskrankheiten-erreger-und-antikoerpernachweise\/viren\/paramyxoviren\/aviaeres-paramyxovirus-1-apmv-1-pcr\/\">Avi\u00e4res Paramyxovirus 1 (aPMV-1)* - PCR<\/a><\/li><li class=\"menu-item sub-page\"><a href=\"https:\/\/laboklin.de\/de-at\/leistungen\/infektionskrankheiten-erreger-und-antikoerpernachweise\/viren\/paramyxoviren\/paramyxoviren-ferlaviren-reptilien-pcr\/\">Paramyxoviren\/Ferlaviren (Reptilien) - PCR<\/a><\/li><li class=\"menu-item sub-page\"><a href=\"https:\/\/laboklin.de\/de-at\/leistungen\/infektionskrankheiten-erreger-und-antikoerpernachweise\/viren\/paramyxoviren\/paramyxovirus-ferlavirus-antikoerper\/\">Paramyxovirus\/Ferlavirus - Antik\u00f6rper*<\/a><\/li><\/div><\/div>[\/vc_column_text][\/vc_column][\/vc_row][vc_row][vc_column][vc_column_text css=&#8220;.vc_custom_1738239938263{margin-top: 20px !important;margin-bottom: 30px !important;}&#8220;]* Partnerlabor<\/p>\n<p><em>Paramyxoviren\u00a0<\/em><em>siehe auch<\/em><em>\u00a0 <\/em><\/p>\n<ul>\n<li><a href=\"https:\/\/laboklin.de\/de-at\/leistungen\/infektionskrankheiten-erreger-und-antikoerpernachweise\/viren\/bovines-respiratorisches-synzytialvirus-brsv\/\">BRSV<\/a><\/li>\n<li><a href=\"https:\/\/laboklin.de\/de-at\/leistungen\/infektionskrankheiten-erreger-und-antikoerpernachweise\/viren\/parainfluenzaviren\/\">Parainfluenzaviren <\/a><\/li>\n<li><a href=\"https:\/\/laboklin.de\/de-at\/leistungen\/infektionskrankheiten-erreger-und-antikoerpernachweise\/viren\/staupevirus\/\">Staupevirus<\/a><\/li>\n<li><a href=\"https:\/\/laboklin.de\/de-at\/leistungen\/infektionskrankheiten-erreger-und-antikoerpernachweise\/viren\/sunshinevirus\/\">Sunshinevirus<\/a><\/li>\n<\/ul>\n<p>&nbsp;<\/p>\n<h3>Allgemeine Informationen<\/h3>\n<p>Paramyxoviren geh\u00f6ren zu den beh\u00fcllten einstr\u00e4ngigen RNA-Viren. Sie verursachen beim Menschen und vielen Tierarten vorwiegend respiratorische Erkrankungen, sind aber auch Erreger schwerer systemischer Erkrankungen.[\/vc_column_text][\/vc_column][\/vc_row][vc_row][vc_column][vc_accordion active_tab=&#8220;false&#8220; title_size=&#8220;normal&#8220; style=&#8220;2&#8243;][vc_accordion_tab title=&#8220;V\u00f6gel&#8220;][vc_column_text css=&#8220;&#8220;]<strong>Avi\u00e4res Paramyxovirus 1 (aPMV-1, Newcastle Disease Virus)<\/strong><\/p>\n<p>Das Newcastle Disease Virus ist ein avi\u00e4res Paramyxovirus, das sehr viele verschiedene Vogelspezies infizieren kann. Bei Gefl\u00fcgel wird die Newcastle Disease auch als atypische Gefl\u00fcgelpest bezeichnet. Es gibt unterschiedlich pathogene St\u00e4mme, die unterschiedlich starke klinische Symptome hervorrufen k\u00f6nnen, von subklinischen bis perakuten Erkrankungen. Betroffene Tiere k\u00f6nnen v.a. respiratorische und ZNS-Symptome entwickeln; Leistungsabfall, Durchfall und pl\u00f6tzliche Todesf\u00e4lle sind ebenfalls m\u00f6glich. Das Newcastle Disease Virus ist zoonotisch und kann eine Konjunktivitis, Fieber, Kopf- und Gliederschmerzen bei Menschen verursachen.<\/p>\n<p>aPMV-1 gelten als Verursacher der Newcastle-Krankheit, wenn sie einen definierten Pathogenit\u00e4tsindex \u00fcberschreiten. Die Newcastle-Krankheit ist <strong>anzeigepflichtig <\/strong>in Deutschland.<br \/>\nBei Gefl\u00fcgel besteht in Deutschland Impfpflicht.[\/vc_column_text][\/vc_accordion_tab][vc_accordion_tab title=&#8220;Reptilien&#8220;][vc_column_text css=&#8220;&#8220;]<strong>Paramyxoviren \/ Ferlaviren<\/strong><\/p>\n<p>Ferlavirusinfektionen treten insbesondere bei Schlangen auf. Bei Echsen und Schildkr\u00f6ten kommen diese Infektionen selten vor. Besonders betroffen sind Vipern, Giftnattern, Nattern, Boas und Pythons. Symptome der Erkrankung umfassen Nasenausfluss, Atmen mit ge\u00f6ffnetem Maul und Atemger\u00e4usche. Neben respiratorischen Ver\u00e4nderungen werden oftmals ZNS-Symptome gefunden. Diese beinhalten einen reduzierten Muskeltonus, Zwangsbewegungen, Tremor des Kopfes und Opisthotonus. Die \u00dcbertragung kann horizontal von Tier zu Tier, \u00fcber Aerosole oder \u00fcber den Kot erfolgen.<\/p>\n<p>Am lebenden Tier wird das Virus am besten mittels einer Trachealsp\u00fclprobe oder \u00fcber einen kombinierten Rachen- und Kloakentupfer nachgewiesen. Als Organprobe eignet sich am besten Lunge, gefolgt von Gehirn, Pankreas sowie Leber, Darm und Niere.[\/vc_column_text][\/vc_accordion_tab][\/vc_accordion][\/vc_column][\/vc_row]<\/p>\n<\/div>","protected":false},"excerpt":{"rendered":"<p>[vc_row][vc_column][vc_column_text][\/vc_column_text][\/vc_column][\/vc_row][vc_row][vc_column][vc_column_text css=&#8220;.vc_custom_1738239938263{margin-top: 20px !important;margin-bottom: 30px !important;}&#8220;]* Partnerlabor Paramyxoviren\u00a0siehe auch\u00a0 BRSV Parainfluenzaviren Staupevirus Sunshinevirus &nbsp; Allgemeine Informationen Paramyxoviren geh\u00f6ren zu den beh\u00fcllten einstr\u00e4ngigen RNA-Viren. Sie verursachen beim Menschen und vielen Tierarten vorwiegend respiratorische Erkrankungen, sind aber auch Erreger schwerer systemischer Erkrankungen.[\/vc_column_text][\/vc_column][\/vc_row][vc_row][vc_column][vc_accordion active_tab=&#8220;false&#8220; title_size=&#8220;normal&#8220; style=&#8220;2&#8243;][vc_accordion_tab title=&#8220;V\u00f6gel&#8220;][vc_column_text css=&#8220;&#8220;]Avi\u00e4res Paramyxovirus 1 (aPMV-1, Newcastle Disease Virus) Das Newcastle Disease Virus&hellip;<\/p>\n","protected":false},"author":1,"featured_media":0,"parent":1332773,"menu_order":380,"comment_status":"closed","ping_status":"closed","template":"","meta":{"_seopress_robots_primary_cat":"","_seopress_titles_title":"","_seopress_titles_desc":"","_seopress_robots_index":"","footnotes":""},"class_list":["post-1332985","page","type-page","status-publish","hentry","description-off"],"_links":{"self":[{"href":"https:\/\/laboklin.de\/de-at\/wp-json\/wp\/v2\/pages\/1332985","targetHints":{"allow":["GET"]}}],"collection":[{"href":"https:\/\/laboklin.de\/de-at\/wp-json\/wp\/v2\/pages"}],"about":[{"href":"https:\/\/laboklin.de\/de-at\/wp-json\/wp\/v2\/types\/page"}],"author":[{"embeddable":true,"href":"https:\/\/laboklin.de\/de-at\/wp-json\/wp\/v2\/users\/1"}],"replies":[{"embeddable":true,"href":"https:\/\/laboklin.de\/de-at\/wp-json\/wp\/v2\/comments?post=1332985"}],"version-history":[{"count":5,"href":"https:\/\/laboklin.de\/de-at\/wp-json\/wp\/v2\/pages\/1332985\/revisions"}],"predecessor-version":[{"id":1504994,"href":"https:\/\/laboklin.de\/de-at\/wp-json\/wp\/v2\/pages\/1332985\/revisions\/1504994"}],"up":[{"embeddable":true,"href":"https:\/\/laboklin.de\/de-at\/wp-json\/wp\/v2\/pages\/1332773"}],"wp:attachment":[{"href":"https:\/\/laboklin.de\/de-at\/wp-json\/wp\/v2\/media?parent=1332985"}],"curies":[{"name":"wp","href":"https:\/\/api.w.org\/{rel}","templated":true}]}}