{"id":1332983,"date":"2020-10-16T11:36:27","date_gmt":"2020-10-16T09:36:27","guid":{"rendered":"https:\/\/laboklin.de\/leistungen\/infektionskrankheiten-erreger-und-antikoerpernachweise\/viren\/parainfluenzaviren\/"},"modified":"2024-11-13T13:47:27","modified_gmt":"2024-11-13T12:47:27","slug":"parainfluenzaviren","status":"publish","type":"page","link":"https:\/\/laboklin.de\/de-at\/leistungen\/infektionskrankheiten-erreger-und-antikoerpernachweise\/viren\/parainfluenzaviren\/","title":{"rendered":"Parainfluenzaviren"},"content":{"rendered":"<div class=\"wpb-content-wrapper\"><p>[vc_row][vc_column][vc_column_text]<h3>Leistungsspektrum<\/h3><div class=\"vc_tta-panels-container\"><div class=\"vc_tta-panels\"><li class=\"menu-item sub-page\"><a href=\"https:\/\/laboklin.de\/de-at\/leistungen\/infektionskrankheiten-erreger-und-antikoerpernachweise\/viren\/parainfluenzaviren\/bovines-parainfluenzavirus-3-bpiv-3-pcr\/\">Bovines Parainfluenzavirus 3 (BPIV-3) - PCR<\/a><\/li><li class=\"menu-item sub-page\"><a href=\"https:\/\/laboklin.de\/de-at\/leistungen\/infektionskrankheiten-erreger-und-antikoerpernachweise\/viren\/parainfluenzaviren\/canines-parainfluenzavirus-cpiv-pcr\/\">Canines Parainfluenzavirus (CPiV) - PCR<\/a><\/li><\/div><\/div>[\/vc_column_text][\/vc_column][\/vc_row][vc_row][vc_column][vc_column_text css=&#8220;.vc_custom_1679251549187{margin-top: 20px !important;margin-bottom: 30px !important;}&#8220;]Der Nachweis des bovinen Parainfluenzavirus 3 (BPiV-3) mittels PCR ist auch Bestandteil der <a href=\"https:\/\/laboklin.de\/de-at\/leistungen\/profile\/profile-screenings-wiederkaeuer\/pcr-profile\/respirationsprofil-rind-1-kultur-pcr\/\">Leistung 8427 Respirationsprofil Rind (PCR-Profil)<\/a>.<\/p>\n<p>Antik\u00f6rper gegen das bovine Parainfluenzavirus 3 (BPiV-3) k\u00f6nnen mittels des <a href=\"https:\/\/laboklin.de\/de-at\/leistungen\/profile\/profile-screenings-wiederkaeuer\/serologische-profile\/respirationsprofil-rind-antikoerper\/\">serologischen Respirationsprofils Rind (Leistung 1240)<\/a>\u00a0nachgewiesen werden.<\/p>\n<h3><div class=\"gap\" style=\"line-height: 20px; height: 20px;\"><\/div>Allgemeine Informationen<\/h3>\n<p>[\/vc_column_text][\/vc_column][\/vc_row][vc_row][vc_column][vc_accordion active_tab=&#8220;false&#8220; title_size=&#8220;normal&#8220; style=&#8220;2&#8243;][vc_accordion_tab title=&#8220;Hund&#8220;][vc_column_text css=&#8220;.vc_custom_1642763474367{margin-left: 20px !important;}&#8220;]Das\u00a0<b>canine Parainfluenzavirus Typ 2 (CPiV-2)<\/b> spielt eine entscheidende Rolle bei akuten Infektionen des oberen Respirationstraktes des Hundes, die unter dem Begriff \u201eZwingerhusten\u201c zusammengefasst werden. In Zwingern oder \u00e4hnlichen Einrichtungen k\u00f6nnen bei bis zu 70 % aller Tiere Antik\u00f6rper nachgewiesen werden.<br \/>\nAlleinige Infektionen mit CPiV-2 f\u00fchren in der Regel nur zu milden oder klinisch inapparenten Krankheitsverl\u00e4ufen. Erst bei Sekund\u00e4rinfektionen mit anderen Viren (v.a. mit caninem Adenovirus-2 \/ caninem Herpesvirus-1), Bakterien (Bordetella bronchiseptica, Streptokokken, Staphylokokken u.a.) oder Mykoplasmen sowie schlechten Haltungs- und\/oder Hygienebedingungen kommt es zu den bekannten schweren Verl\u00e4ufen.[\/vc_column_text][\/vc_accordion_tab][vc_accordion_tab title=&#8220;Rind&#8220;][vc_column_text css=&#8220;.vc_custom_1642763484430{margin-left: 20px !important;}&#8220;]Das<b>\u00a0bovine Parainfluenzavirus 3 (PI-3, BPIV-3)<\/b>\u00a0spielt eine wichtige Rolle bei akuten Erkrankungen des Respirationsapparates beim Rind, insbesondere bei der Entstehung der infekti\u00f6sen Faktorenkrankheit\u00a0<b>enzootische Bronchopneumonie<\/b>. Monoinfektionen verursachen nur milde Symptome oder verlaufen klinisch inapparent. Erst durch Sekund\u00e4rinfektionen mit anderen Viren (z.B. bovines Adenovirus), Bakterien (Pasteurellen, Mykoplasmen) und resistenzmindernden Faktoren (kalte Witterung, Stress, mangelhafte Stallhygiene) entwickeln sich schwere Krankheitssymptome in Form endemisch auftretender Bronchopneumonien. Das Virus wird mit dem Nasensekret ausgeschieden, die \u00dcbertragung erfolgt aerogen. Das Krankheitsbild ist gekennzeichnet durch Fieber, Atembeschwerden und Salivation. Etwa 5 % der Tiere sterben innerhalb von 3 &#8211; 4 Tagen. Verschiedene Impfstoffe stehen zur Verf\u00fcgung, allerdings k\u00f6nnen nach einigen Monaten Reinfektionen auftreten..[\/vc_column_text][\/vc_accordion_tab][\/vc_accordion][\/vc_column][\/vc_row]<\/p>\n<\/div>","protected":false},"excerpt":{"rendered":"<p>[vc_row][vc_column][vc_column_text][\/vc_column_text][\/vc_column][\/vc_row][vc_row][vc_column][vc_column_text css=&#8220;.vc_custom_1679251549187{margin-top: 20px !important;margin-bottom: 30px !important;}&#8220;]Der Nachweis des bovinen Parainfluenzavirus 3 (BPiV-3) mittels PCR ist auch Bestandteil der Leistung 8427 Respirationsprofil Rind (PCR-Profil). Antik\u00f6rper gegen das bovine Parainfluenzavirus 3 (BPiV-3) k\u00f6nnen mittels des serologischen Respirationsprofils Rind (Leistung 1240)\u00a0nachgewiesen werden. Allgemeine Informationen [\/vc_column_text][\/vc_column][\/vc_row][vc_row][vc_column][vc_accordion active_tab=&#8220;false&#8220; title_size=&#8220;normal&#8220; style=&#8220;2&#8243;][vc_accordion_tab title=&#8220;Hund&#8220;][vc_column_text css=&#8220;.vc_custom_1642763474367{margin-left: 20px !important;}&#8220;]Das\u00a0canine Parainfluenzavirus Typ 2 (CPiV-2) spielt eine&hellip;<\/p>\n","protected":false},"author":1,"featured_media":0,"parent":1332773,"menu_order":370,"comment_status":"closed","ping_status":"closed","template":"","meta":{"_seopress_robots_primary_cat":"","_seopress_titles_title":"","_seopress_titles_desc":"","_seopress_robots_index":"","footnotes":""},"class_list":["post-1332983","page","type-page","status-publish","hentry","description-off"],"_links":{"self":[{"href":"https:\/\/laboklin.de\/de-at\/wp-json\/wp\/v2\/pages\/1332983","targetHints":{"allow":["GET"]}}],"collection":[{"href":"https:\/\/laboklin.de\/de-at\/wp-json\/wp\/v2\/pages"}],"about":[{"href":"https:\/\/laboklin.de\/de-at\/wp-json\/wp\/v2\/types\/page"}],"author":[{"embeddable":true,"href":"https:\/\/laboklin.de\/de-at\/wp-json\/wp\/v2\/users\/1"}],"replies":[{"embeddable":true,"href":"https:\/\/laboklin.de\/de-at\/wp-json\/wp\/v2\/comments?post=1332983"}],"version-history":[{"count":1,"href":"https:\/\/laboklin.de\/de-at\/wp-json\/wp\/v2\/pages\/1332983\/revisions"}],"predecessor-version":[{"id":1427970,"href":"https:\/\/laboklin.de\/de-at\/wp-json\/wp\/v2\/pages\/1332983\/revisions\/1427970"}],"up":[{"embeddable":true,"href":"https:\/\/laboklin.de\/de-at\/wp-json\/wp\/v2\/pages\/1332773"}],"wp:attachment":[{"href":"https:\/\/laboklin.de\/de-at\/wp-json\/wp\/v2\/media?parent=1332983"}],"curies":[{"name":"wp","href":"https:\/\/api.w.org\/{rel}","templated":true}]}}