{"id":1332982,"date":"2020-10-16T11:36:27","date_gmt":"2020-10-16T09:36:27","guid":{"rendered":"https:\/\/laboklin.de\/leistungen\/infektionskrankheiten-erreger-und-antikoerpernachweise\/viren\/papillomaviren\/"},"modified":"2024-11-13T13:47:53","modified_gmt":"2024-11-13T12:47:53","slug":"papillomaviren","status":"publish","type":"page","link":"https:\/\/laboklin.de\/de-at\/leistungen\/infektionskrankheiten-erreger-und-antikoerpernachweise\/viren\/papillomaviren\/","title":{"rendered":"Papillomaviren"},"content":{"rendered":"<div class=\"wpb-content-wrapper\"><p>[vc_row][vc_column][vc_column_text]<h3>Leistungsspektrum<\/h3><div class=\"vc_tta-panels-container\"><div class=\"vc_tta-panels\"><li class=\"menu-item sub-page\"><a href=\"https:\/\/laboklin.de\/de-at\/leistungen\/infektionskrankheiten-erreger-und-antikoerpernachweise\/viren\/papillomaviren\/papillomavirus-bpv-1-2-equines-sarkoid-pcr\/\">Papillomavirus (BPV 1\/2, equines Sarkoid) - PCR<\/a><\/li><li class=\"menu-item sub-page\"><a href=\"https:\/\/laboklin.de\/de-at\/leistungen\/infektionskrankheiten-erreger-und-antikoerpernachweise\/viren\/papillomaviren\/papillomavirus-ecpv-pferd-pcr\/\">Papillomavirus (EcPV, Pferd) - PCR<\/a><\/li><li class=\"menu-item sub-page\"><a href=\"https:\/\/laboklin.de\/de-at\/leistungen\/infektionskrankheiten-erreger-und-antikoerpernachweise\/viren\/papillomaviren\/papillomavirus-pcr\/\">Papillomavirus - PCR<\/a><\/li><\/div><\/div>[\/vc_column_text][\/vc_column][\/vc_row][vc_row type=&#8220;vc_default&#8220; css=&#8220;.vc_custom_1612017609688{margin-top: 30px !important;}&#8220;][vc_column][vc_column_text]<\/p>\n<h3>Allgemeine Informationen<\/h3>\n<p>[\/vc_column_text][\/vc_column][\/vc_row][vc_row type=&#8220;vc_default&#8220; css=&#8220;.vc_custom_1604316139698{margin-top: 20px !important;}&#8220;][vc_column][vc_accordion active_tab=&#8220;false&#8220; title_size=&#8220;normal&#8220; style=&#8220;2&#8243;][vc_accordion_tab title=&#8220;Hund \/ Katze&#8220;][vc_column_text css=&#8220;.vc_custom_1715595215445{margin-left: 20px !important;}&#8220;]Eine Papillomatose ist eine seltene Viruserkrankung bei Hunden und Katzen, die durch zahlreiche gutartige Warzen (Papillome) im Kopfbereich gekennzeichnet ist. Papillomaviren kommen zwar bei vielen Tierarten und dem Menschen vor, sind aber streng wirtsspezifisch, so dass eine Gef\u00e4hrdung f\u00fcr den Menschen und andere Tiere nicht gegeben ist. Die PCR weist canine und feline Papillomaviren nach. Die Papillome treten vor allem in der Maulh\u00f6hle, seltener an der Bindehaut, Hornhaut und den Augenlidern auf. Die Warzen sind gutartig und heilen meist ohne Therapie nach einem bis f\u00fcnf Monaten ab. Wenn sie die Futteraufnahme stark beeintr\u00e4chtigen, kann eine chirurgische Entfernung angezeigt sein. Eine Studie hat der Verabreichung von Azithromycin eine gute Wirksamkeit bescheinigt.[\/vc_column_text][\/vc_accordion_tab][vc_accordion_tab title=&#8220;Pferd&#8220;][vc_column_text css=&#8220;.vc_custom_1642763073092{margin-left: 20px !important;}&#8220;]Das<strong> equine Sarkoid<\/strong> z\u00e4hlt zu den h\u00e4ufigsten Hauttumoren beim Pferd (ca. 2 &#8211; 12 % aller Pferde sind betroffen). Erreger ist das bovine Papillomavirus &#8211; vor allem vom Typ 1, seltener vom Typ 2. Bei den Tumorzellen handelt es sich um ver\u00e4nderte Fibroblasten, betroffen sind Haut und Unterhaut. Equine Sarkoide z\u00e4hlen zu den semimalignen Tumoren, d.h. sie metastasieren nicht, bei unvollst\u00e4ndiger chirurgischer Entfernung neigen sie allerdings stark zu Rezidiven. Die \u00dcbertragung erfolgt wahrscheinlich in erster Linie durch direkten Kontakt sowie \u00fcber Fliegen und Pferdebremsen, aber auch indirekt \u00fcber Scheuerstellen, Sattel, Decken und Putzzeug. Infiziert sind die gesamte Hautoberfl\u00e4che sowie bestimmte Blutzellen, die Infektion ist zudem auf Lebenszeit. Die Erstdiagnose erfolgt im Alter von 3 &#8211; 12 Jahren.[\/vc_column_text][\/vc_accordion_tab][\/vc_accordion][\/vc_column][\/vc_row]<\/p>\n<\/div>","protected":false},"excerpt":{"rendered":"<p>[vc_row][vc_column][vc_column_text][\/vc_column_text][\/vc_column][\/vc_row][vc_row type=&#8220;vc_default&#8220; css=&#8220;.vc_custom_1612017609688{margin-top: 30px !important;}&#8220;][vc_column][vc_column_text] Allgemeine Informationen [\/vc_column_text][\/vc_column][\/vc_row][vc_row type=&#8220;vc_default&#8220; css=&#8220;.vc_custom_1604316139698{margin-top: 20px !important;}&#8220;][vc_column][vc_accordion active_tab=&#8220;false&#8220; title_size=&#8220;normal&#8220; style=&#8220;2&#8243;][vc_accordion_tab title=&#8220;Hund \/ Katze&#8220;][vc_column_text css=&#8220;.vc_custom_1715595215445{margin-left: 20px !important;}&#8220;]Eine Papillomatose ist eine seltene Viruserkrankung bei Hunden und Katzen, die durch zahlreiche gutartige Warzen (Papillome) im Kopfbereich gekennzeichnet ist. Papillomaviren kommen zwar bei vielen Tierarten und dem Menschen vor, sind aber streng wirtsspezifisch, so&hellip;<\/p>\n","protected":false},"author":1,"featured_media":0,"parent":1332773,"menu_order":360,"comment_status":"closed","ping_status":"closed","template":"","meta":{"_seopress_robots_primary_cat":"","_seopress_titles_title":"","_seopress_titles_desc":"","_seopress_robots_index":"","footnotes":""},"class_list":["post-1332982","page","type-page","status-publish","hentry","description-off"],"_links":{"self":[{"href":"https:\/\/laboklin.de\/de-at\/wp-json\/wp\/v2\/pages\/1332982","targetHints":{"allow":["GET"]}}],"collection":[{"href":"https:\/\/laboklin.de\/de-at\/wp-json\/wp\/v2\/pages"}],"about":[{"href":"https:\/\/laboklin.de\/de-at\/wp-json\/wp\/v2\/types\/page"}],"author":[{"embeddable":true,"href":"https:\/\/laboklin.de\/de-at\/wp-json\/wp\/v2\/users\/1"}],"replies":[{"embeddable":true,"href":"https:\/\/laboklin.de\/de-at\/wp-json\/wp\/v2\/comments?post=1332982"}],"version-history":[{"count":1,"href":"https:\/\/laboklin.de\/de-at\/wp-json\/wp\/v2\/pages\/1332982\/revisions"}],"predecessor-version":[{"id":1474691,"href":"https:\/\/laboklin.de\/de-at\/wp-json\/wp\/v2\/pages\/1332982\/revisions\/1474691"}],"up":[{"embeddable":true,"href":"https:\/\/laboklin.de\/de-at\/wp-json\/wp\/v2\/pages\/1332773"}],"wp:attachment":[{"href":"https:\/\/laboklin.de\/de-at\/wp-json\/wp\/v2\/media?parent=1332982"}],"curies":[{"name":"wp","href":"https:\/\/api.w.org\/{rel}","templated":true}]}}