{"id":1332970,"date":"2020-10-16T11:36:27","date_gmt":"2020-10-16T09:36:27","guid":{"rendered":"https:\/\/laboklin.de\/leistungen\/infektionskrankheiten-erreger-und-antikoerpernachweise\/viren\/myxomavirus\/"},"modified":"2024-11-13T13:51:58","modified_gmt":"2024-11-13T12:51:58","slug":"myxomavirus","status":"publish","type":"page","link":"https:\/\/laboklin.de\/de-at\/leistungen\/infektionskrankheiten-erreger-und-antikoerpernachweise\/viren\/myxomavirus\/","title":{"rendered":"Myxomavirus"},"content":{"rendered":"<div class=\"wpb-content-wrapper\"><p>[vc_row][vc_column][vc_column_text]<h3>Leistungsspektrum<\/h3><div class=\"vc_tta-panels-container\"><div class=\"vc_tta-panels\"><li class=\"menu-item sub-page\"><a href=\"https:\/\/laboklin.de\/de-at\/leistungen\/infektionskrankheiten-erreger-und-antikoerpernachweise\/viren\/myxomavirus\/myxomavirus-antikoerper\/\">Myxomavirus - Antik\u00f6rper*<\/a><\/li><li class=\"menu-item sub-page\"><a href=\"https:\/\/laboklin.de\/de-at\/leistungen\/infektionskrankheiten-erreger-und-antikoerpernachweise\/viren\/myxomavirus\/myxomavirus-pcr\/\">Myxomavirus - PCR<\/a><\/li><\/div><\/div>[\/vc_column_text][\/vc_column][\/vc_row][vc_row][vc_column][vc_column_text css=&#8220;.vc_custom_1612017276056{margin-top: 20px !important;}&#8220;]* Partnerlabor<\/p>\n<p>&nbsp;<\/p>\n<h3>Allgemeine Informationen<\/h3>\n<p>Der Erreger der\u00a0<b><strong>Myxomatose<\/strong><\/b>\u00a0beim Kaninchen ist das Myxomavirus. Es ist ein gro\u00dfes, beh\u00fclltes DNA-Virus und geh\u00f6rt zu den Leporipoxviren (Familie: Poxviridae). Trotz H\u00fclle sind Pockenviren relativ stabil in der Au\u00dfenwelt. Mit \u00fcblichen Desinfektionsmitteln ist eine Inaktivierung allerdings leicht m\u00f6glich.<\/p>\n<p>Das Virus ist sehr wirtsspezifisch: Am empf\u00e4nglichsten sind das europ\u00e4ische Kaninchen und davon abstammende Hauskaninchenrassen. Aber auch amerikanische Kaninchenarten und europ\u00e4ische Hasenarten k\u00f6nnen infiziert werden. Eine \u00dcbertragung des Virus erfolgt haupts\u00e4chlich \u00fcber Insekten (Stechm\u00fccken, Fl\u00f6he &#8211; mechanische \u00dcbertragung), daher treten Erkrankungen v.a. zwischen Ende Juli und Oktober auf. Eine \u00dcbertragung durch direkten Kontakt spielt meist nur bei hoher Populationsdichte eine Rolle.<\/p>\n<p>Nach einer prim\u00e4ren Virusvermehrung in den Kopfschleimh\u00e4uten werden die region\u00e4ren Lymphknoten infiziert. Anschlie\u00dfend kommt es zu einer zellassoziierten Vir\u00e4mie (Lymphozyten) und einer Verbreitung des Virus in nahezu alle Organe.<\/p>\n<p>Nach einer Inkubationszeit von 4 bis 10 Tagen ruft eine Infektion mit dem Myxomavirus eine akut verlaufende Allgemeinerkrankung mit schwerer Konjunktivitis und Unterhaut\u00f6demen (v.a. im Gesichts- und Anogenitalbereich) hervor. Auch knotige Wucherungen in der Haut und Unterhaut k\u00f6nnen auftreten. Atem- und Schluckbeschwerden f\u00fchren zu Inappetenz und Anorexie. Die Mortalit\u00e4tsrate liegt zwischen 25 und 90 %. Heilungsaussichten sind in der Regel sehr gering. Schwerwiegend erkrankte Tiere sollten euthanasiert werden.<\/p>\n<p>Aufgrund der hohen Mortalit\u00e4t der hervorgerufenen Erkrankung wurde das Virus um 1950 in Europa, Chile und Australien in Kaninchenpopulationen eingebracht, um die Populationsdichte zu kontrollieren. Seither ist es in diesen L\u00e4ndern endemisch. Die Ko-Evolution von Virus und Kaninchen hat allerdings zu abgeschw\u00e4chten Virusst\u00e4mmen und virusresistenten Kaninchen gef\u00fchrt. Die Schwere der klinischen Symptome h\u00e4ngt daher stark von der Virulenz des vorliegenden Virusstammes und der Empf\u00e4nglichkeit des Wirtes ab.<\/p>\n<p>Zur Prophylaxe stehen Impfstoffe zur Verf\u00fcgung.[\/vc_column_text][\/vc_column][\/vc_row]<\/p>\n<\/div>","protected":false},"excerpt":{"rendered":"<p>[vc_row][vc_column][vc_column_text][\/vc_column_text][\/vc_column][\/vc_row][vc_row][vc_column][vc_column_text css=&#8220;.vc_custom_1612017276056{margin-top: 20px !important;}&#8220;]* Partnerlabor &nbsp; Allgemeine Informationen Der Erreger der\u00a0Myxomatose\u00a0beim Kaninchen ist das Myxomavirus. Es ist ein gro\u00dfes, beh\u00fclltes DNA-Virus und geh\u00f6rt zu den Leporipoxviren (Familie: Poxviridae). Trotz H\u00fclle sind Pockenviren relativ stabil in der Au\u00dfenwelt. Mit \u00fcblichen Desinfektionsmitteln ist eine Inaktivierung allerdings leicht m\u00f6glich. Das Virus ist sehr wirtsspezifisch: Am empf\u00e4nglichsten sind das&hellip;<\/p>\n","protected":false},"author":1,"featured_media":0,"parent":1332773,"menu_order":310,"comment_status":"closed","ping_status":"closed","template":"","meta":{"_seopress_robots_primary_cat":"","_seopress_titles_title":"","_seopress_titles_desc":"","_seopress_robots_index":"","footnotes":""},"class_list":["post-1332970","page","type-page","status-publish","hentry","description-off"],"_links":{"self":[{"href":"https:\/\/laboklin.de\/de-at\/wp-json\/wp\/v2\/pages\/1332970","targetHints":{"allow":["GET"]}}],"collection":[{"href":"https:\/\/laboklin.de\/de-at\/wp-json\/wp\/v2\/pages"}],"about":[{"href":"https:\/\/laboklin.de\/de-at\/wp-json\/wp\/v2\/types\/page"}],"author":[{"embeddable":true,"href":"https:\/\/laboklin.de\/de-at\/wp-json\/wp\/v2\/users\/1"}],"replies":[{"embeddable":true,"href":"https:\/\/laboklin.de\/de-at\/wp-json\/wp\/v2\/comments?post=1332970"}],"version-history":[{"count":1,"href":"https:\/\/laboklin.de\/de-at\/wp-json\/wp\/v2\/pages\/1332970\/revisions"}],"predecessor-version":[{"id":1493886,"href":"https:\/\/laboklin.de\/de-at\/wp-json\/wp\/v2\/pages\/1332970\/revisions\/1493886"}],"up":[{"embeddable":true,"href":"https:\/\/laboklin.de\/de-at\/wp-json\/wp\/v2\/pages\/1332773"}],"wp:attachment":[{"href":"https:\/\/laboklin.de\/de-at\/wp-json\/wp\/v2\/media?parent=1332970"}],"curies":[{"name":"wp","href":"https:\/\/api.w.org\/{rel}","templated":true}]}}