{"id":1332949,"date":"2020-10-16T11:36:27","date_gmt":"2020-10-16T09:36:27","guid":{"rendered":"https:\/\/laboklin.de\/leistungen\/infektionskrankheiten-erreger-und-antikoerpernachweise\/viren\/fluegel-deformations-virus-dwv\/"},"modified":"2024-11-13T13:55:37","modified_gmt":"2024-11-13T12:55:37","slug":"fluegel-deformations-virus-dwv","status":"publish","type":"page","link":"https:\/\/laboklin.de\/de-at\/leistungen\/infektionskrankheiten-erreger-und-antikoerpernachweise\/viren\/fluegel-deformations-virus-dwv\/","title":{"rendered":"Fl\u00fcgel-Deformations-Virus (DWV)"},"content":{"rendered":"<div class=\"wpb-content-wrapper\"><p>[vc_row][vc_column][vc_column_text]<h3>Leistungsspektrum<\/h3><div class=\"vc_tta-panels-container\"><div class=\"vc_tta-panels\"><li class=\"menu-item sub-page\"><a href=\"https:\/\/laboklin.de\/de-at\/leistungen\/infektionskrankheiten-erreger-und-antikoerpernachweise\/viren\/fluegel-deformations-virus-dwv\/fluegel-deformations-virus-dwv-pcr\/\">Fl\u00fcgel-Deformations-Virus (DWV) - PCR<\/a><\/li><\/div><\/div>[\/vc_column_text][\/vc_column][\/vc_row][vc_row][vc_column][vc_column_text css=&#8220;.vc_custom_1604311331338{margin-top: 20px !important;}&#8220;]<\/p>\n<h3>Allgemeine Informationen<\/h3>\n<p class=\"bodytext\">Das\u00a0 Fl\u00fcgel-Deformations-Virus oder\u00a0<b>Deformed Wing Virus (DWV)<\/b>\u00a0ist\u00a0ein RNA-Virus aus der Gattung der Iflaviren, welches Fl\u00fcgeldeformationen bei erwachsenen Honigbienen hervorruft. Alle Entwicklungsstadien k\u00f6nnen befallen sein. Infiziert sich bereits die Larve, so kommt es w\u00e4hrend der Metamorphose zu verkr\u00fcppelten Fl\u00fcgeln, aufgebl\u00e4htem Hinterleib und Verf\u00e4rbungen, so dass das Tier direkt nach dem Schlupf verendet. Das Virus verursacht eine latente Infektion, die persistiert. Somit k\u00f6nnen auch Bienen ohne Symptome Tr\u00e4ger sein. Die Milbe Varroa destructor ist unter anderem ein \u00dcbertr\u00e4ger dieses Virus und ihr Wechsel auf andere V\u00f6lker stellt ein gro\u00dfes Problem in der Verbreitung dieser Erkrankung dar. Eine urs\u00e4chliche Therapie gibt es nicht.<\/p>\n<p>[\/vc_column_text][\/vc_column][\/vc_row]<\/p>\n<\/div>","protected":false},"excerpt":{"rendered":"<p>[vc_row][vc_column][vc_column_text][\/vc_column_text][\/vc_column][\/vc_row][vc_row][vc_column][vc_column_text css=&#8220;.vc_custom_1604311331338{margin-top: 20px !important;}&#8220;] Allgemeine Informationen Das\u00a0 Fl\u00fcgel-Deformations-Virus oder\u00a0Deformed Wing Virus (DWV)\u00a0ist\u00a0ein RNA-Virus aus der Gattung der Iflaviren, welches Fl\u00fcgeldeformationen bei erwachsenen Honigbienen hervorruft. Alle Entwicklungsstadien k\u00f6nnen befallen sein. Infiziert sich bereits die Larve, so kommt es w\u00e4hrend der Metamorphose zu verkr\u00fcppelten Fl\u00fcgeln, aufgebl\u00e4htem Hinterleib und Verf\u00e4rbungen, so dass das Tier direkt nach dem Schlupf&hellip;<\/p>\n","protected":false},"author":1,"featured_media":0,"parent":1332773,"menu_order":230,"comment_status":"closed","ping_status":"closed","template":"","meta":{"_seopress_robots_primary_cat":"","_seopress_titles_title":"","_seopress_titles_desc":"","_seopress_robots_index":"","footnotes":""},"class_list":["post-1332949","page","type-page","status-publish","hentry","description-off"],"_links":{"self":[{"href":"https:\/\/laboklin.de\/de-at\/wp-json\/wp\/v2\/pages\/1332949","targetHints":{"allow":["GET"]}}],"collection":[{"href":"https:\/\/laboklin.de\/de-at\/wp-json\/wp\/v2\/pages"}],"about":[{"href":"https:\/\/laboklin.de\/de-at\/wp-json\/wp\/v2\/types\/page"}],"author":[{"embeddable":true,"href":"https:\/\/laboklin.de\/de-at\/wp-json\/wp\/v2\/users\/1"}],"replies":[{"embeddable":true,"href":"https:\/\/laboklin.de\/de-at\/wp-json\/wp\/v2\/comments?post=1332949"}],"version-history":[{"count":1,"href":"https:\/\/laboklin.de\/de-at\/wp-json\/wp\/v2\/pages\/1332949\/revisions"}],"predecessor-version":[{"id":1493879,"href":"https:\/\/laboklin.de\/de-at\/wp-json\/wp\/v2\/pages\/1332949\/revisions\/1493879"}],"up":[{"embeddable":true,"href":"https:\/\/laboklin.de\/de-at\/wp-json\/wp\/v2\/pages\/1332773"}],"wp:attachment":[{"href":"https:\/\/laboklin.de\/de-at\/wp-json\/wp\/v2\/media?parent=1332949"}],"curies":[{"name":"wp","href":"https:\/\/api.w.org\/{rel}","templated":true}]}}