{"id":1332947,"date":"2023-01-05T16:38:38","date_gmt":"2023-01-05T15:38:38","guid":{"rendered":"https:\/\/laboklin.de\/leistungen\/infektionskrankheiten-erreger-und-antikoerpernachweise\/viren\/felines-morbillivirus-femv\/"},"modified":"2024-11-13T13:56:02","modified_gmt":"2024-11-13T12:56:02","slug":"felines-morbillivirus-femv","status":"publish","type":"page","link":"https:\/\/laboklin.de\/de-at\/leistungen\/infektionskrankheiten-erreger-und-antikoerpernachweise\/viren\/felines-morbillivirus-femv\/","title":{"rendered":"Felines Morbillivirus (FeMV)"},"content":{"rendered":"<div class=\"wpb-content-wrapper\"><p>[vc_row][vc_column][vc_column_text]<h3>Leistungsspektrum<\/h3><div class=\"vc_tta-panels-container\"><div class=\"vc_tta-panels\"><li class=\"menu-item sub-page\"><a href=\"https:\/\/laboklin.de\/de-at\/leistungen\/infektionskrankheiten-erreger-und-antikoerpernachweise\/viren\/felines-morbillivirus-femv\/felines-morbillivirus-femv-pcr\/\">Felines Morbillivirus (FeMV) - PCR<\/a><\/li><\/div><\/div>[\/vc_column_text][\/vc_column][\/vc_row][vc_row][vc_column][vc_column_text css=&#8220;.vc_custom_1731324634834{margin-top: 20px !important;}&#8220;]<\/p>\n<h3>Allgemeine Informationen<\/h3>\n<p class=\"bodytext\">Das <strong>feline Morbillivirus (FeMV)<\/strong> geh\u00f6rt zur Familie Paramyxoviridae, Genus Morbillivirus, zu denen auch das canine Staupevirus, das Virus der Rinderpest und Pest der kleinen Wiederk\u00e4uer (Peste des petits ruminants virus), das Masernvirus beim Menschen und das Cetacean-Morbillivirus der Meeress\u00e4uger geh\u00f6ren. Eine Infektion mit FeMV wird assoziiert mit chronischer tubulo-interstitieller Nephritis, die zu chronischer Nierenerkrankung f\u00fchrt, eine der h\u00e4ufigsten Todesursachen bei \u00e4lteren Katzen. Seit der ersten Entdeckung im Jahr 2012 in China konnte FeMV mittlerweile weltweit nachgewiesen werden. Aktuell geht man davon aus, dass 2 verschiedene FeMV-Genotypen (FeMV-1 und FeMV-2) existieren, die vermutlich zu unterschiedlichen klinischen Auspr\u00e4gungen f\u00fchren k\u00f6nnen. Hinsichtlich der Pathogenese ist nicht klar, ob FeMV-Infektionen an sich zur einer chronischen Nierenerkrankung f\u00fchren oder ob das Virus sich bevorzugt auf bereits vorgesch\u00e4digtes Nierengewebe setzt. FeMV scheint sich nicht nur auf Katzen zu beschr\u00e4nken, sondern wurde auch bei Opossums mit Pneumonien und Nephritis und bei Hunden nachgewiesen. Bei Hunden wurde das Virus aber bisher nur in Verbindung mit dem Zwingerhusten-Komplex beschrieben.<\/p>\n<p>[\/vc_column_text][\/vc_column][\/vc_row]<\/p>\n<\/div>","protected":false},"excerpt":{"rendered":"<p>[vc_row][vc_column][vc_column_text][\/vc_column_text][\/vc_column][\/vc_row][vc_row][vc_column][vc_column_text css=&#8220;.vc_custom_1731324634834{margin-top: 20px !important;}&#8220;] Allgemeine Informationen Das feline Morbillivirus (FeMV) geh\u00f6rt zur Familie Paramyxoviridae, Genus Morbillivirus, zu denen auch das canine Staupevirus, das Virus der Rinderpest und Pest der kleinen Wiederk\u00e4uer (Peste des petits ruminants virus), das Masernvirus beim Menschen und das Cetacean-Morbillivirus der Meeress\u00e4uger geh\u00f6ren. Eine Infektion mit FeMV wird assoziiert mit chronischer tubulo-interstitieller&hellip;<\/p>\n","protected":false},"author":10,"featured_media":0,"parent":1332773,"menu_order":220,"comment_status":"closed","ping_status":"closed","template":"","meta":{"_seopress_robots_primary_cat":"","_seopress_titles_title":"","_seopress_titles_desc":"","_seopress_robots_index":"","footnotes":""},"class_list":["post-1332947","page","type-page","status-publish","hentry","description-off"],"_links":{"self":[{"href":"https:\/\/laboklin.de\/de-at\/wp-json\/wp\/v2\/pages\/1332947","targetHints":{"allow":["GET"]}}],"collection":[{"href":"https:\/\/laboklin.de\/de-at\/wp-json\/wp\/v2\/pages"}],"about":[{"href":"https:\/\/laboklin.de\/de-at\/wp-json\/wp\/v2\/types\/page"}],"author":[{"embeddable":true,"href":"https:\/\/laboklin.de\/de-at\/wp-json\/wp\/v2\/users\/10"}],"replies":[{"embeddable":true,"href":"https:\/\/laboklin.de\/de-at\/wp-json\/wp\/v2\/comments?post=1332947"}],"version-history":[{"count":2,"href":"https:\/\/laboklin.de\/de-at\/wp-json\/wp\/v2\/pages\/1332947\/revisions"}],"predecessor-version":[{"id":1493887,"href":"https:\/\/laboklin.de\/de-at\/wp-json\/wp\/v2\/pages\/1332947\/revisions\/1493887"}],"up":[{"embeddable":true,"href":"https:\/\/laboklin.de\/de-at\/wp-json\/wp\/v2\/pages\/1332773"}],"wp:attachment":[{"href":"https:\/\/laboklin.de\/de-at\/wp-json\/wp\/v2\/media?parent=1332947"}],"curies":[{"name":"wp","href":"https:\/\/api.w.org\/{rel}","templated":true}]}}