{"id":1332934,"date":"2020-10-16T11:36:27","date_gmt":"2020-10-16T09:36:27","guid":{"rendered":"https:\/\/laboklin.de\/leistungen\/infektionskrankheiten-erreger-und-antikoerpernachweise\/viren\/equine-infektioese-anaemie-virus-eiav\/"},"modified":"2024-11-13T14:04:07","modified_gmt":"2024-11-13T13:04:07","slug":"equine-infektioese-anaemie-virus-eiav","status":"publish","type":"page","link":"https:\/\/laboklin.de\/de-at\/leistungen\/infektionskrankheiten-erreger-und-antikoerpernachweise\/viren\/equine-infektioese-anaemie-virus-eiav\/","title":{"rendered":"Equine-infekti\u00f6se-An\u00e4mie-Virus (EIAV)"},"content":{"rendered":"<div class=\"wpb-content-wrapper\"><p>[vc_row][vc_column][vc_column_text]<h3>Leistungsspektrum<\/h3><div class=\"vc_tta-panels-container\"><div class=\"vc_tta-panels\"><li class=\"menu-item sub-page\"><a href=\"https:\/\/laboklin.de\/de-at\/leistungen\/infektionskrankheiten-erreger-und-antikoerpernachweise\/viren\/equine-infektioese-anaemie-virus-eiav\/equine-infektioese-anaeemie-virus-eiav-antikoerper-coggins-test\/\">Equine-infekti\u00f6se-An\u00e4emie-Virus (EIAV) - Antik\u00f6rper: Coggins-Test<\/a><\/li><li class=\"menu-item sub-page\"><a href=\"https:\/\/laboklin.de\/de-at\/leistungen\/infektionskrankheiten-erreger-und-antikoerpernachweise\/viren\/equine-infektioese-anaemie-virus-eiav\/equine-infektioese-anaemie-virus-eiav-antikoerper-elisa\/\">Equine-infekti\u00f6se-An\u00e4mie-Virus (EIAV) - Antik\u00f6rper: ELISA<\/a><\/li><\/div><\/div>[\/vc_column_text][\/vc_column][\/vc_row][vc_row][vc_column][vc_column_text css=&#8220;.vc_custom_1604308134239{margin-top: 20px !important;}&#8220;]<\/p>\n<h3>Allgemeine Informationen<\/h3>\n<p>Die equine infekti\u00f6se An\u00e4mie (EIA) ist eine weltweit verbreitete, durch ein Retrovirus verursachte Erkrankung der Equiden, die akut-letal bis chronisch-rezidivierend verlaufen kann. Die Krankheit ist charakterisiert durch rekurrentes Fieber, An\u00e4mie, Thrombozytopenie, distale \u00d6deme und deutlichen Gewichtsverlust. Die \u00dcbertragung erfolgt durch infiziertes Blut, blutsaugende Insekten, iatrogen durch infiziertes Injektionsmaterial, aber auch intrauterin.<\/p>\n<p>Einmal infizierte Pferde bleiben lebenslang infekti\u00f6s und seropositiv. So werden alle \u00fcber 6 Monate alten Pferde, die seropositiv sind, als Carrier angesehen; j\u00fcngere Pferde k\u00f6nnen \u00fcber maternale AK seropositiv sein. Die Inkubationszeit betr\u00e4gt normalerweise 1 &#8211; 3 Wochen, kann aber auch bis zu 3 Monate andauern.<\/p>\n<p>Die EIA ist in Deutschland eine<strong> anzeigepflichtige Tierseuche!<\/strong>[\/vc_column_text][\/vc_column][\/vc_row]<\/p>\n<\/div>","protected":false},"excerpt":{"rendered":"<p>[vc_row][vc_column][vc_column_text][\/vc_column_text][\/vc_column][\/vc_row][vc_row][vc_column][vc_column_text css=&#8220;.vc_custom_1604308134239{margin-top: 20px !important;}&#8220;] Allgemeine Informationen Die equine infekti\u00f6se An\u00e4mie (EIA) ist eine weltweit verbreitete, durch ein Retrovirus verursachte Erkrankung der Equiden, die akut-letal bis chronisch-rezidivierend verlaufen kann. Die Krankheit ist charakterisiert durch rekurrentes Fieber, An\u00e4mie, Thrombozytopenie, distale \u00d6deme und deutlichen Gewichtsverlust. Die \u00dcbertragung erfolgt durch infiziertes Blut, blutsaugende Insekten, iatrogen durch infiziertes Injektionsmaterial, aber&hellip;<\/p>\n","protected":false},"author":1,"featured_media":0,"parent":1332773,"menu_order":150,"comment_status":"closed","ping_status":"closed","template":"","meta":{"_seopress_robots_primary_cat":"","_seopress_titles_title":"","_seopress_titles_desc":"","_seopress_robots_index":"","footnotes":""},"class_list":["post-1332934","page","type-page","status-publish","hentry","description-off"],"_links":{"self":[{"href":"https:\/\/laboklin.de\/de-at\/wp-json\/wp\/v2\/pages\/1332934","targetHints":{"allow":["GET"]}}],"collection":[{"href":"https:\/\/laboklin.de\/de-at\/wp-json\/wp\/v2\/pages"}],"about":[{"href":"https:\/\/laboklin.de\/de-at\/wp-json\/wp\/v2\/types\/page"}],"author":[{"embeddable":true,"href":"https:\/\/laboklin.de\/de-at\/wp-json\/wp\/v2\/users\/1"}],"replies":[{"embeddable":true,"href":"https:\/\/laboklin.de\/de-at\/wp-json\/wp\/v2\/comments?post=1332934"}],"version-history":[{"count":1,"href":"https:\/\/laboklin.de\/de-at\/wp-json\/wp\/v2\/pages\/1332934\/revisions"}],"predecessor-version":[{"id":1494193,"href":"https:\/\/laboklin.de\/de-at\/wp-json\/wp\/v2\/pages\/1332934\/revisions\/1494193"}],"up":[{"embeddable":true,"href":"https:\/\/laboklin.de\/de-at\/wp-json\/wp\/v2\/pages\/1332773"}],"wp:attachment":[{"href":"https:\/\/laboklin.de\/de-at\/wp-json\/wp\/v2\/media?parent=1332934"}],"curies":[{"name":"wp","href":"https:\/\/api.w.org\/{rel}","templated":true}]}}