{"id":1332927,"date":"2020-10-16T11:36:27","date_gmt":"2020-10-16T09:36:27","guid":{"rendered":"https:\/\/laboklin.de\/leistungen\/infektionskrankheiten-erreger-und-antikoerpernachweise\/viren\/circoviren\/"},"modified":"2024-12-13T11:11:35","modified_gmt":"2024-12-13T10:11:35","slug":"circoviren","status":"publish","type":"page","link":"https:\/\/laboklin.de\/de-at\/leistungen\/infektionskrankheiten-erreger-und-antikoerpernachweise\/viren\/circoviren\/","title":{"rendered":"Circoviren"},"content":{"rendered":"<div class=\"wpb-content-wrapper\"><p>[vc_row][vc_column][vc_column_text]<h3>Leistungsspektrum<\/h3><div class=\"vc_tta-panels-container\"><div class=\"vc_tta-panels\"><li class=\"menu-item sub-page\"><a href=\"https:\/\/laboklin.de\/de-at\/leistungen\/infektionskrankheiten-erreger-und-antikoerpernachweise\/viren\/circoviren\/circovirus-hund-pcr\/\">Circovirus (Hund) - PCR<\/a><\/li><li class=\"menu-item sub-page\"><a href=\"https:\/\/laboklin.de\/de-at\/leistungen\/infektionskrankheiten-erreger-und-antikoerpernachweise\/viren\/circoviren\/circovirus-pbfd-pcr\/\">Circovirus (PBFD) - PCR<\/a><\/li><li class=\"menu-item sub-page\"><a href=\"https:\/\/laboklin.de\/de-at\/leistungen\/infektionskrankheiten-erreger-und-antikoerpernachweise\/viren\/circoviren\/circovirus-taube-pcr\/\">Circovirus (Taube) - PCR<\/a><\/li><li class=\"menu-item sub-page\"><a href=\"https:\/\/laboklin.de\/de-at\/leistungen\/infektionskrankheiten-erreger-und-antikoerpernachweise\/viren\/circoviren\/porcines-circovirus-2-pcv-2-pcr\/\">Porcines Circovirus 2 (PCV-2) - PCR<\/a><\/li><\/div><\/div>[\/vc_column_text][\/vc_column][\/vc_row][vc_row type=&#8220;vc_default&#8220; css=&#8220;.vc_custom_1612015889030{margin-top: 30px !important;}&#8220;][vc_column][vc_column_text css=&#8220;.vc_custom_1604306144124{margin-top: 20px !important;margin-bottom: 30px !important;}&#8220;]<\/p>\n<h3>Allgemeine Informationen<\/h3>\n<p>[\/vc_column_text][\/vc_column][\/vc_row][vc_row][vc_column][vc_accordion active_tab=&#8220;false&#8220; title_size=&#8220;normal&#8220; style=&#8220;2&#8243;][vc_accordion_tab title=&#8220;Circoviren Hund&#8220;][vc_column_text css=&#8220;.vc_custom_1734084692023{margin-left: 20px !important;}&#8220;]Das canine Circovirus (CanineCV)\u00a0 wurde erstmals 2012\/2013 in den USA in Blutproben von Hunden nachgewiesen und bei einem Hund mit nekrotisierender Vaskulitis und granulomat\u00f6ser Lymphadenitis beschrieben. In einer anschlie\u00dfenden Studie war es v.a. in Kotproben von Hunden mit Durchfall zu finden. 2014 wurde es in Italien, 2015 auch in Deutschland nachgewiesen. Circoviren sind auch bei gesunden Hunden zu finden. Weitere Studien sind notwendig, um Fragen zur Pathogenese und Epidemiologie zu kl\u00e4ren.<\/p>\n<p>Differentialdiagnostisch sollte das canine Circovirus bei Durchfall\/Erbrechen, Mattigkeit, Lebererkrankungen, H\u00e4morrhagie und Vaskulitis in Betracht gezogen werden. H\u00e4ufig werden Co-Infektionen mit anderen, v.a. enteropathogenen Erregern beobachtet. Ebenso kann eine Infektion mit dem caninen Circovirus andere infekti\u00f6se Erkrankungen verkomplizieren.[\/vc_column_text][\/vc_accordion_tab][vc_accordion_tab title=&#8220;Circoviren Psittaciden (PBFD)&#8220;][vc_column_text css=&#8220;.vc_custom_1661329318055{margin-left: 20px !important;}&#8220;]<b><strong>Psittacine Beak and Feather Disease (PBFD)<\/strong><\/b><\/p>\n<p>Kennzeichnend f\u00fcr PBFD ist ein gest\u00f6rtes Wachstum des Schnabelhorns (beak), der Federn (feather) und Krallen. Die Erkrankung ist weltweit verbreitet; betroffen sind \u00fcber 40 Spezies bei Ara, Agaporniden, Graupapageien, Amazonen und Sittichen.<\/p>\n<p>Nestlinge versterben meist perakut, w\u00e4hrend es bei Jungv\u00f6geln zu einem akuten Verlauf kommt. Klinisch zeigen die Tiere Lethargie, Fressunlust sowie Erbrechen und\/oder Durchfall, Todesf\u00e4lle innerhalb von 1 &#8211; 2 Wochen sind m\u00f6glich. Pathognomonisch \u2013 meist aber nur bei chronischen Verl\u00e4ufen sichtbar \u2013 sind die Ver\u00e4nderungen der sich heranbildenden Federn. Diese fallen symmetrisch aus oder aber sie bleiben im Schaft stecken und brechen dann ab. Die Schnabel- und seltener Krallenl\u00e4sionen treten erst sp\u00e4t auf.<\/p>\n<p>Die \u00dcbertragung des Virus erfolgt haupts\u00e4chlich horizontal. Mit dem Kot, den Scheiden wachsender Federn und dem Kropfinhalt f\u00fctternder Elterntiere wird das Virus ausgeschieden. Nestlinge k\u00f6nnen deshalb sehr fr\u00fchzeitig infiziert werden. Auch eine vertikale \u00dcbertragung ist m\u00f6glich, spielt aber eine untergeordnete Rolle. Dabei infizieren sich schl\u00fcpfende Jungtiere durch mit Circoviren behaftete Eischalen.[\/vc_column_text][\/vc_accordion_tab][vc_accordion_tab title=&#8220;Circoviren Taube (PiCV)&#8220;][vc_column_text css=&#8220;.vc_custom_1642766540072{margin-left: 20px !important;}&#8220;]<b><strong>Pigeon Circovirus (PiCV)<\/strong><\/b><\/p>\n<p>Circovirus-Infektionen treten vor allem bei Tauben im Alter von 6 Wochen bis 12 Monaten auf (<b><strong>Jungtaubenkrankheit,\u00a0<\/strong><\/b><b><strong>Young Pigeon Disease Syndrome<\/strong><\/b>). Das klinische Bild ist unspezifisch, zu den Symptomen z\u00e4hlen Lethargie, Anorexie, Durchfall, K\u00fcmmern und PBFD-\u00e4hnliche Federver\u00e4nderungen. Die Krankheit geht mit einer Immunsuppression einher, und es kommt zu Organver\u00e4nderungen insbesondere im zentralen Abwehrsystem und an der Milz. Neben der klinisch manifesten Form, bei vor allem jungen Tauben, gibt es auch einen sehr hohen Anteil an subklinisch bzw. persistent infizierten Tieren.[\/vc_column_text][\/vc_accordion_tab][vc_accordion_tab title=&#8220;Circoviren Schwein (PCV-2)&#8220;][vc_column_text css=&#8220;.vc_custom_1661329435294{margin-left: 20px !important;}&#8220;]<b><strong>Porcines Circovirus 2 (PCV-2)<\/strong><\/b><\/p>\n<p>Das porcine Circovirus Typ 2 (PCV-2) wird mit dem sogenannten <b><strong>\u201ePost Weaning Multi\u00adsystemic Wasting Syndrom\u201c<\/strong><\/b>\u00a0<b><strong>(<\/strong><\/b><b><strong>PMWS)\u00a0<\/strong><\/b>in Verbindung gebracht. PMWS wird in der Regel bei Absatz-, seltener bei Saugferkeln beobachtet. Betroffene Tiere zeigen einen progredienten Gewichtsverlust und respiratorische Erscheinungen mit Husten, die oft durch bakterielle Sekund\u00e4rinfektionen kompliziert werden. Der Nachweis von PCV-2 im Gewebe erkrankter Ferkel kann durch eine PCR erfolgen. Im Zusammenhang mit PMWS werden auch Koinfektionen von PCV-2 mit porcinem Parvovirus oder PRRSV diskutiert.[\/vc_column_text][\/vc_accordion_tab][\/vc_accordion][\/vc_column][\/vc_row]<\/p>\n<\/div>","protected":false},"excerpt":{"rendered":"<p>[vc_row][vc_column][vc_column_text][\/vc_column_text][\/vc_column][\/vc_row][vc_row type=&#8220;vc_default&#8220; css=&#8220;.vc_custom_1612015889030{margin-top: 30px !important;}&#8220;][vc_column][vc_column_text css=&#8220;.vc_custom_1604306144124{margin-top: 20px !important;margin-bottom: 30px !important;}&#8220;] Allgemeine Informationen [\/vc_column_text][\/vc_column][\/vc_row][vc_row][vc_column][vc_accordion active_tab=&#8220;false&#8220; title_size=&#8220;normal&#8220; style=&#8220;2&#8243;][vc_accordion_tab title=&#8220;Circoviren Hund&#8220;][vc_column_text css=&#8220;.vc_custom_1734084692023{margin-left: 20px !important;}&#8220;]Das canine Circovirus (CanineCV)\u00a0 wurde erstmals 2012\/2013 in den USA in Blutproben von Hunden nachgewiesen und bei einem Hund mit nekrotisierender Vaskulitis und granulomat\u00f6ser Lymphadenitis beschrieben. In einer anschlie\u00dfenden Studie war es v.a. in Kotproben&hellip;<\/p>\n","protected":false},"author":1,"featured_media":0,"parent":1332773,"menu_order":130,"comment_status":"closed","ping_status":"closed","template":"","meta":{"_seopress_robots_primary_cat":"","_seopress_titles_title":"","_seopress_titles_desc":"","_seopress_robots_index":"","footnotes":""},"class_list":["post-1332927","page","type-page","status-publish","hentry","description-off"],"_links":{"self":[{"href":"https:\/\/laboklin.de\/de-at\/wp-json\/wp\/v2\/pages\/1332927","targetHints":{"allow":["GET"]}}],"collection":[{"href":"https:\/\/laboklin.de\/de-at\/wp-json\/wp\/v2\/pages"}],"about":[{"href":"https:\/\/laboklin.de\/de-at\/wp-json\/wp\/v2\/types\/page"}],"author":[{"embeddable":true,"href":"https:\/\/laboklin.de\/de-at\/wp-json\/wp\/v2\/users\/1"}],"replies":[{"embeddable":true,"href":"https:\/\/laboklin.de\/de-at\/wp-json\/wp\/v2\/comments?post=1332927"}],"version-history":[{"count":2,"href":"https:\/\/laboklin.de\/de-at\/wp-json\/wp\/v2\/pages\/1332927\/revisions"}],"predecessor-version":[{"id":1498284,"href":"https:\/\/laboklin.de\/de-at\/wp-json\/wp\/v2\/pages\/1332927\/revisions\/1498284"}],"up":[{"embeddable":true,"href":"https:\/\/laboklin.de\/de-at\/wp-json\/wp\/v2\/pages\/1332773"}],"wp:attachment":[{"href":"https:\/\/laboklin.de\/de-at\/wp-json\/wp\/v2\/media?parent=1332927"}],"curies":[{"name":"wp","href":"https:\/\/api.w.org\/{rel}","templated":true}]}}