{"id":1332925,"date":"2020-10-16T11:36:27","date_gmt":"2020-10-16T09:36:27","guid":{"rendered":"https:\/\/laboklin.de\/leistungen\/infektionskrankheiten-erreger-und-antikoerpernachweise\/viren\/chronische-bienenparalyse-virus-cbpv\/"},"modified":"2024-11-13T14:05:26","modified_gmt":"2024-11-13T13:05:26","slug":"chronische-bienenparalyse-virus-cbpv","status":"publish","type":"page","link":"https:\/\/laboklin.de\/de-at\/leistungen\/infektionskrankheiten-erreger-und-antikoerpernachweise\/viren\/chronische-bienenparalyse-virus-cbpv\/","title":{"rendered":"Chronische-Bienenparalyse-Virus (CBPV)"},"content":{"rendered":"<div class=\"wpb-content-wrapper\"><p>[vc_row][vc_column][vc_column_text]<h3>Leistungsspektrum<\/h3><div class=\"vc_tta-panels-container\"><div class=\"vc_tta-panels\"><li class=\"menu-item sub-page\"><a href=\"https:\/\/laboklin.de\/de-at\/leistungen\/infektionskrankheiten-erreger-und-antikoerpernachweise\/viren\/chronische-bienenparalyse-virus-cbpv\/chronische-bienenparalyse-virus-pcr\/\">Chronische-Bienenparalyse-Virus (CBPV) - PCR<\/a><\/li><\/div><\/div>[\/vc_column_text][\/vc_column][\/vc_row][vc_row][vc_column][vc_column_text css=&#8220;.vc_custom_1661328718800{margin-top: 20px !important;}&#8220;]<\/p>\n<h3>Allgemeine Informationen<\/h3>\n<p class=\"bodytext\">Das Chronische-Bienenparalyse-Virus (CBPV) ist ein RNA-Virus, das bis heute noch keiner Familie zugeordnet werden konnte. Dieses Virus bef\u00e4llt adulte Bienen. Erkrankte Tiere k\u00f6nnen nicht fliegen, sie krabbeln am Boden, haben h\u00e4ufig einen aufgebl\u00e4hten Hinterleib und Durchfall, 5-10 Tage nach Beginn der Erkrankung versterben die betroffenen Bienen. Auch Haarverlust (Schwarzsucht genannt) und asymptomatische Verl\u00e4ufe sind m\u00f6glich. Die \u00dcbertragung erfolgt durch Bienenkot. Ob hier die Varroa-Milbe eine Rolle bei der Verbreitung bzw. beim Verschlechtern des Verlaufs spielt, ist umstritten. H\u00e4ufig kommt es zur Selbstheilung der V\u00f6lker. Bei besonders schweren Verl\u00e4ufen kann ein Kunstschwarm mit im Brutschrank geschl\u00fcpfter Brut gebildet werden.<\/p>\n<p>[\/vc_column_text][\/vc_column][\/vc_row]<\/p>\n<\/div>","protected":false},"excerpt":{"rendered":"<p>[vc_row][vc_column][vc_column_text][\/vc_column_text][\/vc_column][\/vc_row][vc_row][vc_column][vc_column_text css=&#8220;.vc_custom_1661328718800{margin-top: 20px !important;}&#8220;] Allgemeine Informationen Das Chronische-Bienenparalyse-Virus (CBPV) ist ein RNA-Virus, das bis heute noch keiner Familie zugeordnet werden konnte. Dieses Virus bef\u00e4llt adulte Bienen. Erkrankte Tiere k\u00f6nnen nicht fliegen, sie krabbeln am Boden, haben h\u00e4ufig einen aufgebl\u00e4hten Hinterleib und Durchfall, 5-10 Tage nach Beginn der Erkrankung versterben die betroffenen Bienen. Auch Haarverlust (Schwarzsucht&hellip;<\/p>\n","protected":false},"author":1,"featured_media":0,"parent":1332773,"menu_order":120,"comment_status":"closed","ping_status":"closed","template":"","meta":{"_seopress_robots_primary_cat":"","_seopress_titles_title":"","_seopress_titles_desc":"","_seopress_robots_index":"","footnotes":""},"class_list":["post-1332925","page","type-page","status-publish","hentry","description-off"],"_links":{"self":[{"href":"https:\/\/laboklin.de\/de-at\/wp-json\/wp\/v2\/pages\/1332925","targetHints":{"allow":["GET"]}}],"collection":[{"href":"https:\/\/laboklin.de\/de-at\/wp-json\/wp\/v2\/pages"}],"about":[{"href":"https:\/\/laboklin.de\/de-at\/wp-json\/wp\/v2\/types\/page"}],"author":[{"embeddable":true,"href":"https:\/\/laboklin.de\/de-at\/wp-json\/wp\/v2\/users\/1"}],"replies":[{"embeddable":true,"href":"https:\/\/laboklin.de\/de-at\/wp-json\/wp\/v2\/comments?post=1332925"}],"version-history":[{"count":1,"href":"https:\/\/laboklin.de\/de-at\/wp-json\/wp\/v2\/pages\/1332925\/revisions"}],"predecessor-version":[{"id":1494194,"href":"https:\/\/laboklin.de\/de-at\/wp-json\/wp\/v2\/pages\/1332925\/revisions\/1494194"}],"up":[{"embeddable":true,"href":"https:\/\/laboklin.de\/de-at\/wp-json\/wp\/v2\/pages\/1332773"}],"wp:attachment":[{"href":"https:\/\/laboklin.de\/de-at\/wp-json\/wp\/v2\/media?parent=1332925"}],"curies":[{"name":"wp","href":"https:\/\/api.w.org\/{rel}","templated":true}]}}