{"id":1332913,"date":"2020-10-16T11:36:27","date_gmt":"2020-10-16T09:36:27","guid":{"rendered":"https:\/\/laboklin.de\/leistungen\/infektionskrankheiten-erreger-und-antikoerpernachweise\/viren\/bovines-respiratorisches-synzytialvirus-brsv\/"},"modified":"2024-11-13T14:07:25","modified_gmt":"2024-11-13T13:07:25","slug":"bovines-respiratorisches-synzytialvirus-brsv","status":"publish","type":"page","link":"https:\/\/laboklin.de\/de-at\/leistungen\/infektionskrankheiten-erreger-und-antikoerpernachweise\/viren\/bovines-respiratorisches-synzytialvirus-brsv\/","title":{"rendered":"Bovines respiratorisches Synzytialvirus (BRSV)"},"content":{"rendered":"<div class=\"wpb-content-wrapper\"><p>[vc_row][vc_column][vc_column_text]<h3>Leistungsspektrum<\/h3><div class=\"vc_tta-panels-container\"><div class=\"vc_tta-panels\"><li class=\"menu-item sub-page\"><a href=\"https:\/\/laboklin.de\/de-at\/leistungen\/infektionskrankheiten-erreger-und-antikoerpernachweise\/viren\/bovines-respiratorisches-synzytialvirus-brsv\/bovines-respiratorisches-synzytialvirus-pcr\/\">Bovines respiratorisches Synzytialvirus - PCR<\/a><\/li><\/div><\/div>[\/vc_column_text][\/vc_column][\/vc_row][vc_row type=&#8220;vc_default&#8220; css=&#8220;.vc_custom_1603191417085{margin-top: 20px !important;}&#8220;][vc_column][vc_column_text css=&#8220;&#8220;]Der Nachweis des bovinen respiratorischen Synzytialvirus mittels PCR ist auch Bestandteil der\u00a0<a href=\"https:\/\/laboklin.de\/de-at\/leistungen\/profile\/profile-screenings-wiederkaeuer\/pcr-profile\/respirationsprofil-rind-1-kultur-pcr\/\">Leistung 8427 Respirationsprofil Rind (PCR-Profil)<\/a>.<\/p>\n<p>Antik\u00f6rper gegen das bovine respiratorische Synzytialvirus k\u00f6nnen mittels des\u00a0<a href=\"https:\/\/laboklin.de\/de-at\/leistungen\/profile\/profile-screenings-wiederkaeuer\/serologische-profile\/respirationsprofil-rind-antikoerper\/\">serologischen Respirationsprofils Rind (Leistung 1240)<\/a>\u00a0nachgewiesen werden.<\/p>\n<h3><div class=\"gap\" style=\"line-height: 20px; height: 20px;\"><\/div>Allgemeine Informationen<\/h3>\n<p>Das bovine respiratorische Synzytialvirus (BRSV) ist ein beh\u00fclltes RNA-Virus aus der Familie der Paramyxoviridae und verursacht bei Rindern Erkrankungen des Respirationstrakts. Es erkranken \u00fcberwiegend K\u00e4lber. Die Infektion tritt haupts\u00e4chlich in den Wintermonaten auf und ist charakterisiert durch pl\u00f6tzliches Fieber, geringgradige Hyperpnoe, Apathie, Rhinitis und Husten. Es entwickeln sich leichte Bronchiolitiden, multifokale Herde und eine interstitielle Pneumonie mit Synzytienbildung. Die Dauer der Erkrankung betr\u00e4gt 3 &#8211; 10 Tage. Bei schweren Verlaufsformen sind Todesf\u00e4lle m\u00f6glich, ansonsten ist die Letalit\u00e4t gering. Persistierende Infektionen sind beschrieben; diese k\u00f6nnen Ursache f\u00fcr die Aufrechterhaltung der Infektion innerhalb einer Herde sein.<\/p>\n<p>Das BRSV ist beim Rind an der enzootischen Bronchopneumonie beteiligt, es pr\u00e4disponiert K\u00e4lber und L\u00e4mmer f\u00fcr die Haftung von Mannheimia haemolytica.<\/p>\n<p>Verschiedene Impfstoffe stehen zu Verf\u00fcgung, allerdings k\u00f6nnen nach einigen Monaten Reinfektionen auftreten.[\/vc_column_text][\/vc_column][\/vc_row]<\/p>\n<\/div>","protected":false},"excerpt":{"rendered":"<p>[vc_row][vc_column][vc_column_text][\/vc_column_text][\/vc_column][\/vc_row][vc_row type=&#8220;vc_default&#8220; css=&#8220;.vc_custom_1603191417085{margin-top: 20px !important;}&#8220;][vc_column][vc_column_text css=&#8220;&#8220;]Der Nachweis des bovinen respiratorischen Synzytialvirus mittels PCR ist auch Bestandteil der\u00a0Leistung 8427 Respirationsprofil Rind (PCR-Profil). Antik\u00f6rper gegen das bovine respiratorische Synzytialvirus k\u00f6nnen mittels des\u00a0serologischen Respirationsprofils Rind (Leistung 1240)\u00a0nachgewiesen werden. Allgemeine Informationen Das bovine respiratorische Synzytialvirus (BRSV) ist ein beh\u00fclltes RNA-Virus aus der Familie der Paramyxoviridae und verursacht bei Rindern&hellip;<\/p>\n","protected":false},"author":1,"featured_media":0,"parent":1332773,"menu_order":70,"comment_status":"closed","ping_status":"closed","template":"","meta":{"_seopress_robots_primary_cat":"","_seopress_titles_title":"","_seopress_titles_desc":"","_seopress_robots_index":"","footnotes":""},"class_list":["post-1332913","page","type-page","status-publish","hentry","description-off"],"_links":{"self":[{"href":"https:\/\/laboklin.de\/de-at\/wp-json\/wp\/v2\/pages\/1332913","targetHints":{"allow":["GET"]}}],"collection":[{"href":"https:\/\/laboklin.de\/de-at\/wp-json\/wp\/v2\/pages"}],"about":[{"href":"https:\/\/laboklin.de\/de-at\/wp-json\/wp\/v2\/types\/page"}],"author":[{"embeddable":true,"href":"https:\/\/laboklin.de\/de-at\/wp-json\/wp\/v2\/users\/1"}],"replies":[{"embeddable":true,"href":"https:\/\/laboklin.de\/de-at\/wp-json\/wp\/v2\/comments?post=1332913"}],"version-history":[{"count":2,"href":"https:\/\/laboklin.de\/de-at\/wp-json\/wp\/v2\/pages\/1332913\/revisions"}],"predecessor-version":[{"id":1474435,"href":"https:\/\/laboklin.de\/de-at\/wp-json\/wp\/v2\/pages\/1332913\/revisions\/1474435"}],"up":[{"embeddable":true,"href":"https:\/\/laboklin.de\/de-at\/wp-json\/wp\/v2\/pages\/1332773"}],"wp:attachment":[{"href":"https:\/\/laboklin.de\/de-at\/wp-json\/wp\/v2\/media?parent=1332913"}],"curies":[{"name":"wp","href":"https:\/\/api.w.org\/{rel}","templated":true}]}}