{"id":1332908,"date":"2020-10-16T11:36:27","date_gmt":"2020-10-16T09:36:27","guid":{"rendered":"https:\/\/laboklin.de\/leistungen\/infektionskrankheiten-erreger-und-antikoerpernachweise\/viren\/avipoxvirus\/"},"modified":"2025-01-29T13:21:34","modified_gmt":"2025-01-29T12:21:34","slug":"avipoxvirus","status":"publish","type":"page","link":"https:\/\/laboklin.de\/de-at\/leistungen\/infektionskrankheiten-erreger-und-antikoerpernachweise\/viren\/avipoxvirus\/","title":{"rendered":"Avipoxvirus"},"content":{"rendered":"<div class=\"wpb-content-wrapper\"><p>[vc_row][vc_column][vc_column_text]<h3>Leistungsspektrum<\/h3><div class=\"vc_tta-panels-container\"><div class=\"vc_tta-panels\"><li class=\"menu-item sub-page\"><a href=\"https:\/\/laboklin.de\/de-at\/leistungen\/infektionskrankheiten-erreger-und-antikoerpernachweise\/viren\/avipoxvirus\/avipoxvirus-pcr\/\">Pockenvirus (Avipoxvirus) - PCR<\/a><\/li><\/div><\/div>[\/vc_column_text][\/vc_column][\/vc_row][vc_row type=&#8220;vc_default&#8220; css=&#8220;.vc_custom_1603185877163{margin-top: 20px !important;}&#8220;][vc_column][vc_column_text css=&#8220;&#8220;]<div class=\"gap\" style=\"line-height: 20px; height: 20px;\"><\/div>Weitere Nachweism\u00f6glichkeit: <a href=\"https:\/\/laboklin.de\/de\/leistungen\/pathologie\/pathohistologie\/\">Histologie<\/a><\/p>\n<h3>Allgemeine Informationen<\/h3>\n<p>Avipoxviren sind normalerweise nur beim Vogel als Erreger der\u00a0<b><strong>Vogelpocken<\/strong><\/b>\u00a0bekannt. Sie kommen bei sehr vielen Vogelspezies vor. Die Empf\u00e4nglichkeit von Haus- und Wildv\u00f6geln f\u00fcr Avipoxinfektionen ist nur teilweise gekl\u00e4rt. Avipoxviren werden v.a. \u00fcber Insekten und Aerosole \u00fcbertragen. Zuchtv\u00f6gel infizieren sich auch \u00fcber kontaminierte Tiere oder Futter und m\u00f6glicherweise auch durch blutsaugende Parasiten. Eine Einschleppung in den Bestand erfolgt v.a. durch Zuk\u00e4ufe und nach Ausstellungen. Bei Wildv\u00f6geln erfolgt die Infektion zudem direkt durch gegenseitiges Schnabelhacken.<\/p>\n<p>Es gibt unterschiedliche Auspr\u00e4gungsformen. Die Hautform kommt am h\u00e4ufigsten vor und ist gekennzeichnet durch papul\u00f6se Effloreszenzen an unbefiederten Hautstellen (Augen, Schnabel, Kamm, untere Beine). Bei milden Formen entstehen oft gutartige Hauttumore (Kopf, St\u00e4nder) als Folge der langen Rekonvaleszenzzeit (Wochen\/Monate).<br \/>\nDie Schleimhautform zeichnet sich durch \u00e4hnliche L\u00e4sionen an den Schleimh\u00e4uten der Schnabelh\u00f6hle, Zunge, Pharynx, Larynx aus (Gefl\u00fcgelpocken\/-diphtherie). Bei der septik\u00e4mischen Form stehen Allgemeinsymptome wie gestr\u00e4ubtes Gefieder, Somnolenz, Zyanose und Appetitlosigkeit ohne \u00e4u\u00dfere Pockenl\u00e4sionen im Vordergrund. Avipox\u00adinfektionen sind meist nicht letal (Ausnahme\u00a0Kanarienpocken =&gt; meist t\u00f6dlich). Beim Nachweis von Avipoxviren besteht in Deutschland\u00a0<b><strong>Meldepflicht<\/strong><\/b>.[\/vc_column_text][\/vc_column][\/vc_row]<\/p>\n<\/div>","protected":false},"excerpt":{"rendered":"<p>[vc_row][vc_column][vc_column_text][\/vc_column_text][\/vc_column][\/vc_row][vc_row type=&#8220;vc_default&#8220; css=&#8220;.vc_custom_1603185877163{margin-top: 20px !important;}&#8220;][vc_column][vc_column_text css=&#8220;&#8220;]Weitere Nachweism\u00f6glichkeit: Histologie Allgemeine Informationen Avipoxviren sind normalerweise nur beim Vogel als Erreger der\u00a0Vogelpocken\u00a0bekannt. Sie kommen bei sehr vielen Vogelspezies vor. Die Empf\u00e4nglichkeit von Haus- und Wildv\u00f6geln f\u00fcr Avipoxinfektionen ist nur teilweise gekl\u00e4rt. Avipoxviren werden v.a. \u00fcber Insekten und Aerosole \u00fcbertragen. Zuchtv\u00f6gel infizieren sich auch \u00fcber kontaminierte Tiere oder Futter&hellip;<\/p>\n","protected":false},"author":1,"featured_media":0,"parent":1332773,"menu_order":30,"comment_status":"closed","ping_status":"closed","template":"","meta":{"_seopress_robots_primary_cat":"","_seopress_titles_title":"","_seopress_titles_desc":"","_seopress_robots_index":"","footnotes":""},"class_list":["post-1332908","page","type-page","status-publish","hentry","description-off"],"_links":{"self":[{"href":"https:\/\/laboklin.de\/de-at\/wp-json\/wp\/v2\/pages\/1332908","targetHints":{"allow":["GET"]}}],"collection":[{"href":"https:\/\/laboklin.de\/de-at\/wp-json\/wp\/v2\/pages"}],"about":[{"href":"https:\/\/laboklin.de\/de-at\/wp-json\/wp\/v2\/types\/page"}],"author":[{"embeddable":true,"href":"https:\/\/laboklin.de\/de-at\/wp-json\/wp\/v2\/users\/1"}],"replies":[{"embeddable":true,"href":"https:\/\/laboklin.de\/de-at\/wp-json\/wp\/v2\/comments?post=1332908"}],"version-history":[{"count":1,"href":"https:\/\/laboklin.de\/de-at\/wp-json\/wp\/v2\/pages\/1332908\/revisions"}],"predecessor-version":[{"id":1484772,"href":"https:\/\/laboklin.de\/de-at\/wp-json\/wp\/v2\/pages\/1332908\/revisions\/1484772"}],"up":[{"embeddable":true,"href":"https:\/\/laboklin.de\/de-at\/wp-json\/wp\/v2\/pages\/1332773"}],"wp:attachment":[{"href":"https:\/\/laboklin.de\/de-at\/wp-json\/wp\/v2\/media?parent=1332908"}],"curies":[{"name":"wp","href":"https:\/\/api.w.org\/{rel}","templated":true}]}}