{"id":1332892,"date":"2020-10-16T11:36:27","date_gmt":"2020-10-16T09:36:27","guid":{"rendered":"https:\/\/laboklin.de\/leistungen\/haematologie-klin-chemie-endokrinologie\/klinisch-chemische-parameter\/enzyme\/"},"modified":"2025-03-03T08:02:53","modified_gmt":"2025-03-03T07:02:53","slug":"enzyme","status":"publish","type":"page","link":"https:\/\/laboklin.de\/de-at\/leistungen\/haematologie-klin-chemie-endokrinologie\/klinisch-chemische-parameter\/enzyme\/","title":{"rendered":"Enzyme"},"content":{"rendered":"<div class=\"wpb-content-wrapper\"><p>[vc_row][vc_column][vc_column_text]<h3>Leistungsspektrum<\/h3><div class=\"vc_tta-panels-container\"><div class=\"vc_tta-panels\"><li class=\"menu-item sub-page\"><a href=\"https:\/\/laboklin.de\/de-at\/leistungen\/haematologie-klin-chemie-endokrinologie\/klinisch-chemische-parameter\/enzyme\/alt-gpt\/\">ALT (GPT)<\/a><\/li><li class=\"menu-item sub-page\"><a href=\"https:\/\/laboklin.de\/de-at\/leistungen\/haematologie-klin-chemie-endokrinologie\/klinisch-chemische-parameter\/enzyme\/ap-alkalische-phosphatase\/\">AP (alkalische Phosphatase)<\/a><\/li><li class=\"menu-item sub-page\"><a href=\"https:\/\/laboklin.de\/de-at\/leistungen\/haematologie-klin-chemie-endokrinologie\/klinisch-chemische-parameter\/enzyme\/ap-hitzestabil\/\">AP (hitzestabil)<\/a><\/li><li class=\"menu-item sub-page\"><a href=\"https:\/\/laboklin.de\/de-at\/leistungen\/haematologie-klin-chemie-endokrinologie\/klinisch-chemische-parameter\/enzyme\/ast-got\/\">AST (GOT)<\/a><\/li><li class=\"menu-item sub-page\"><a href=\"https:\/\/laboklin.de\/de-at\/leistungen\/haematologie-klin-chemie-endokrinologie\/klinisch-chemische-parameter\/enzyme\/cholinesterase\/\">Cholinesterase<\/a><\/li><li class=\"menu-item sub-page\"><a href=\"https:\/\/laboklin.de\/de-at\/leistungen\/haematologie-klin-chemie-endokrinologie\/klinisch-chemische-parameter\/enzyme\/ck-kreatinkinase\/\">CK (Kreatinkinase)<\/a><\/li><li class=\"menu-item sub-page\"><a href=\"https:\/\/laboklin.de\/de-at\/leistungen\/haematologie-klin-chemie-endokrinologie\/klinisch-chemische-parameter\/enzyme\/gldh-glutamatdehydrogenase\/\">GLDH (Glutamatdehydrogenase)<\/a><\/li><li class=\"menu-item sub-page\"><a href=\"https:\/\/laboklin.de\/de-at\/leistungen\/haematologie-klin-chemie-endokrinologie\/klinisch-chemische-parameter\/enzyme\/ldh-lactatdehydrogenase\/\">LDH (Lactatdehydrogenase)<\/a><\/li><li class=\"menu-item sub-page\"><a href=\"https:\/\/laboklin.de\/de-at\/leistungen\/haematologie-klin-chemie-endokrinologie\/klinisch-chemische-parameter\/enzyme\/lipase-dggr\/\">Lipase - DGGR <\/a><\/li><li class=\"menu-item sub-page\"><a href=\"https:\/\/laboklin.de\/de-at\/leistungen\/haematologie-klin-chemie-endokrinologie\/klinisch-chemische-parameter\/enzyme\/pli-pancreatic-lipase-immunoreactivity\/\">PLI (Pancreatic Lipase Immunoreactivity)<\/a><\/li><li class=\"menu-item sub-page\"><a href=\"https:\/\/laboklin.de\/de-at\/leistungen\/haematologie-klin-chemie-endokrinologie\/klinisch-chemische-parameter\/enzyme\/tli-test-trypsin-like-immunoreactivity\/\">TLI (Trypsin-like Immunoreactivity)<\/a><\/li><li class=\"menu-item sub-page\"><a href=\"https:\/\/laboklin.de\/de-at\/leistungen\/haematologie-klin-chemie-endokrinologie\/klinisch-chemische-parameter\/enzyme\/a-amylase\/\">\u03b1-Amylase<\/a><\/li><li class=\"menu-item sub-page\"><a href=\"https:\/\/laboklin.de\/de-at\/leistungen\/haematologie-klin-chemie-endokrinologie\/klinisch-chemische-parameter\/enzyme\/a-hbdh-a-hydroxybutyrat-dehydrogenase\/\">\u03b1-HBDH (\u03b1-Hydroxybutyrat-Dehydrogenase)<\/a><\/li><li class=\"menu-item sub-page\"><a href=\"https:\/\/laboklin.de\/de-at\/leistungen\/haematologie-klin-chemie-endokrinologie\/klinisch-chemische-parameter\/enzyme\/gt-glutamyl-transferase\/\">\u03b3-GT (\u03b3-Glutamyl-Transferase)<\/a><\/li><\/div><\/div>[\/vc_column_text][\/vc_column][\/vc_row][vc_row][vc_column][vc_column_text css=&#8220;.vc_custom_1740985248538{margin-top: 20px !important;}&#8220;]<\/p>\n<h3>Klinisch-chemische Parameter: Enzyme<\/h3>\n<p>Der Nachweis bzw. die gemessene Aktivit\u00e4t von spezifischen Enzymen ist ein wichtiger Teil der tiermedizinischen Laboruntersuchung. Laboklin bietet ein breites Spektrum an Enzymuntersuchungen. Diese Tests k\u00f6nnen Hinweise auf Organsch\u00e4den und bestimmte Krankheiten liefern. Sie k\u00f6nnen aber auch zur Verlaufskontrolle von Krankheiten oder Therapien eingesetzt werden.[\/vc_column_text][\/vc_column][\/vc_row]<\/p>\n<\/div>","protected":false},"excerpt":{"rendered":"<p>[vc_row][vc_column][vc_column_text][\/vc_column_text][\/vc_column][\/vc_row][vc_row][vc_column][vc_column_text css=&#8220;.vc_custom_1740985248538{margin-top: 20px !important;}&#8220;] Klinisch-chemische Parameter: Enzyme Der Nachweis bzw. die gemessene Aktivit\u00e4t von spezifischen Enzymen ist ein wichtiger Teil der tiermedizinischen Laboruntersuchung. Laboklin bietet ein breites Spektrum an Enzymuntersuchungen. Diese Tests k\u00f6nnen Hinweise auf Organsch\u00e4den und bestimmte Krankheiten liefern. Sie k\u00f6nnen aber auch zur Verlaufskontrolle von Krankheiten oder Therapien eingesetzt werden.[\/vc_column_text][\/vc_column][\/vc_row]<\/p>\n","protected":false},"author":1,"featured_media":0,"parent":1332754,"menu_order":0,"comment_status":"closed","ping_status":"closed","template":"","meta":{"_seopress_robots_primary_cat":"","_seopress_titles_title":"Der Enzymnachweis im Blut bei zahlreichen Tierarten","_seopress_titles_desc":"Verdacht auf Erkrankungen von Leber, Pankreas, Muskulatur? \u2013 Laboklin untersucht zahlreiche Enzyme im Blut verschiedener Tierarten schnell und zuverl\u00e4ssig.","_seopress_robots_index":"","footnotes":""},"class_list":["post-1332892","page","type-page","status-publish","hentry","description-off"],"_links":{"self":[{"href":"https:\/\/laboklin.de\/de-at\/wp-json\/wp\/v2\/pages\/1332892","targetHints":{"allow":["GET"]}}],"collection":[{"href":"https:\/\/laboklin.de\/de-at\/wp-json\/wp\/v2\/pages"}],"about":[{"href":"https:\/\/laboklin.de\/de-at\/wp-json\/wp\/v2\/types\/page"}],"author":[{"embeddable":true,"href":"https:\/\/laboklin.de\/de-at\/wp-json\/wp\/v2\/users\/1"}],"replies":[{"embeddable":true,"href":"https:\/\/laboklin.de\/de-at\/wp-json\/wp\/v2\/comments?post=1332892"}],"version-history":[{"count":3,"href":"https:\/\/laboklin.de\/de-at\/wp-json\/wp\/v2\/pages\/1332892\/revisions"}],"predecessor-version":[{"id":1511798,"href":"https:\/\/laboklin.de\/de-at\/wp-json\/wp\/v2\/pages\/1332892\/revisions\/1511798"}],"up":[{"embeddable":true,"href":"https:\/\/laboklin.de\/de-at\/wp-json\/wp\/v2\/pages\/1332754"}],"wp:attachment":[{"href":"https:\/\/laboklin.de\/de-at\/wp-json\/wp\/v2\/media?parent=1332892"}],"curies":[{"name":"wp","href":"https:\/\/api.w.org\/{rel}","templated":true}]}}