{"id":1332884,"date":"2020-10-16T11:36:27","date_gmt":"2020-10-16T09:36:27","guid":{"rendered":"https:\/\/laboklin.de\/leistungen\/haematologie-klin-chemie-endokrinologie\/haematologie\/gerinnung\/"},"modified":"2026-02-19T12:31:19","modified_gmt":"2026-02-19T11:31:19","slug":"gerinnung","status":"publish","type":"page","link":"https:\/\/laboklin.de\/de-at\/leistungen\/haematologie-klin-chemie-endokrinologie\/haematologie\/gerinnung\/","title":{"rendered":"Gerinnung"},"content":{"rendered":"<div class=\"wpb-content-wrapper\"><p>[vc_row][vc_column][vc_column_text]<h3>Leistungsspektrum<\/h3><div class=\"vc_tta-panels-container\"><div class=\"vc_tta-panels\"><li class=\"menu-item sub-page\"><a href=\"https:\/\/laboklin.de\/de-at\/leistungen\/haematologie-klin-chemie-endokrinologie\/haematologie\/gerinnung\/d-dimere\/\">D-Dimere<\/a><\/li><li class=\"menu-item sub-page\"><a href=\"https:\/\/laboklin.de\/de-at\/leistungen\/haematologie-klin-chemie-endokrinologie\/haematologie\/gerinnung\/dic-profil\/\">DIC-Profil<\/a><\/li><li class=\"menu-item sub-page\"><a href=\"https:\/\/laboklin.de\/de-at\/leistungen\/haematologie-klin-chemie-endokrinologie\/haematologie\/gerinnung\/faktor-ix\/\">Faktor IX<\/a><\/li><li class=\"menu-item sub-page\"><a href=\"https:\/\/laboklin.de\/de-at\/leistungen\/haematologie-klin-chemie-endokrinologie\/haematologie\/gerinnung\/faktor-viii\/\">Faktor VIII<\/a><\/li><li class=\"menu-item sub-page\"><a href=\"https:\/\/laboklin.de\/de-at\/leistungen\/haematologie-klin-chemie-endokrinologie\/haematologie\/gerinnung\/faktor-xi\/\">Faktor XI<\/a><\/li><li class=\"menu-item sub-page\"><a href=\"https:\/\/laboklin.de\/de-at\/leistungen\/haematologie-klin-chemie-endokrinologie\/haematologie\/gerinnung\/fibrinogen\/\">Fibrinogen<\/a><\/li><li class=\"menu-item sub-page\"><a href=\"https:\/\/laboklin.de\/de-at\/leistungen\/haematologie-klin-chemie-endokrinologie\/haematologie\/gerinnung\/gerinnung\/\">Gerinnung <\/a><\/li><li class=\"menu-item sub-page\"><a href=\"https:\/\/laboklin.de\/de-at\/leistungen\/haematologie-klin-chemie-endokrinologie\/haematologie\/gerinnung\/ptt-partielle-thromboplastinzeit\/\">PTT (Partielle Thromboplastinzeit)<\/a><\/li><li class=\"menu-item sub-page\"><a href=\"https:\/\/laboklin.de\/de-at\/leistungen\/haematologie-klin-chemie-endokrinologie\/haematologie\/gerinnung\/quick-test\/\">Quick-Test<\/a><\/li><li class=\"menu-item sub-page\"><a href=\"https:\/\/laboklin.de\/de-at\/leistungen\/haematologie-klin-chemie-endokrinologie\/haematologie\/gerinnung\/thrombinzeit\/\">Thrombinzeit<\/a><\/li><li class=\"menu-item sub-page\"><a href=\"https:\/\/laboklin.de\/de-at\/leistungen\/haematologie-klin-chemie-endokrinologie\/haematologie\/gerinnung\/thromboelastographie\/\">Thromboelastographie<\/a><\/li><li class=\"menu-item sub-page\"><a href=\"https:\/\/laboklin.de\/de-at\/leistungen\/haematologie-klin-chemie-endokrinologie\/haematologie\/gerinnung\/thrombozyten-antikoerper\/\">Thrombozyten-Antik\u00f6rper<\/a><\/li><li class=\"menu-item sub-page\"><a href=\"https:\/\/laboklin.de\/de-at\/leistungen\/haematologie-klin-chemie-endokrinologie\/haematologie\/gerinnung\/thrombozytopenie-profil-hund\/\">Thrombozytopenie-Profil (Hund)<\/a><\/li><li class=\"menu-item sub-page\"><a href=\"https:\/\/laboklin.de\/de-at\/leistungen\/haematologie-klin-chemie-endokrinologie\/haematologie\/gerinnung\/von-willebrand-antigen\/\">Von-Willebrand-Antigen<\/a><\/li><\/div><\/div>[\/vc_column_text][\/vc_column][\/vc_row][vc_row][vc_column][vc_column_text css=&#8220;.vc_custom_1604413185692{margin-top: 30px !important;}&#8220;]<\/p>\n<h3>Praxis-Test<\/h3>\n<p class=\"bodytext\"><b>Aktivierte Gerinnungszeit<\/b><\/p>\n<p class=\"bodytext\">Es handelt sich um einen Test, der in der eigenen Praxis durchgef\u00fchrt wird. Entsprechende R\u00f6hrchen (ACT-R\u00f6hrchen) k\u00f6nnen von\u00a0Laboklin gegen eine Geb\u00fchr bezogen werden. Bitte die mitgelieferte ausf\u00fchrliche Gebrauchsanweisung beachten.<\/p>\n<p>[\/vc_column_text][\/vc_column][\/vc_row][vc_row][vc_column][vc_column_text css=&#8220;.vc_custom_1771500650519{margin-top: 30px !important;}&#8220;]<\/p>\n<h3>Gerinnung<\/h3>\n<p>Gerinnungsst\u00f6rungen beruhen haupts\u00e4chlich auf einer zu niedrigen Thrombozytenazahl (Thrombozytopenie). Andere Ursachen k\u00f6nnen aber auch ein Faktorenmangel oder eine Faktorenfehlfunktion sein. Als Folge treten (multiple) Spontanblutungen oder Nachblutungen auf, die nur schlecht zum Stillstand kommen.<\/p>\n<p class=\"bodytext\">Valide Ergebnisse k\u00f6nnen nur erzielt werden, wenn das <strong>Verfallsdatum<\/strong> des <strong>Citratr\u00f6hrchens<\/strong> nicht \u00fcberschritten wurde und der <strong>F\u00fcllstand<\/strong> nach der Entnahme korrekt eingehalten wurde (n\u00e4here Infos in der Rubrik Pr\u00e4analytik: <a href=\"https:\/\/laboklin.de\/de-at\/fachinformationen\/praeanalytik\/blut-plasma-serumproben\/#1581887762192-7e387ca9-50822de7-add4\">Blut-, Plasma-, Serumproben<\/a>).<br \/>\nWichtig: Das abzentrifugierte <strong>Citrat-Plasma<\/strong> muss in ein <strong>unbeschichtetes R\u00f6hrchen ohne Gerinnungshemmer<\/strong> gegeben werden.<\/p>\n<p>Das<strong> Probenmaterial<\/strong> zur Bestimmung der <strong>Gerinnungsfaktoren<\/strong> sollte gefroren im Labor eintreffen, da Temperaturen im kritischen Bereich von 2 bis 6 \u00b0C eine K\u00e4lteaktivierung ausl\u00f6sen. Bitte beachten Sie hierzu die Hinweise zur pr\u00e4analytischen Handhabung, deren Einhaltung beim Transport gefrorener Proben f\u00fcr die Aufrechterhaltung des Gefrierzustandes unerl\u00e4sslich sind.[\/vc_column_text][\/vc_column][\/vc_row]<\/p>\n<\/div>","protected":false},"excerpt":{"rendered":"<p>[vc_row][vc_column][vc_column_text][\/vc_column_text][\/vc_column][\/vc_row][vc_row][vc_column][vc_column_text css=&#8220;.vc_custom_1604413185692{margin-top: 30px !important;}&#8220;] Praxis-Test Aktivierte Gerinnungszeit Es handelt sich um einen Test, der in der eigenen Praxis durchgef\u00fchrt wird. Entsprechende R\u00f6hrchen (ACT-R\u00f6hrchen) k\u00f6nnen von\u00a0Laboklin gegen eine Geb\u00fchr bezogen werden. Bitte die mitgelieferte ausf\u00fchrliche Gebrauchsanweisung beachten. [\/vc_column_text][\/vc_column][\/vc_row][vc_row][vc_column][vc_column_text css=&#8220;.vc_custom_1771500650519{margin-top: 30px !important;}&#8220;] Gerinnung Gerinnungsst\u00f6rungen beruhen haupts\u00e4chlich auf einer zu niedrigen Thrombozytenazahl (Thrombozytopenie). Andere Ursachen k\u00f6nnen aber auch&hellip;<\/p>\n","protected":false},"author":1,"featured_media":0,"parent":1332752,"menu_order":1,"comment_status":"closed","ping_status":"closed","template":"","meta":{"_seopress_robots_primary_cat":"","_seopress_titles_title":"Zahlreiche Tests zur \u00dcberpr\u00fcfung der Blutgerinnung","_seopress_titles_desc":"Auff\u00e4llige Spontan- oder Nachblutungen? \u2013 Informieren Sie sich hier \u00fcber die zahlreichen Tests zur Diagnostik von Blutgerinnungsst\u00f6rungen bei Laboklin","_seopress_robots_index":"","footnotes":""},"class_list":["post-1332884","page","type-page","status-publish","hentry","description-off"],"_links":{"self":[{"href":"https:\/\/laboklin.de\/de-at\/wp-json\/wp\/v2\/pages\/1332884","targetHints":{"allow":["GET"]}}],"collection":[{"href":"https:\/\/laboklin.de\/de-at\/wp-json\/wp\/v2\/pages"}],"about":[{"href":"https:\/\/laboklin.de\/de-at\/wp-json\/wp\/v2\/types\/page"}],"author":[{"embeddable":true,"href":"https:\/\/laboklin.de\/de-at\/wp-json\/wp\/v2\/users\/1"}],"replies":[{"embeddable":true,"href":"https:\/\/laboklin.de\/de-at\/wp-json\/wp\/v2\/comments?post=1332884"}],"version-history":[{"count":3,"href":"https:\/\/laboklin.de\/de-at\/wp-json\/wp\/v2\/pages\/1332884\/revisions"}],"predecessor-version":[{"id":1590626,"href":"https:\/\/laboklin.de\/de-at\/wp-json\/wp\/v2\/pages\/1332884\/revisions\/1590626"}],"up":[{"embeddable":true,"href":"https:\/\/laboklin.de\/de-at\/wp-json\/wp\/v2\/pages\/1332752"}],"wp:attachment":[{"href":"https:\/\/laboklin.de\/de-at\/wp-json\/wp\/v2\/media?parent=1332884"}],"curies":[{"name":"wp","href":"https:\/\/api.w.org\/{rel}","templated":true}]}}