{"id":1332838,"date":"2020-10-16T11:36:26","date_gmt":"2020-10-16T09:36:26","guid":{"rendered":"https:\/\/laboklin.de\/leistungen\/profile\/profile-screenings-kleinsaeuger-voegel-reptilien-fische\/pcr-profile\/"},"modified":"2025-01-27T12:14:59","modified_gmt":"2025-01-27T11:14:59","slug":"pcr-profile","status":"publish","type":"page","link":"https:\/\/laboklin.de\/de-at\/leistungen\/profile\/profile-screenings-kleinsaeuger-voegel-reptilien-fische\/pcr-profile\/","title":{"rendered":"PCR-Profile"},"content":{"rendered":"<h3>Leistungsspektrum<\/h3><div class=\"vc_tta-panels-container\"><div class=\"vc_tta-panels\"><li class=\"menu-item sub-page\"><a href=\"https:\/\/laboklin.de\/de-at\/leistungen\/profile\/profile-screenings-kleinsaeuger-voegel-reptilien-fische\/pcr-profile\/amphibie-haut-gross-pcr\/\">Amphibie: Haut gro\u00df - PCR<\/a><\/li><li class=\"menu-item sub-page\"><a href=\"https:\/\/laboklin.de\/de-at\/leistungen\/profile\/profile-screenings-kleinsaeuger-voegel-reptilien-fische\/pcr-profile\/amphibie-haut-klein-pcr\/\">Amphibie: Haut klein - PCR<\/a><\/li><li class=\"menu-item sub-page\"><a href=\"https:\/\/laboklin.de\/de-at\/leistungen\/profile\/profile-screenings-kleinsaeuger-voegel-reptilien-fische\/pcr-profile\/amphibie-quarantaene-froschlurch-pcr\/\">Amphibie: Quarant\u00e4ne (Froschlurch) - PCR<\/a><\/li><li class=\"menu-item sub-page\"><a href=\"https:\/\/laboklin.de\/de-at\/leistungen\/profile\/profile-screenings-kleinsaeuger-voegel-reptilien-fische\/pcr-profile\/amphibie-quarantaene-schwanzlurch-pcr\/\">Amphibie: Quarant\u00e4ne (Schwanzlurch) - PCR<\/a><\/li><li class=\"menu-item sub-page\"><a href=\"https:\/\/laboklin.de\/de-at\/leistungen\/profile\/profile-screenings-kleinsaeuger-voegel-reptilien-fische\/pcr-profile\/fische-koi-karpfen-profil-pcr\/\">Fische: Koi-Karpfen-Profil - PCR<\/a><\/li><li class=\"menu-item sub-page\"><a href=\"https:\/\/laboklin.de\/de-at\/leistungen\/profile\/profile-screenings-kleinsaeuger-voegel-reptilien-fische\/pcr-profile\/fische-koi-karpfen-profil-2-pcr\/\">Fische: Koi-Karpfen-Profil 2 - PCR<\/a><\/li><li class=\"menu-item sub-page\"><a href=\"https:\/\/laboklin.de\/de-at\/leistungen\/profile\/profile-screenings-kleinsaeuger-voegel-reptilien-fische\/pcr-profile\/fische-koi-karpfen-profil-gross-pcr\/\">Fische: Koi-Karpfen-Profil gro\u00df - PCR<\/a><\/li><li class=\"menu-item sub-page\"><a href=\"https:\/\/laboklin.de\/de-at\/leistungen\/profile\/profile-screenings-kleinsaeuger-voegel-reptilien-fische\/pcr-profile\/frettchen-atemwege-pcr\/\">Frettchen: Atemwege - PCR<\/a><\/li><li class=\"menu-item sub-page\"><a href=\"https:\/\/laboklin.de\/de-at\/leistungen\/profile\/profile-screenings-kleinsaeuger-voegel-reptilien-fische\/pcr-profile\/kaninchen-atemwege-kultur-pcr\/\">Kaninchen: Atemwege - Kultur + PCR<\/a><\/li><li class=\"menu-item sub-page\"><a href=\"https:\/\/laboklin.de\/de-at\/leistungen\/profile\/profile-screenings-kleinsaeuger-voegel-reptilien-fische\/pcr-profile\/maus-ratte-atemwege-pcr\/\">Ratte\/Maus: Atemwege - PCR<\/a><\/li><li class=\"menu-item sub-page\"><a href=\"https:\/\/laboklin.de\/de-at\/leistungen\/profile\/profile-screenings-kleinsaeuger-voegel-reptilien-fische\/pcr-profile\/meerschweinchen-atemwege-pcr\/\">Meerschweinchen: Atemwege - PCR<\/a><\/li><li class=\"menu-item sub-page\"><a href=\"https:\/\/laboklin.de\/de-at\/leistungen\/profile\/profile-screenings-kleinsaeuger-voegel-reptilien-fische\/pcr-profile\/reptilien-atemwege-neurologie-boa-pcr\/\">Reptilien: Atemwege\/Neurologie (Boa) - PCR<\/a><\/li><li class=\"menu-item sub-page\"><a href=\"https:\/\/laboklin.de\/de-at\/leistungen\/profile\/profile-screenings-kleinsaeuger-voegel-reptilien-fische\/pcr-profile\/reptilien-atemwege-neurologie-python-pcr\/\">Reptilien: Atemwege\/Neurologie (Python) - PCR<\/a><\/li><li class=\"menu-item sub-page\"><a href=\"https:\/\/laboklin.de\/de-at\/leistungen\/profile\/profile-screenings-kleinsaeuger-voegel-reptilien-fische\/pcr-profile\/reptilien-atemwege-gross-landschildkroete-pcr\/\">Reptilien: Atemwege gro\u00df (Landschildkr\u00f6te) - PCR<\/a><\/li><li class=\"menu-item sub-page\"><a href=\"https:\/\/laboklin.de\/de-at\/leistungen\/profile\/profile-screenings-kleinsaeuger-voegel-reptilien-fische\/pcr-profile\/reptilien-atemwege-klein-schildkroete-pcr\/\">Reptilien: Atemwege klein (Schildkr\u00f6te) - PCR<\/a><\/li><li class=\"menu-item sub-page\"><a href=\"https:\/\/laboklin.de\/de-at\/leistungen\/profile\/profile-screenings-kleinsaeuger-voegel-reptilien-fische\/pcr-profile\/reptilien-haut-echse-pcr\/\">Reptilien: Haut (Echse) - PCR<\/a><\/li><li class=\"menu-item sub-page\"><a href=\"https:\/\/laboklin.de\/de-at\/leistungen\/profile\/profile-screenings-kleinsaeuger-voegel-reptilien-fische\/pcr-profile\/reptilien-hibernations-check-gross-landschildkroete\/\">Reptilien: Hibernations-Check gro\u00df (Landschildkr\u00f6te)<\/a><\/li><li class=\"menu-item sub-page\"><a href=\"https:\/\/laboklin.de\/de-at\/leistungen\/profile\/profile-screenings-kleinsaeuger-voegel-reptilien-fische\/pcr-profile\/reptilien-hibernations-check-klein-landschildkroete\/\">Reptilien: Hibernations-Check klein (Landschildkr\u00f6te)<\/a><\/li><li class=\"menu-item sub-page\"><a href=\"https:\/\/laboklin.de\/de-at\/leistungen\/profile\/profile-screenings-kleinsaeuger-voegel-reptilien-fische\/pcr-profile\/reptilien-quarantaene-boa-python-pcr\/\">Reptilien: Quarant\u00e4ne (Boa, Python) - PCR<\/a><\/li><li class=\"menu-item sub-page\"><a href=\"https:\/\/laboklin.de\/de-at\/leistungen\/profile\/profile-screenings-kleinsaeuger-voegel-reptilien-fische\/pcr-profile\/reptilien-quarantaene-echse-pcr\/\">Reptilien: Quarant\u00e4ne (Echse) - PCR<\/a><\/li><li class=\"menu-item sub-page\"><a href=\"https:\/\/laboklin.de\/de-at\/leistungen\/profile\/profile-screenings-kleinsaeuger-voegel-reptilien-fische\/pcr-profile\/reptilien-quarantaene-landschildkroete\/\">Reptilien: Quarant\u00e4ne (Landschildkr\u00f6te)<\/a><\/li><li class=\"menu-item sub-page\"><a href=\"https:\/\/laboklin.de\/de-at\/leistungen\/profile\/profile-screenings-kleinsaeuger-voegel-reptilien-fische\/pcr-profile\/reptilien-quarantaene-natter-viper-pcr\/\">Reptilien: Quarant\u00e4ne (Natter, Viper) - PCR<\/a><\/li><li class=\"menu-item sub-page\"><a href=\"https:\/\/laboklin.de\/de-at\/leistungen\/profile\/profile-screenings-kleinsaeuger-voegel-reptilien-fische\/pcr-profile\/reptilien-wasserschildkroete\/\">Reptilien: Quarant\u00e4ne (Wasserschildkr\u00f6te)<\/a><\/li><li class=\"menu-item sub-page\"><a href=\"https:\/\/laboklin.de\/de-at\/leistungen\/profile\/profile-screenings-kleinsaeuger-voegel-reptilien-fische\/pcr-profile\/vogel-feder-papagei-pcr\/\">Vogel: Feder (Papagei) - PCR<\/a><\/li><li class=\"menu-item sub-page\"><a href=\"https:\/\/laboklin.de\/de-at\/leistungen\/profile\/profile-screenings-kleinsaeuger-voegel-reptilien-fische\/pcr-profile\/vogel-quarantaene-gross-papagei\/\">Vogel: Quarant\u00e4ne gro\u00df (Papagei) - PCR<\/a><\/li><li class=\"menu-item sub-page\"><a href=\"https:\/\/laboklin.de\/de-at\/leistungen\/profile\/profile-screenings-kleinsaeuger-voegel-reptilien-fische\/pcr-profile\/vogel-quarantaene-klein-papagei-pcr\/\">Vogel: Quarant\u00e4ne klein (Papagei) - PCR<\/a><\/li><li class=\"menu-item sub-page\"><a href=\"https:\/\/laboklin.de\/de-at\/leistungen\/profile\/profile-screenings-kleinsaeuger-voegel-reptilien-fische\/pcr-profile\/vogel-quarantaene-mittel-papagei-pcr\/\">Vogel: Quarant\u00e4ne mittel (Papagei) - PCR<\/a><\/li><li class=\"menu-item sub-page\"><a href=\"https:\/\/laboklin.de\/de-at\/leistungen\/profile\/profile-screenings-kleinsaeuger-voegel-reptilien-fische\/pcr-profile\/vogel-taube-pcr\/\">Vogel: Taube - PCR<\/a><\/li><li class=\"menu-item sub-page\"><a href=\"https:\/\/laboklin.de\/de-at\/leistungen\/profile\/profile-screenings-kleinsaeuger-voegel-reptilien-fische\/pcr-profile\/vogel-vector-borne\/\">Vogel: Vector-borne - PCR<\/a><\/li><\/div><\/div>\n","protected":false},"excerpt":{"rendered":"<p>LeistungsspektrumAmphibie: Haut gro\u00df &#8211; PCRAmphibie: Haut klein &#8211; PCRAmphibie: Quarant\u00e4ne (Froschlurch) &#8211; PCRAmphibie: Quarant\u00e4ne (Schwanzlurch) &#8211; PCRFische: Koi-Karpfen-Profil &#8211; PCRFische: Koi-Karpfen-Profil 2 &#8211; PCRFische: Koi-Karpfen-Profil gro\u00df &#8211; PCRFrettchen: Atemwege &#8211; PCRKaninchen: Atemwege &#8211; Kultur + PCRRatte\/Maus: Atemwege &#8211; PCRMeerschweinchen: Atemwege &#8211; PCRReptilien: Atemwege\/Neurologie (Boa) &#8211; PCRReptilien: Atemwege\/Neurologie (Python) &#8211; PCRReptilien: Atemwege gro\u00df (Landschildkr\u00f6te) &#8211; PCRReptilien:&hellip;<\/p>\n","protected":false},"author":1,"featured_media":0,"parent":1332738,"menu_order":2,"comment_status":"closed","ping_status":"closed","template":"","meta":{"_seopress_robots_primary_cat":"","_seopress_titles_title":"","_seopress_titles_desc":"","_seopress_robots_index":"","footnotes":""},"class_list":["post-1332838","page","type-page","status-publish","hentry","description-off"],"_links":{"self":[{"href":"https:\/\/laboklin.de\/de-at\/wp-json\/wp\/v2\/pages\/1332838","targetHints":{"allow":["GET"]}}],"collection":[{"href":"https:\/\/laboklin.de\/de-at\/wp-json\/wp\/v2\/pages"}],"about":[{"href":"https:\/\/laboklin.de\/de-at\/wp-json\/wp\/v2\/types\/page"}],"author":[{"embeddable":true,"href":"https:\/\/laboklin.de\/de-at\/wp-json\/wp\/v2\/users\/1"}],"replies":[{"embeddable":true,"href":"https:\/\/laboklin.de\/de-at\/wp-json\/wp\/v2\/comments?post=1332838"}],"version-history":[{"count":1,"href":"https:\/\/laboklin.de\/de-at\/wp-json\/wp\/v2\/pages\/1332838\/revisions"}],"predecessor-version":[{"id":1332841,"href":"https:\/\/laboklin.de\/de-at\/wp-json\/wp\/v2\/pages\/1332838\/revisions\/1332841"}],"up":[{"embeddable":true,"href":"https:\/\/laboklin.de\/de-at\/wp-json\/wp\/v2\/pages\/1332738"}],"wp:attachment":[{"href":"https:\/\/laboklin.de\/de-at\/wp-json\/wp\/v2\/media?parent=1332838"}],"curies":[{"name":"wp","href":"https:\/\/api.w.org\/{rel}","templated":true}]}}