{"id":1332832,"date":"2020-10-16T11:36:26","date_gmt":"2020-10-16T09:36:26","guid":{"rendered":"https:\/\/laboklin.de\/leistungen\/profile\/profile-screenings-kleintiere\/kotprofile\/"},"modified":"2025-11-25T11:59:11","modified_gmt":"2025-11-25T10:59:11","slug":"kotprofile-kleintiere","status":"publish","type":"page","link":"https:\/\/laboklin.de\/de-at\/leistungen\/profile\/profile-screenings-kleintiere\/kotprofile-kleintiere\/","title":{"rendered":"Kotprofile \u2013 Kleintiere"},"content":{"rendered":"<div class=\"wpb-content-wrapper\"><p>[vc_row][vc_column][vc_column_text]<h3>Leistungsspektrum<\/h3><div class=\"vc_tta-panels-container\"><div class=\"vc_tta-panels\"><li class=\"menu-item sub-page\"><a href=\"https:\/\/laboklin.de\/de-at\/leistungen\/profile\/profile-screenings-kleintiere\/kotprofile-kleintiere\/durchfallerreger-pcr\/\">Durchfallerreger - PCR<\/a><\/li><li class=\"menu-item sub-page\"><a href=\"https:\/\/laboklin.de\/de-at\/leistungen\/profile\/profile-screenings-kleintiere\/kotprofile-kleintiere\/durchfallerreger-humanpathogene-pcr\/\">Durchfallerreger, humanpathogene - PCR<\/a><\/li><li class=\"menu-item sub-page\"><a href=\"https:\/\/laboklin.de\/de-at\/leistungen\/profile\/profile-screenings-kleintiere\/kotprofile-kleintiere\/dysbioseanalyse\/\">Dysbioseanalyse<\/a><\/li><li class=\"menu-item sub-page\"><a href=\"https:\/\/laboklin.de\/de-at\/leistungen\/profile\/profile-screenings-kleintiere\/kotprofile-kleintiere\/dysbioseprofil\/\">Dysbioseprofil<\/a><\/li><li class=\"menu-item sub-page\"><a href=\"https:\/\/laboklin.de\/de-at\/leistungen\/profile\/profile-screenings-kleintiere\/kotprofile-kleintiere\/grosses-kotprofil\/\">Gro\u00dfes Kotprofil<\/a><\/li><li class=\"menu-item sub-page\"><a href=\"https:\/\/laboklin.de\/de-at\/leistungen\/profile\/profile-screenings-kleintiere\/kotprofile-kleintiere\/haemorrhagischer-durchfall-hund\/\">H\u00e4morrhagischer Durchfall (Hund)<\/a><\/li><li class=\"menu-item sub-page\"><a href=\"https:\/\/laboklin.de\/de-at\/leistungen\/profile\/profile-screenings-kleintiere\/kotprofile-kleintiere\/haemorrhagischer-durchfall-hund-2\/\">H\u00e4morrhagischer Durchfall (Hund)<\/a><\/li><li class=\"menu-item sub-page\"><a href=\"https:\/\/laboklin.de\/de-at\/leistungen\/profile\/profile-screenings-kleintiere\/kotprofile-kleintiere\/kleines-kotprofil\/\">Kleines Kotprofil<\/a><\/li><li class=\"menu-item sub-page\"><a href=\"https:\/\/laboklin.de\/de-at\/leistungen\/profile\/profile-screenings-kleintiere\/kotprofile-kleintiere\/kombi-kotprofil\/\">Kombi-Kotprofil<\/a><\/li><li class=\"menu-item sub-page\"><a href=\"https:\/\/laboklin.de\/de-at\/leistungen\/profile\/profile-screenings-kleintiere\/kotprofile-kleintiere\/kotprofil-barf\/\">Kotprofil BARF<\/a><\/li><li class=\"menu-item sub-page\"><a href=\"https:\/\/laboklin.de\/de-at\/leistungen\/profile\/profile-screenings-kleintiere\/kotprofile-kleintiere\/kotprofil-pathogene-keime\/\">Kotprofil pathogene Keime<\/a><\/li><li class=\"menu-item sub-page\"><a href=\"https:\/\/laboklin.de\/de-at\/leistungen\/profile\/profile-screenings-kleintiere\/kotprofile-kleintiere\/kotprofil-welpen\/\">Kotprofil Welpen<\/a><\/li><li class=\"menu-item sub-page\"><a href=\"https:\/\/laboklin.de\/de-at\/leistungen\/profile\/profile-screenings-kleintiere\/kotprofile-kleintiere\/parasitenprofil\/\">Parasitenprofil (Hund, Katze)<\/a><\/li><li class=\"menu-item sub-page\"><a href=\"https:\/\/laboklin.de\/de-at\/leistungen\/profile\/profile-screenings-kleintiere\/kotprofile-kleintiere\/parasitenprofil-katze\/\">Parasitenprofil gro\u00df (Katze)<\/a><\/li><li class=\"menu-item sub-page\"><a href=\"https:\/\/laboklin.de\/de-at\/leistungen\/profile\/profile-screenings-kleintiere\/kotprofile-kleintiere\/virologisches-kotprofil-eia\/\">Virologisches Kotprofil<\/a><\/li><\/div><\/div>[\/vc_column_text][\/vc_column][\/vc_row][vc_row][vc_column][vc_column_text css=&#8220;.vc_custom_1611740188792{margin-top: 40px !important;}&#8220;]<\/p>\n<h3>Allgemeine Informationen<\/h3>\n<p>Bei der <b><strong>kulturellen <\/strong><\/b>bakteriologischen Untersuchung erfolgt die Keimdifferenzierung mittels <b><strong>MALDI-TOF<\/strong><\/b>.<\/p>\n<p>Wenn erforderlich werden als zus\u00e4tzliche (kostenpflichtige) Leistungen eine <b><strong>serologische <\/strong><\/b><b><strong>Keimdifferenzierun<\/strong><\/b>g (z.B. Salmonellen) und die Erstellung eines <b><strong>Antibiogramms<\/strong><\/b> angeschlossen.<\/p>\n<p>Kotprofile, bei denen alle Parameter mittels Polymerase-Kettenreaktion (PCR) untersucht werden, sind als <b><strong>PCR-Profile<\/strong><\/b> gekennzeichnet.[\/vc_column_text][\/vc_column][\/vc_row]<\/p>\n<\/div>","protected":false},"excerpt":{"rendered":"<p>Kotprofile f\u00fcr Kleintiere mit bakteriologischer und mykologischer Untersuchung, PCR-Profile und umfassende Keimdifferenzierung f\u00fcr gesunde Diagnostik.<\/p>\n","protected":false},"author":1,"featured_media":0,"parent":1332736,"menu_order":6,"comment_status":"closed","ping_status":"closed","template":"","meta":{"_seopress_robots_primary_cat":"","_seopress_titles_title":"Bakteriologische Untersuchung und Keimdifferenzierung","_seopress_titles_desc":"Erfahre mehr \u00fcber die kulturelle bakteriologische Untersuchung, Keimdifferenzierung mit MALDI-TOF und PCR-Profile f\u00fcr pr\u00e4zise Diagnostik.","_seopress_robots_index":"","footnotes":""},"class_list":["post-1332832","page","type-page","status-publish","hentry","description-off"],"_links":{"self":[{"href":"https:\/\/laboklin.de\/de-at\/wp-json\/wp\/v2\/pages\/1332832","targetHints":{"allow":["GET"]}}],"collection":[{"href":"https:\/\/laboklin.de\/de-at\/wp-json\/wp\/v2\/pages"}],"about":[{"href":"https:\/\/laboklin.de\/de-at\/wp-json\/wp\/v2\/types\/page"}],"author":[{"embeddable":true,"href":"https:\/\/laboklin.de\/de-at\/wp-json\/wp\/v2\/users\/1"}],"replies":[{"embeddable":true,"href":"https:\/\/laboklin.de\/de-at\/wp-json\/wp\/v2\/comments?post=1332832"}],"version-history":[{"count":1,"href":"https:\/\/laboklin.de\/de-at\/wp-json\/wp\/v2\/pages\/1332832\/revisions"}],"predecessor-version":[{"id":1574800,"href":"https:\/\/laboklin.de\/de-at\/wp-json\/wp\/v2\/pages\/1332832\/revisions\/1574800"}],"up":[{"embeddable":true,"href":"https:\/\/laboklin.de\/de-at\/wp-json\/wp\/v2\/pages\/1332736"}],"wp:attachment":[{"href":"https:\/\/laboklin.de\/de-at\/wp-json\/wp\/v2\/media?parent=1332832"}],"curies":[{"name":"wp","href":"https:\/\/api.w.org\/{rel}","templated":true}]}}