{"id":1332813,"date":"2021-02-02T09:33:24","date_gmt":"2021-02-02T08:33:24","guid":{"rendered":"https:\/\/laboklin.de\/leistungen\/wasseruntersuchungen\/traenkwasser\/"},"modified":"2021-02-02T09:33:24","modified_gmt":"2021-02-02T08:33:24","slug":"traenkwasser","status":"publish","type":"page","link":"https:\/\/laboklin.de\/de-at\/leistungen\/wasseruntersuchungen\/traenkwasser\/","title":{"rendered":"Tr\u00e4nkwasser"},"content":{"rendered":"<div class=\"wpb-content-wrapper\"><p>[vc_row type=&#8220;vc_default&#8220;][vc_column][vc_column_text]<div class=\"vc_tta-panels-container\"><div class=\"vc_tta-panels\"><li class=\"menu-item sub-page\"><a href=\"https:\/\/laboklin.de\/de-at\/leistungen\/wasseruntersuchungen\/traenkwasser\/traenkwasser-profile-chemische-und-physiko-chemische\/\">Tr\u00e4nkwasser-Profile, chemische und physiko-chemische<\/a><\/li><li class=\"menu-item sub-page\"><a href=\"https:\/\/laboklin.de\/de-at\/leistungen\/wasseruntersuchungen\/traenkwasser\/traenkwasser-profile-mikrobiologische\/\">Tr\u00e4nkwasser-Profile, mikrobiologische<\/a><\/li><li class=\"menu-item sub-page\"><a href=\"https:\/\/laboklin.de\/de-at\/leistungen\/wasseruntersuchungen\/traenkwasser\/traenkwasser-mikrobiologische-einzelparameter\/\">Tr\u00e4nkwasser - mikrobiologische Einzelparameter<\/a><\/li><\/div><\/div>[\/vc_column_text][\/vc_column][\/vc_row][vc_row][vc_column][vc_column_text]<div class=\"gap\" style=\"line-height: 20px; height: 20px;\"><\/div>\n<p>Sofern kein Trinkwasser vertr\u00e4nkt wird, ist eine routinem\u00e4\u00dfige Wasseruntersuchung mindestens einmal j\u00e4hrlich empfehlenswert. Absolut notwendig ist sie sp\u00e4testens bei Verdacht auf Verunreinigungen. Zu beachten ist, dass Wasser im Laufe des Jahres Ver\u00e4nderungen unterliegt. Wichtige Einflussfaktoren sind hierbei vor allem Niederschlagsmengen, Temperatur und Grundwasserspiegel.<\/p>\n<p>Die Untersuchung kann je nach gew\u00e4hltem Profil folgende Parameter umfassen:<\/p>\n<ul>\n<li>Mikrobiologische Parameter<\/li>\n<li>Physiko-chemische Parameter (pH-Wert, elektrische Leitf\u00e4higkeit, l\u00f6sliche Salze, Oxidierbarkeit)<\/li>\n<li>Chemische Parameter (Nitrat, Nitrit, Ammonium, Kupfer, Zink, Fluorid, Natrium, Chlorid, Kalium, Sulfat)<\/li>\n<li>Toxische Parameter (Blei, Arsen, Cadmium, Quecksilber)<\/li>\n<li>Technologisch st\u00f6rende Parameter (Calcium, Mangan und Eisen)<\/li>\n<\/ul>\n<p>Welche Untersuchungsparameter f\u00fcr die jeweilige Tierhaltung wichtig sind, h\u00e4ngt auch von vielen haltungsspezifischen Faktoren (geographische Lage, Industrien\u00e4he, Intensit\u00e4t der Landwirtschaft, Tr\u00e4nketechnik, Art der Wasserquelle etc.) ab. Hier stehen wir sehr gerne f\u00fcr eine pers\u00f6nliche Beratung bereit.<\/p>\n<p>Informationen zur Probenahme und zum Transport finden Sie in der Rubrik<a href=\"https:\/\/laboklin.de\/fachinformationen\/praeanalytik\/wasseruntersuchung\/\"> Pr\u00e4analytik\/Wasseruntersuchung.<\/a>[\/vc_column_text][\/vc_column][\/vc_row]<\/p>\n<\/div>","protected":false},"excerpt":{"rendered":"<p>[vc_row type=&#8220;vc_default&#8220;][vc_column][vc_column_text][\/vc_column_text][\/vc_column][\/vc_row][vc_row][vc_column][vc_column_text] Sofern kein Trinkwasser vertr\u00e4nkt wird, ist eine routinem\u00e4\u00dfige Wasseruntersuchung mindestens einmal j\u00e4hrlich empfehlenswert. Absolut notwendig ist sie sp\u00e4testens bei Verdacht auf Verunreinigungen. Zu beachten ist, dass Wasser im Laufe des Jahres Ver\u00e4nderungen unterliegt. Wichtige Einflussfaktoren sind hierbei vor allem Niederschlagsmengen, Temperatur und Grundwasserspiegel. Die Untersuchung kann je nach gew\u00e4hltem Profil folgende Parameter umfassen:&hellip;<\/p>\n","protected":false},"author":1,"featured_media":0,"parent":1332670,"menu_order":1,"comment_status":"closed","ping_status":"closed","template":"","meta":{"_seopress_robots_primary_cat":"","_seopress_titles_title":"","_seopress_titles_desc":"","_seopress_robots_index":"","footnotes":""},"class_list":["post-1332813","page","type-page","status-publish","hentry","description-off"],"_links":{"self":[{"href":"https:\/\/laboklin.de\/de-at\/wp-json\/wp\/v2\/pages\/1332813","targetHints":{"allow":["GET"]}}],"collection":[{"href":"https:\/\/laboklin.de\/de-at\/wp-json\/wp\/v2\/pages"}],"about":[{"href":"https:\/\/laboklin.de\/de-at\/wp-json\/wp\/v2\/types\/page"}],"author":[{"embeddable":true,"href":"https:\/\/laboklin.de\/de-at\/wp-json\/wp\/v2\/users\/1"}],"replies":[{"embeddable":true,"href":"https:\/\/laboklin.de\/de-at\/wp-json\/wp\/v2\/comments?post=1332813"}],"version-history":[{"count":0,"href":"https:\/\/laboklin.de\/de-at\/wp-json\/wp\/v2\/pages\/1332813\/revisions"}],"up":[{"embeddable":true,"href":"https:\/\/laboklin.de\/de-at\/wp-json\/wp\/v2\/pages\/1332670"}],"wp:attachment":[{"href":"https:\/\/laboklin.de\/de-at\/wp-json\/wp\/v2\/media?parent=1332813"}],"curies":[{"name":"wp","href":"https:\/\/api.w.org\/{rel}","templated":true}]}}