{"id":1332797,"date":"2020-10-16T11:36:27","date_gmt":"2020-10-16T09:36:27","guid":{"rendered":"https:\/\/laboklin.de\/leistungen\/pathologie\/zytologie\/"},"modified":"2025-03-13T09:26:47","modified_gmt":"2025-03-13T08:26:47","slug":"zytologie","status":"publish","type":"page","link":"https:\/\/laboklin.de\/de-at\/leistungen\/pathologie\/zytologie\/","title":{"rendered":"Zytologie"},"content":{"rendered":"<div class=\"wpb-content-wrapper\"><p>[vc_row][vc_column][vc_column_text]<h3>Leistungsspektrum<\/h3><div class=\"vc_tta-panels-container\"><div class=\"vc_tta-panels\"><li class=\"menu-item sub-page\"><a href=\"https:\/\/laboklin.de\/de-at\/leistungen\/pathologie\/zytologie\/bal-profil\/\">BAL-Profil <\/a><\/li><li class=\"menu-item sub-page\"><a href=\"https:\/\/laboklin.de\/de-at\/leistungen\/pathologie\/zytologie\/bauchhoehlenerguss-fip\/\">K\u00f6rperh\u00f6hlenerguss FIP (Brust-, Bauchh\u00f6hlenerguss)<\/a><\/li><li class=\"menu-item sub-page\"><a href=\"https:\/\/laboklin.de\/de-at\/leistungen\/pathologie\/zytologie\/punktat-brust-bauchhoehle-zytologie-klinische-chemie\/\">K\u00f6rperh\u00f6hlenerguss (Brust-, Bauchh\u00f6hle) - Zytologie + klinische Chemie<\/a><\/li><li class=\"menu-item sub-page\"><a href=\"https:\/\/laboklin.de\/de-at\/leistungen\/pathologie\/zytologie\/knochenmarkszytologie\/\">Knochenmarkszytologie<\/a><\/li><li class=\"menu-item sub-page\"><a href=\"https:\/\/laboklin.de\/de-at\/leistungen\/pathologie\/zytologie\/liquor-zytologie-klinische-chemie\/\">Liquor - Zytologie + klinische Chemie<\/a><\/li><li class=\"menu-item sub-page\"><a href=\"https:\/\/laboklin.de\/de-at\/leistungen\/pathologie\/zytologie\/synovia-zytologie-klinische-chemie\/\">Synovia - Zytologie + klinische Chemie<\/a><\/li><li class=\"menu-item sub-page\"><a href=\"https:\/\/laboklin.de\/de-at\/leistungen\/pathologie\/zytologie\/zytologie\/\">Zytologie<\/a><\/li><\/div><\/div>[\/vc_column_text][\/vc_column][\/vc_row][vc_row][vc_column css=&#8220;.vc_custom_1740124543363{margin-top: 20px !important;}&#8220;][vc_column_text css=&#8220;&#8220;]<\/p>\n<h3>Zytologische Untersuchung<\/h3>\n<p>Im Rahmen der zytologischen Untersuchung werden einzelne, aus dem Gewebeverband losgel\u00f6ste Zellen mikroskopisch beurteilt. Das Probenmaterial stammt hierbei aus Punktaten (z.B. Erg\u00fcsse, Aszites, Synovia, Liquor), Lavagen, Abklatsch-\/Abstrichpr\u00e4paraten oder Feinnadelaspirationen. Eine Kombination der zytologischen mit mikrobiologischen und klinisch-chemischen Untersuchungen ist m\u00f6glich.<\/p>\n<p>Eine schnelle Befundung digitaler Bilder von zytologischen Pr\u00e4paraten kann \u00fcber den passwortgesch\u00fctzten Bereich unserer Webseite \u201e<a href=\"https:\/\/app.laboklin.com\/imageAnalysis\">Mein Labor<\/a>\u201c\u00a0erfolgen. Den Befund erhalten Sie gew\u00f6hnlich am gleichen Tag.[\/vc_column_text][\/vc_column][\/vc_row]<\/p>\n<\/div>","protected":false},"excerpt":{"rendered":"<p>[vc_row][vc_column][vc_column_text][\/vc_column_text][\/vc_column][\/vc_row][vc_row][vc_column css=&#8220;.vc_custom_1740124543363{margin-top: 20px !important;}&#8220;][vc_column_text css=&#8220;&#8220;] Zytologische Untersuchung Im Rahmen der zytologischen Untersuchung werden einzelne, aus dem Gewebeverband losgel\u00f6ste Zellen mikroskopisch beurteilt. Das Probenmaterial stammt hierbei aus Punktaten (z.B. Erg\u00fcsse, Aszites, Synovia, Liquor), Lavagen, Abklatsch-\/Abstrichpr\u00e4paraten oder Feinnadelaspirationen. Eine Kombination der zytologischen mit mikrobiologischen und klinisch-chemischen Untersuchungen ist m\u00f6glich. Eine schnelle Befundung digitaler Bilder von zytologischen Pr\u00e4paraten&hellip;<\/p>\n","protected":false},"author":1,"featured_media":0,"parent":1332661,"menu_order":2,"comment_status":"closed","ping_status":"closed","template":"","meta":{"_seopress_robots_primary_cat":"","_seopress_titles_title":"Zytologie: Untersuchung von Punktat, Lavage, Abklatsch","_seopress_titles_desc":"Zytologie bei Laboklin - Beurteilung von BAL, Erguss, Knochenmark, Liquor, Synovia sowie Feinnadelaspirat vom Tier, auch digital zur Schnellbefundung","_seopress_robots_index":"","footnotes":""},"class_list":["post-1332797","page","type-page","status-publish","hentry","description-off"],"_links":{"self":[{"href":"https:\/\/laboklin.de\/de-at\/wp-json\/wp\/v2\/pages\/1332797","targetHints":{"allow":["GET"]}}],"collection":[{"href":"https:\/\/laboklin.de\/de-at\/wp-json\/wp\/v2\/pages"}],"about":[{"href":"https:\/\/laboklin.de\/de-at\/wp-json\/wp\/v2\/types\/page"}],"author":[{"embeddable":true,"href":"https:\/\/laboklin.de\/de-at\/wp-json\/wp\/v2\/users\/1"}],"replies":[{"embeddable":true,"href":"https:\/\/laboklin.de\/de-at\/wp-json\/wp\/v2\/comments?post=1332797"}],"version-history":[{"count":8,"href":"https:\/\/laboklin.de\/de-at\/wp-json\/wp\/v2\/pages\/1332797\/revisions"}],"predecessor-version":[{"id":1510230,"href":"https:\/\/laboklin.de\/de-at\/wp-json\/wp\/v2\/pages\/1332797\/revisions\/1510230"}],"up":[{"embeddable":true,"href":"https:\/\/laboklin.de\/de-at\/wp-json\/wp\/v2\/pages\/1332661"}],"wp:attachment":[{"href":"https:\/\/laboklin.de\/de-at\/wp-json\/wp\/v2\/media?parent=1332797"}],"curies":[{"name":"wp","href":"https:\/\/api.w.org\/{rel}","templated":true}]}}